{"id":84,"date":"2024-02-27T12:15:49","date_gmt":"2024-02-27T11:15:49","guid":{"rendered":"https:\/\/dig-hum.sjstudios.eu\/?page_id=84"},"modified":"2024-12-02T19:56:39","modified_gmt":"2024-12-02T18:56:39","slug":"dhd-mailingliste","status":"publish","type":"page","link":"https:\/\/digitalhumanities.de\/en\/dhd-mailingliste\/","title":{"rendered":"DHd mailing list"},"content":{"rendered":"<div data-elementor-type=\"wp-page\" data-elementor-id=\"84\" class=\"elementor elementor-84\" data-elementor-post-type=\"page\">\n\t\t\t\t<div class=\"elementor-element elementor-element-3a1f00d6 e-flex e-con-boxed e-con e-parent\" data-id=\"3a1f00d6\" data-element_type=\"container\" data-e-type=\"container\">\n\t\t\t\t\t<div class=\"e-con-inner\">\n\t\t\t\t<div class=\"elementor-element elementor-element-4070aab4 elementor-widget__width-initial elementor-widget-mobile__width-initial elementor-widget-tablet__width-initial elementor-widget elementor-widget-heading\" data-id=\"4070aab4\" data-element_type=\"widget\" data-e-type=\"widget\" data-widget_type=\"heading.default\">\n\t\t\t\t<div class=\"elementor-widget-container\">\n\t\t\t\t\t<h1 class=\"elementor-heading-title elementor-size-default\">DHd mailing list<\/h1>\t\t\t\t<\/div>\n\t\t\t\t<\/div>\n\t\t\t\t<div class=\"elementor-element elementor-element-02b33ac elementor-widget__width-initial elementor-widget-mobile__width-initial elementor-widget-tablet__width-initial elementor-widget elementor-widget-text-editor\" data-id=\"02b33ac\" data-element_type=\"widget\" data-e-type=\"widget\" data-widget_type=\"text-editor.default\">\n\t\t\t\t<div class=\"elementor-widget-container\">\n\t\t\t\t\t\t\t\t\t<div class=\"region region-content\"><div id=\"block-system-main\" class=\"block block-system\"><div class=\"content\"><div id=\"node-215\" class=\"node node-page\"><div class=\"content clearfix\"><div class=\"field field-name-body field-type-text-with-summary field-label-hidden\"><div class=\"field-items\"><div class=\"field-item even\"><p>Um die DHd-Mailingliste nutzen zu k\u00f6nnen, registrieren Sie sich bitte unter &#8222;DHd-Mailingliste abonnieren&#8220;. (Es ist nur die Angabe einer E-Mail-Adresse notwendig.)<\/p><p>Nach der Registrierung sollten Sie zeitnah eine Best\u00e4tigungsemail mit einem Aktivierungslink erhalten. Ist das nicht der Fall, versuchen Sie bitte, sich noch einmal \u00fcber das Formular anzumelden oder kontaktieren Sie den Administrator der Mailingliste unter <a href=\"mailto:dhd-owner@mailman.rrz.uni-hamburg.de\">dhd-owner@mailman.rrz.uni-hamburg.de<\/a> .<\/p><p>Nach Ihrer Registrierung k\u00f6nnen Sie Inhalte (z.B. Call for Papers, Infos zu neuen Studieng\u00e4ngen, Publikationen) mit der DHd-Community teilen. Dazu senden Sie eine E-Mail mit dem entsprechenden Inhalt an die Adresse <a href=\"mailto:DHd@mailman.rrz.uni-hamburg.de\">DHd@mailman.rrz.uni-hamburg.de<\/a> . Nach einer Pr\u00fcfung wird die Nachricht von den Moderatoren freigeschaltet und an alle Mitglieder der Liste versendet.<\/p><p>Um Ihre Einstellungen zu ver\u00e4ndern oder die Mailingliste abzubestellen, besuchen Sie bitte <a href=\"http:\/\/mailman.rrz.uni-hamburg.de\/mailman\/listinfo\/dhd\">diese Seite<\/a> und melden sich dort mit Ihren Daten an.<\/p><\/div><\/div><\/div><\/div><\/div><\/div><\/div><\/div>\t\t\t\t\t\t\t\t<\/div>\n\t\t\t\t<\/div>\n\t\t<div class=\"elementor-element elementor-element-f89afdd e-con-full e-flex e-con e-child\" data-id=\"f89afdd\" data-element_type=\"container\" data-e-type=\"container\">\n\t\t<div class=\"elementor-element elementor-element-38a0805 e-flex e-con-boxed e-con e-child\" data-id=\"38a0805\" data-element_type=\"container\" data-e-type=\"container\">\n\t\t\t\t\t<div class=\"e-con-inner\">\n\t\t\t\t<div class=\"elementor-element elementor-element-6a9201a elementor-widget elementor-widget-heading\" data-id=\"6a9201a\" data-element_type=\"widget\" data-e-type=\"widget\" data-widget_type=\"heading.default\">\n\t\t\t\t<div class=\"elementor-widget-container\">\n\t\t\t\t\t<h2 class=\"elementor-heading-title elementor-size-default\">DHd-Mailingliste abonnieren<\/h2>\t\t\t\t<\/div>\n\t\t\t\t<\/div>\n\t\t\t\t<div class=\"elementor-element elementor-element-a85522f elementor-widget elementor-widget-text-editor\" data-id=\"a85522f\" data-element_type=\"widget\" data-e-type=\"widget\" data-widget_type=\"text-editor.default\">\n\t\t\t\t<div class=\"elementor-widget-container\">\n\t\t\t\t\t\t\t\t\t<p>Wenn Sie sich zur Mailingliste anmelden m\u00f6chten, schreiben Sie bitte eine E-Mail an unsere Communication Fellow Vivien Wolter <strong>(communication-fellow@digitalhumanities.de)<\/strong>. Wir tragen Sie dann gerne manuell in die Liste ein.<\/p><p>Wir arbeiten daran, die selbst\u00e4ndige Registrierung so bald wie m\u00f6glich wieder verf\u00fcgbar zu machen. Vielen Dank f\u00fcr Ihr Verst\u00e4ndnis!<\/p>\t\t\t\t\t\t\t\t<\/div>\n\t\t\t\t<\/div>\n\t\t\t\t\t<\/div>\n\t\t\t\t<\/div>\n\t\t\t\t<\/div>\n\t\t\t\t\t<\/div>\n\t\t\t\t<\/div>\n\t\t\t\t<\/div>","protected":false},"excerpt":{"rendered":"<p>Um die DHd-Mailingliste nutzen zu k\u00f6nnen, registrieren Sie sich bitte unter &#8222;DHd-Mailingliste abonnieren&#8220;. (Es ist nur die Angabe einer E-Mail-Adresse notwendig.) Nach der Registrierung sollten Sie zeitnah eine Best\u00e4tigungsemail mit einem Aktivierungslink erhalten. Ist das nicht der Fall, versuchen Sie bitte, sich noch einmal \u00fcber das Formular anzumelden oder kontaktieren Sie den Administrator der Mailingliste [&hellip;]<\/p>\n","protected":false},"author":1,"featured_media":0,"parent":0,"menu_order":0,"comment_status":"closed","ping_status":"closed","template":"","meta":{"_acf_changed":false,"footnotes":""},"categories":[],"tags":[],"class_list":["post-84","page","type-page","status-publish","hentry"],"acf":[],"_links":{"self":[{"href":"https:\/\/digitalhumanities.de\/en\/wp-json\/wp\/v2\/pages\/84","targetHints":{"allow":["GET"]}}],"collection":[{"href":"https:\/\/digitalhumanities.de\/en\/wp-json\/wp\/v2\/pages"}],"about":[{"href":"https:\/\/digitalhumanities.de\/en\/wp-json\/wp\/v2\/types\/page"}],"author":[{"embeddable":true,"href":"https:\/\/digitalhumanities.de\/en\/wp-json\/wp\/v2\/users\/1"}],"replies":[{"embeddable":true,"href":"https:\/\/digitalhumanities.de\/en\/wp-json\/wp\/v2\/comments?post=84"}],"version-history":[{"count":67,"href":"https:\/\/digitalhumanities.de\/en\/wp-json\/wp\/v2\/pages\/84\/revisions"}],"predecessor-version":[{"id":5100,"href":"https:\/\/digitalhumanities.de\/en\/wp-json\/wp\/v2\/pages\/84\/revisions\/5100"}],"wp:attachment":[{"href":"https:\/\/digitalhumanities.de\/en\/wp-json\/wp\/v2\/media?parent=84"}],"wp:term":[{"taxonomy":"category","embeddable":true,"href":"https:\/\/digitalhumanities.de\/en\/wp-json\/wp\/v2\/categories?post=84"},{"taxonomy":"post_tag","embeddable":true,"href":"https:\/\/digitalhumanities.de\/en\/wp-json\/wp\/v2\/tags?post=84"}],"curies":[{"name":"wp","href":"https:\/\/api.w.org\/{rel}","templated":true}]}}