{"id":3883,"date":"2024-05-14T10:35:09","date_gmt":"2024-05-14T08:35:09","guid":{"rendered":"https:\/\/dig-hum.sjstudios.eu\/?page_id=3883"},"modified":"2024-06-27T10:57:49","modified_gmt":"2024-06-27T08:57:49","slug":"newswall","status":"publish","type":"page","link":"https:\/\/digitalhumanities.de\/en\/newswall\/","title":{"rendered":"Newswall"},"content":{"rendered":"<div data-elementor-type=\"wp-page\" data-elementor-id=\"3883\" class=\"elementor elementor-3883\" data-elementor-post-type=\"page\">\n\t\t\t\t<div class=\"elementor-element elementor-element-3d96f846 e-flex e-con-boxed e-con e-parent\" data-id=\"3d96f846\" data-element_type=\"container\" data-e-type=\"container\">\n\t\t\t\t\t<div class=\"e-con-inner\">\n\t\t\t\t<div class=\"elementor-element elementor-element-2ccc16 elementor-widget__width-initial elementor-widget-mobile__width-initial elementor-widget elementor-widget-heading\" data-id=\"2ccc16\" data-element_type=\"widget\" data-e-type=\"widget\" data-widget_type=\"heading.default\">\n\t\t\t\t<div class=\"elementor-widget-container\">\n\t\t\t\t\t<h1 class=\"elementor-heading-title elementor-size-default\">Newswall<\/h1>\t\t\t\t<\/div>\n\t\t\t\t<\/div>\n\t\t\t\t<div class=\"elementor-element elementor-element-8809d89 elementor-widget__width-initial elementor-widget-mobile__width-initial elementor-widget elementor-widget-heading\" data-id=\"8809d89\" data-element_type=\"widget\" data-e-type=\"widget\" data-widget_type=\"heading.default\">\n\t\t\t\t<div class=\"elementor-widget-container\">\n\t\t\t\t\t<h2 class=\"elementor-heading-title elementor-size-default\">Kategorien durchsuchen:<\/h2>\t\t\t\t<\/div>\n\t\t\t\t<\/div>\n\t\t\t\t<div class=\"elementor-element elementor-element-0bf14f2 elementor-widget__width-initial elementor-widget-mobile__width-initial elementor-widget elementor-widget-shortcode\" data-id=\"0bf14f2\" data-element_type=\"widget\" data-e-type=\"widget\" data-widget_type=\"shortcode.default\">\n\t\t\t\t<div class=\"elementor-widget-container\">\n\t\t\t\t\t\t\t<div class=\"elementor-shortcode\"><ul class=\"news-categories\"><li><a href=\"https:\/\/digitalhumanities.de\/en\/category\/call-for-papers\/\">Call for Papers<\/a><\/li><li><a href=\"https:\/\/digitalhumanities.de\/en\/category\/community-forum\/\">Community Forum<\/a><\/li><li><a href=\"https:\/\/digitalhumanities.de\/en\/category\/foerderung\/\">Sponsor<\/a><\/li><li><a href=\"https:\/\/digitalhumanities.de\/en\/category\/stipendien\/\">Scholarships<\/a><\/li><li><a href=\"https:\/\/digitalhumanities.de\/en\/category\/veranstaltungen\/\">Veranstaltungen<\/a><\/li><\/ul><\/div>\n\t\t\t\t\t\t<\/div>\n\t\t\t\t<\/div>\n\t\t\t\t<div class=\"elementor-element elementor-element-37429d2 elementor-grid-1 elementor-posts--thumbnail-none elementor-widget__width-initial elementor-grid-tablet-2 elementor-grid-mobile-1 elementor-widget elementor-widget-posts\" data-id=\"37429d2\" data-element_type=\"widget\" data-e-type=\"widget\" data-settings=\"{&quot;classic_columns&quot;:&quot;1&quot;,&quot;pagination_type&quot;:&quot;prev_next&quot;,&quot;classic_columns_tablet&quot;:&quot;2&quot;,&quot;classic_columns_mobile&quot;:&quot;1&quot;,&quot;classic_row_gap&quot;:{&quot;unit&quot;:&quot;px&quot;,&quot;size&quot;:35,&quot;sizes&quot;:[]},&quot;classic_row_gap_tablet&quot;:{&quot;unit&quot;:&quot;px&quot;,&quot;size&quot;:&quot;&quot;,&quot;sizes&quot;:[]},&quot;classic_row_gap_mobile&quot;:{&quot;unit&quot;:&quot;px&quot;,&quot;size&quot;:&quot;&quot;,&quot;sizes&quot;:[]}}\" data-widget_type=\"posts.classic\">\n\t\t\t\t<div class=\"elementor-widget-container\">\n\t\t\t\t\t\t\t<div class=\"elementor-posts-container elementor-posts elementor-posts--skin-classic elementor-grid\">\n\t\t\t\t<article class=\"elementor-post elementor-grid-item post-5669 post type-post status-publish format-standard hentry category-foerderung\">\n\t\t\t\t<div class=\"elementor-post__text\">\n\t\t\t\t<span class=\"elementor-post__title\">\n\t\t\t<a href=\"https:\/\/digitalhumanities.de\/en\/2026\/03\/31\/jetzt-bewerben-fuer-den-dhd-publikationsfonds-open-access-deadline-1-mai-2026\/\" >\n\t\t\t\tJetzt bewerben f\u00fcr den DHd-Publikationsfonds (Open Access, Deadline 1. Mai 2026)\t\t\t<\/a>\n\t\t<\/span>\n\t\t\t\t<div class=\"elementor-post__meta-data\">\n\t\t\t\t\t<span class=\"elementor-post-date\">\n\t\t\t31. March 2026\t\t<\/span>\n\t\t\t\t<\/div>\n\t\t\t\t<div class=\"elementor-post__excerpt\">\n\t\t\t<p>Liebe DH-Community, ich weise Sie gerne darauf hin, dass der DHd-Verband einen Publikationsfonds eingerichtet hat, aus dem auf Antrag aus\t\t<\/div>\n\t\t\n\t\t<a class=\"elementor-post__read-more\" href=\"https:\/\/digitalhumanities.de\/en\/2026\/03\/31\/jetzt-bewerben-fuer-den-dhd-publikationsfonds-open-access-deadline-1-mai-2026\/\" aria-label=\"Read more about Jetzt bewerben f\u00fcr den DHd-Publikationsfonds (Open Access, Deadline 1. Mai 2026)\" tabindex=\"-1\" >\n\t\t\tWeiterlesen \u2192\t\t<\/a>\n\n\t\t\t\t<\/div>\n\t\t\t\t<\/article>\n\t\t\t\t<article class=\"elementor-post elementor-grid-item post-5591 post type-post status-publish format-standard hentry category-allgemein\">\n\t\t\t\t<div class=\"elementor-post__text\">\n\t\t\t\t<span class=\"elementor-post__title\">\n\t\t\t<a href=\"https:\/\/digitalhumanities.de\/en\/2026\/01\/27\/dhd-verband-unterzeichnet-positionspapier-zum-wisszeitvg\/\" >\n\t\t\t\tDHd Verband unterzeichnet Positionspapier Kleiner F\u00e4cher zum WissZeitVG\t\t\t<\/a>\n\t\t<\/span>\n\t\t\t\t<div class=\"elementor-post__meta-data\">\n\t\t\t\t\t<span class=\"elementor-post-date\">\n\t\t\t27. January 2026\t\t<\/span>\n\t\t\t\t<\/div>\n\t\t\t\t<div class=\"elementor-post__excerpt\">\n\t\t\t<p>Zahlreiche Fachverb\u00e4nde Kleiner F\u00e4cher haben k\u00fcrzlich ein gemeinsames Positionspapier zur Neugestaltung des Wissenschaftszeitvertragsgesetzes (WissZeitVG) ver\u00f6ffentlicht.<\/p>\t\t<\/div>\n\t\t\n\t\t<a class=\"elementor-post__read-more\" href=\"https:\/\/digitalhumanities.de\/en\/2026\/01\/27\/dhd-verband-unterzeichnet-positionspapier-zum-wisszeitvg\/\" aria-label=\"Read more about DHd Verband unterzeichnet Positionspapier Kleiner F\u00e4cher zum WissZeitVG\" tabindex=\"-1\" >\n\t\t\tWeiterlesen \u2192\t\t<\/a>\n\n\t\t\t\t<\/div>\n\t\t\t\t<\/article>\n\t\t\t\t<article class=\"elementor-post elementor-grid-item post-5583 post type-post status-publish format-standard hentry category-allgemein\">\n\t\t\t\t<div class=\"elementor-post__text\">\n\t\t\t\t<span class=\"elementor-post__title\">\n\t\t\t<a href=\"https:\/\/digitalhumanities.de\/en\/2026\/01\/27\/neuausschreibung-call-for-hosts-dhd2028\/\" >\n\t\t\t\tNeuausschreibung: Call for Hosts DHd2028\t\t\t<\/a>\n\t\t<\/span>\n\t\t\t\t<div class=\"elementor-post__meta-data\">\n\t\t\t\t\t<span class=\"elementor-post-date\">\n\t\t\t27. January 2026\t\t<\/span>\n\t\t\t\t<\/div>\n\t\t\t\t<div class=\"elementor-post__excerpt\">\n\t\t\t<p>Nachdem es keine Bewerbungen auf den zuletzt ausgeschriebenen Call for Hosts f\u00fcr die DHd2028 gab, wird dieser nun mit einer\t\t<\/div>\n\t\t\n\t\t<a class=\"elementor-post__read-more\" href=\"https:\/\/digitalhumanities.de\/en\/2026\/01\/27\/neuausschreibung-call-for-hosts-dhd2028\/\" aria-label=\"Read more about Neuausschreibung: Call for Hosts DHd2028\" tabindex=\"-1\" >\n\t\t\tWeiterlesen \u2192\t\t<\/a>\n\n\t\t\t\t<\/div>\n\t\t\t\t<\/article>\n\t\t\t\t<article class=\"elementor-post elementor-grid-item post-5523 post type-post status-publish format-standard has-post-thumbnail hentry category-allgemein category-veranstaltungen\">\n\t\t\t\t<div class=\"elementor-post__text\">\n\t\t\t\t<span class=\"elementor-post__title\">\n\t\t\t<a href=\"https:\/\/digitalhumanities.de\/en\/2025\/11\/30\/registrierung-fuer-die-dhd2026-ist-eroeffnet\/\" >\n\t\t\t\tRegistrierung f\u00fcr die DHd2026\t\t\t<\/a>\n\t\t<\/span>\n\t\t\t\t<div class=\"elementor-post__meta-data\">\n\t\t\t\t\t<span class=\"elementor-post-date\">\n\t\t\t30. November 2025\t\t<\/span>\n\t\t\t\t<\/div>\n\t\t\t\t<div class=\"elementor-post__excerpt\">\n\t\t\t<p>DHd2026, \u201eNicht nur Text, nicht nur Daten\u201c, Jahrestagung des Verbandes Digital Humanities im deutschsprachigen Raum, ausgerichtet von der Universit\u00e4t Wien\t\t<\/div>\n\t\t\n\t\t<a class=\"elementor-post__read-more\" href=\"https:\/\/digitalhumanities.de\/en\/2025\/11\/30\/registrierung-fuer-die-dhd2026-ist-eroeffnet\/\" aria-label=\"Read more about Registrierung f\u00fcr die DHd2026\" tabindex=\"-1\" >\n\t\t\tWeiterlesen \u2192\t\t<\/a>\n\n\t\t\t\t<\/div>\n\t\t\t\t<\/article>\n\t\t\t\t<article class=\"elementor-post elementor-grid-item post-5509 post type-post status-publish format-standard hentry category-allgemein category-foerderung category-stipendien\">\n\t\t\t\t<div class=\"elementor-post__text\">\n\t\t\t\t<span class=\"elementor-post__title\">\n\t\t\t<a href=\"https:\/\/digitalhumanities.de\/en\/2025\/11\/25\/dhd-2026-early-career-reisestipendien\/\" >\n\t\t\t\tDHd2026 Early Career Reisestipendien\t\t\t<\/a>\n\t\t<\/span>\n\t\t\t\t<div class=\"elementor-post__meta-data\">\n\t\t\t\t\t<span class=\"elementor-post-date\">\n\t\t\t25. November 2025\t\t<\/span>\n\t\t\t\t<\/div>\n\t\t\t\t<div class=\"elementor-post__excerpt\">\n\t\t\t<p>Der Verband \u00bbDigital Humanities im deutschsprachigen Raum e.V.\u00ab (http:\/\/www.dig-hum.de) schreibt acht Reisestipendien zu je 500 \u20ac aus. Zudem vergeben das\t\t<\/div>\n\t\t\n\t\t<a class=\"elementor-post__read-more\" href=\"https:\/\/digitalhumanities.de\/en\/2025\/11\/25\/dhd-2026-early-career-reisestipendien\/\" aria-label=\"Read more about DHd2026 Early Career Reisestipendien\" tabindex=\"-1\" >\n\t\t\tWeiterlesen \u2192\t\t<\/a>\n\n\t\t\t\t<\/div>\n\t\t\t\t<\/article>\n\t\t\t\t<article class=\"elementor-post elementor-grid-item post-5505 post type-post status-publish format-standard hentry category-allgemein category-foerderung category-stipendien\">\n\t\t\t\t<div class=\"elementor-post__text\">\n\t\t\t\t<span class=\"elementor-post__title\">\n\t\t\t<a href=\"https:\/\/digitalhumanities.de\/en\/2025\/11\/25\/reisekostenstipendien-des-dhd-verbands-fuer-dh-nahe-tagungen-winter-2025\/\" >\n\t\t\t\tEarly-Career Travel Grants\t\t\t<\/a>\n\t\t<\/span>\n\t\t\t\t<div class=\"elementor-post__meta-data\">\n\t\t\t\t\t<span class=\"elementor-post-date\">\n\t\t\t25. November 2025\t\t<\/span>\n\t\t\t\t<\/div>\n\t\t\t\t<div class=\"elementor-post__excerpt\">\n\t\t\t<p>Der Verband \u00bbDigital Humanities im deutschsprachigen Raum e.V.\u00ab (https:\/\/www.digitalhumanities.de) schreibt f\u00fcnf Reisestipendien zu je 500 \u20ac aus, die nicht an\t\t<\/div>\n\t\t\n\t\t<a class=\"elementor-post__read-more\" href=\"https:\/\/digitalhumanities.de\/en\/2025\/11\/25\/reisekostenstipendien-des-dhd-verbands-fuer-dh-nahe-tagungen-winter-2025\/\" aria-label=\"Read more about Reisekostenstipendien des DHd-Verbands f\u00fcr DH-nahe Tagungen (Winter 2025)\" tabindex=\"-1\" >\n\t\t\tWeiterlesen \u2192\t\t<\/a>\n\n\t\t\t\t<\/div>\n\t\t\t\t<\/article>\n\t\t\t\t<\/div>\n\t\t\n\t\t\t\t<div class=\"e-load-more-anchor\" data-page=\"1\" data-max-page=\"28\" data-next-page=\"https:\/\/digitalhumanities.de\/en\/wp-json\/wp\/v2\/pages\/3883\/page\/2\/\"><\/div>\n\t\t\t\t<nav class=\"elementor-pagination\" aria-label=\"Pagination\">\n\t\t\t<span class=\"page-numbers prev\"> \u2190  Voriger<\/span>\n<a class=\"page-numbers next\" href=\"https:\/\/digitalhumanities.de\/en\/wp-json\/wp\/v2\/pages\/3883\/page\/2\/\">N\u00e4chster \u2192<\/a>\t\t<\/nav>\n\t\t\t\t\t\t<\/div>\n\t\t\t\t<\/div>\n\t\t\t\t\t<\/div>\n\t\t\t\t<\/div>\n\t\t\t\t<\/div>","protected":false},"excerpt":{"rendered":"<p>Kategorien durchsuchen:<\/p>","protected":false},"author":1,"featured_media":0,"parent":0,"menu_order":0,"comment_status":"closed","ping_status":"closed","template":"","meta":{"_acf_changed":false,"footnotes":""},"categories":[],"tags":[],"class_list":["post-3883","page","type-page","status-publish","hentry"],"acf":[],"_links":{"self":[{"href":"https:\/\/digitalhumanities.de\/en\/wp-json\/wp\/v2\/pages\/3883","targetHints":{"allow":["GET"]}}],"collection":[{"href":"https:\/\/digitalhumanities.de\/en\/wp-json\/wp\/v2\/pages"}],"about":[{"href":"https:\/\/digitalhumanities.de\/en\/wp-json\/wp\/v2\/types\/page"}],"author":[{"embeddable":true,"href":"https:\/\/digitalhumanities.de\/en\/wp-json\/wp\/v2\/users\/1"}],"replies":[{"embeddable":true,"href":"https:\/\/digitalhumanities.de\/en\/wp-json\/wp\/v2\/comments?post=3883"}],"version-history":[{"count":46,"href":"https:\/\/digitalhumanities.de\/en\/wp-json\/wp\/v2\/pages\/3883\/revisions"}],"predecessor-version":[{"id":4537,"href":"https:\/\/digitalhumanities.de\/en\/wp-json\/wp\/v2\/pages\/3883\/revisions\/4537"}],"wp:attachment":[{"href":"https:\/\/digitalhumanities.de\/en\/wp-json\/wp\/v2\/media?parent=3883"}],"wp:term":[{"taxonomy":"category","embeddable":true,"href":"https:\/\/digitalhumanities.de\/en\/wp-json\/wp\/v2\/categories?post=3883"},{"taxonomy":"post_tag","embeddable":true,"href":"https:\/\/digitalhumanities.de\/en\/wp-json\/wp\/v2\/tags?post=3883"}],"curies":[{"name":"wp","href":"https:\/\/api.w.org\/{rel}","templated":true}]}}