{"id":3853,"date":"2024-05-11T11:13:46","date_gmt":"2024-05-11T09:13:46","guid":{"rendered":"https:\/\/dig-hum.sjstudios.eu\/?page_id=3853"},"modified":"2024-12-06T12:13:08","modified_gmt":"2024-12-06T11:13:08","slug":"dhd-community-forum","status":"publish","type":"page","link":"https:\/\/digitalhumanities.de\/en\/dhd-community-forum\/","title":{"rendered":"DHd Community Forum"},"content":{"rendered":"<div data-elementor-type=\"wp-page\" data-elementor-id=\"3853\" class=\"elementor elementor-3853\" data-elementor-post-type=\"page\">\n\t\t\t\t<div class=\"elementor-element elementor-element-49b97d93 e-flex e-con-boxed e-con e-parent\" data-id=\"49b97d93\" data-element_type=\"container\" data-e-type=\"container\">\n\t\t\t\t\t<div class=\"e-con-inner\">\n\t\t<div class=\"elementor-element elementor-element-2ae3a58 e-con-full e-flex e-con e-child\" data-id=\"2ae3a58\" data-element_type=\"container\" data-e-type=\"container\">\n\t\t\t\t<div class=\"elementor-element elementor-element-aafd16d elementor-widget__width-initial elementor-widget-mobile__width-initial elementor-widget elementor-widget-heading\" data-id=\"aafd16d\" data-element_type=\"widget\" data-e-type=\"widget\" data-widget_type=\"heading.default\">\n\t\t\t\t<div class=\"elementor-widget-container\">\n\t\t\t\t\t<h1 class=\"elementor-heading-title elementor-size-default\">DHd Community Forum<\/h1>\t\t\t\t<\/div>\n\t\t\t\t<\/div>\n\t\t\t\t<\/div>\n\t\t<div class=\"elementor-element elementor-element-0a3ba22 e-con-full e-flex e-con e-child\" data-id=\"0a3ba22\" data-element_type=\"container\" data-e-type=\"container\" data-settings=\"{&quot;background_background&quot;:&quot;classic&quot;}\">\n\t\t<div class=\"elementor-element elementor-element-740d38f e-con-full e-flex e-con e-child\" data-id=\"740d38f\" data-element_type=\"container\" data-e-type=\"container\">\n\t\t\t\t<div class=\"elementor-element elementor-element-bb8a9c7 elementor-widget__width-initial elementor-widget-mobile__width-inherit elementor-widget elementor-widget-text-editor\" data-id=\"bb8a9c7\" data-element_type=\"widget\" data-e-type=\"widget\" data-widget_type=\"text-editor.default\">\n\t\t\t\t<div class=\"elementor-widget-container\">\n\t\t\t\t\t\t\t\t\t<p>F\u00fcr unsere interdisziplin\u00e4re Community ist ein offener Austausch von gro\u00dfer Bedeutung. W\u00e4hrend die j\u00e4hrliche Mitgliederversammlung bereits eine wichtige Rolle f\u00fcr unsere communityinterne Verst\u00e4ndigung \u00fcbernimmt, unterst\u00fctzen wir als Vorstand weitere partizipative Angebote. Alle Mitglieder und Interessierte sind herzlich eingeladen, sich an den Diskussionen zu beteiligen sowie Themenvorschl\u00e4ge (info@digitalhumanities.de) einzureichen.<\/p><p>Wir freuen uns auf den Austausch mit Ihnen!<\/p><p>Mit freundlichen Gr\u00fc\u00dfen<\/p>\t\t\t\t\t\t\t\t<\/div>\n\t\t\t\t<\/div>\n\t\t\t\t<div class=\"elementor-element elementor-element-f45681e elementor-widget__width-initial elementor-widget elementor-widget-author-box\" data-id=\"f45681e\" data-element_type=\"widget\" data-e-type=\"widget\" data-widget_type=\"author-box.default\">\n\t\t\t\t<div class=\"elementor-widget-container\">\n\t\t\t\t\t\t\t<div class=\"elementor-author-box\">\n\t\t\t\t\t\t\t<div  class=\"elementor-author-box__avatar\">\n\t\t\t\t\t<img decoding=\"async\" src=\"https:\/\/digitalhumanities.de\/wp-content\/uploads\/2024\/03\/Jun-Prof-Dr-rabea-kleymann.png\" alt=\"Picture of Rabea Kleymann\" loading=\"lazy\">\n\t\t\t\t<\/div>\n\t\t\t\n\t\t\t<div class=\"elementor-author-box__text\">\n\t\t\t\t\t\t\t\t\t<div >\n\t\t\t\t\t\t<h4 class=\"elementor-author-box__name\">\n\t\t\t\t\t\t\tRabea Kleymann\t\t\t\t\t\t<\/h4>\n\t\t\t\t\t<\/div>\n\t\t\t\t\n\t\t\t\t\t\t\t\t\t<div class=\"elementor-author-box__bio\">\n\t\t\t\t\t\t<p>Koordinatorin des Community Forums <\/p>\n\t\t\t\t\t<\/div>\n\t\t\t\t\n\t\t\t\t\t\t\t<\/div>\n\t\t<\/div>\n\t\t\t\t\t\t<\/div>\n\t\t\t\t<\/div>\n\t\t\t\t<\/div>\n\t\t<div class=\"elementor-element elementor-element-0f5b377 e-con-full e-flex e-con e-child\" data-id=\"0f5b377\" data-element_type=\"container\" data-e-type=\"container\">\n\t\t\t\t<div class=\"elementor-element elementor-element-3170559 elementor-widget__width-initial elementor-widget-mobile__width-initial elementor-widget elementor-widget-image\" data-id=\"3170559\" data-element_type=\"widget\" data-e-type=\"widget\" data-widget_type=\"image.default\">\n\t\t\t\t<div class=\"elementor-widget-container\">\n\t\t\t\t\t\t\t\t\t\t\t\t\t\t\t<img fetchpriority=\"high\" decoding=\"async\" width=\"500\" height=\"500\" src=\"https:\/\/digitalhumanities.de\/wp-content\/uploads\/2024\/05\/DHdCommunityForumLogoQuadr-freigestellt-2.png\" class=\"attachment-large size-large wp-image-4041\" alt=\"DHdCommunityForumLogo\" srcset=\"https:\/\/digitalhumanities.de\/wp-content\/uploads\/2024\/05\/DHdCommunityForumLogoQuadr-freigestellt-2.png 500w, https:\/\/digitalhumanities.de\/wp-content\/uploads\/2024\/05\/DHdCommunityForumLogoQuadr-freigestellt-2-300x300.png 300w, https:\/\/digitalhumanities.de\/wp-content\/uploads\/2024\/05\/DHdCommunityForumLogoQuadr-freigestellt-2-150x150.png 150w, https:\/\/digitalhumanities.de\/wp-content\/uploads\/2024\/05\/DHdCommunityForumLogoQuadr-freigestellt-2-12x12.png 12w\" sizes=\"(max-width: 500px) 100vw, 500px\" \/>\t\t\t\t\t\t\t\t\t\t\t\t\t\t\t<\/div>\n\t\t\t\t<\/div>\n\t\t\t\t<\/div>\n\t\t\t\t<\/div>\n\t\t\t\t<div class=\"elementor-element elementor-element-0f273cd elementor-grid-1 elementor-posts--thumbnail-none elementor-widget__width-initial elementor-widget-mobile__width-inherit elementor-widget-tablet__width-initial elementor-grid-tablet-2 elementor-grid-mobile-1 elementor-widget elementor-widget-posts\" data-id=\"0f273cd\" data-element_type=\"widget\" data-e-type=\"widget\" data-settings=\"{&quot;classic_columns&quot;:&quot;1&quot;,&quot;classic_columns_tablet&quot;:&quot;2&quot;,&quot;classic_columns_mobile&quot;:&quot;1&quot;,&quot;classic_row_gap&quot;:{&quot;unit&quot;:&quot;px&quot;,&quot;size&quot;:35,&quot;sizes&quot;:[]},&quot;classic_row_gap_tablet&quot;:{&quot;unit&quot;:&quot;px&quot;,&quot;size&quot;:&quot;&quot;,&quot;sizes&quot;:[]},&quot;classic_row_gap_mobile&quot;:{&quot;unit&quot;:&quot;px&quot;,&quot;size&quot;:&quot;&quot;,&quot;sizes&quot;:[]}}\" data-widget_type=\"posts.classic\">\n\t\t\t\t<div class=\"elementor-widget-container\">\n\t\t\t\t\t\t\t<div class=\"elementor-posts-container elementor-posts elementor-posts--skin-classic elementor-grid\">\n\t\t\t\t<article class=\"elementor-post elementor-grid-item post-5336 post type-post status-publish format-standard hentry category-community-forum\">\n\t\t\t\t<div class=\"elementor-post__text\">\n\t\t\t\t<span class=\"elementor-post__title\">\n\t\t\t<a href=\"https:\/\/digitalhumanities.de\/en\/2025\/04\/04\/einladung-zum-dhd-community-forum-am-11-04-2025-zum-thema-nachlese-der-dhd2025\/\" >\n\t\t\t\tEinladung zum DHd Community Forum am 11.04.2025 zum Thema \u201eNachlese der DHd2025\u201d\t\t\t<\/a>\n\t\t<\/span>\n\t\t\t\t<div class=\"elementor-post__meta-data\">\n\t\t\t\t\t<span class=\"elementor-post-date\">\n\t\t\t4. April 2025\t\t<\/span>\n\t\t\t\t<\/div>\n\t\t\t\t<div class=\"elementor-post__excerpt\">\n\t\t\t<p>Liebe Mitglieder des DHd-Verbandes und Interessierte, f\u00fcr unsere interdisziplin\u00e4re Community ist ein offener Austausch von gro\u00dfer Bedeutung. W\u00e4hrend die j\u00e4hrliche\t\t<\/div>\n\t\t\n\t\t<a class=\"elementor-post__read-more\" href=\"https:\/\/digitalhumanities.de\/en\/2025\/04\/04\/einladung-zum-dhd-community-forum-am-11-04-2025-zum-thema-nachlese-der-dhd2025\/\" aria-label=\"Read more about Einladung zum DHd Community Forum am 11.04.2025 zum Thema \u201eNachlese der DHd2025\u201d\" tabindex=\"-1\" >\n\t\t\tWeiterlesen \u2192\t\t<\/a>\n\n\t\t\t\t<\/div>\n\t\t\t\t<\/article>\n\t\t\t\t<article class=\"elementor-post elementor-grid-item post-5185 post type-post status-publish format-standard hentry category-community-forum category-veranstaltungen\">\n\t\t\t\t<div class=\"elementor-post__text\">\n\t\t\t\t<span class=\"elementor-post__title\">\n\t\t\t<a href=\"https:\/\/digitalhumanities.de\/en\/2025\/01\/07\/einladung-zum-dhd-community-forum-am-10-01-2025\/\" >\n\t\t\t\tEinladung zum DHd Community Forum am 10.01.2025\t\t\t<\/a>\n\t\t<\/span>\n\t\t\t\t<div class=\"elementor-post__meta-data\">\n\t\t\t\t\t<span class=\"elementor-post-date\">\n\t\t\t7. January 2025\t\t<\/span>\n\t\t\t\t<\/div>\n\t\t\t\t<div class=\"elementor-post__excerpt\">\n\t\t\t<p>Liebe Mitglieder des DHd-Verbandes und Interessierte, f\u00fcr unsere interdisziplin\u00e4re Community ist ein offener Austausch von gro\u00dfer Bedeutung. W\u00e4hrend die j\u00e4hrliche\t\t<\/div>\n\t\t\n\t\t<a class=\"elementor-post__read-more\" href=\"https:\/\/digitalhumanities.de\/en\/2025\/01\/07\/einladung-zum-dhd-community-forum-am-10-01-2025\/\" aria-label=\"Read more about Einladung zum DHd Community Forum am 10.01.2025\" tabindex=\"-1\" >\n\t\t\tWeiterlesen \u2192\t\t<\/a>\n\n\t\t\t\t<\/div>\n\t\t\t\t<\/article>\n\t\t\t\t<article class=\"elementor-post elementor-grid-item post-3123 post type-post status-publish format-standard has-post-thumbnail hentry category-community-forum category-veranstaltungen\">\n\t\t\t\t<div class=\"elementor-post__text\">\n\t\t\t\t<span class=\"elementor-post__title\">\n\t\t\t<a href=\"https:\/\/digitalhumanities.de\/en\/2024\/04\/16\/einladung-zum-dhd-community-forum-am-3-5-2024-nachlese-der-dhd2024\/\" >\n\t\t\t\tEinladung zum\u00a0DHd\u00a0Community Forum am 3.5.2024 &#8211; Nachlese der DHd2024\t\t\t<\/a>\n\t\t<\/span>\n\t\t\t\t<div class=\"elementor-post__meta-data\">\n\t\t\t\t\t<span class=\"elementor-post-date\">\n\t\t\t16. April 2024\t\t<\/span>\n\t\t\t\t<\/div>\n\t\t\t\t<div class=\"elementor-post__excerpt\">\n\t\t\t<p>Liebe Mitglieder des DHd-Verbandes und Interessierte, f\u00fcr unsere interdisziplin\u00e4re Community ist ein offener Austausch von gro\u00dfer Bedeutung. W\u00e4hrend die j\u00e4hrliche\t\t<\/div>\n\t\t\n\t\t<a class=\"elementor-post__read-more\" href=\"https:\/\/digitalhumanities.de\/en\/2024\/04\/16\/einladung-zum-dhd-community-forum-am-3-5-2024-nachlese-der-dhd2024\/\" aria-label=\"Read more about Einladung zum\u00a0DHd\u00a0Community Forum am 3.5.2024 &#8211; Nachlese der DHd2024\" tabindex=\"-1\" >\n\t\t\tWeiterlesen \u2192\t\t<\/a>\n\n\t\t\t\t<\/div>\n\t\t\t\t<\/article>\n\t\t\t\t<\/div>\n\t\t\n\t\t\t\t\t\t<\/div>\n\t\t\t\t<\/div>\n\t\t\t\t\t<\/div>\n\t\t\t\t<\/div>\n\t\t\t\t<\/div>","protected":false},"excerpt":{"rendered":"<p>F\u00fcr unsere interdisziplin\u00e4re Community ist ein offener Austausch von gro\u00dfer Bedeutung. W\u00e4hrend die j\u00e4hrliche Mitgliederversammlung bereits eine wichtige Rolle f\u00fcr unsere communityinterne Verst\u00e4ndigung \u00fcbernimmt, unterst\u00fctzen wir als Vorstand weitere partizipative Angebote. Alle Mitglieder und Interessierte sind herzlich eingeladen, sich an den Diskussionen zu beteiligen sowie Themenvorschl\u00e4ge (info@digitalhumanities.de) einzureichen. Wir freuen uns auf den Austausch mit [&hellip;]<\/p>\n","protected":false},"author":1,"featured_media":0,"parent":0,"menu_order":0,"comment_status":"closed","ping_status":"closed","template":"","meta":{"_acf_changed":false,"footnotes":""},"categories":[],"tags":[],"class_list":["post-3853","page","type-page","status-publish","hentry"],"acf":[],"_links":{"self":[{"href":"https:\/\/digitalhumanities.de\/en\/wp-json\/wp\/v2\/pages\/3853","targetHints":{"allow":["GET"]}}],"collection":[{"href":"https:\/\/digitalhumanities.de\/en\/wp-json\/wp\/v2\/pages"}],"about":[{"href":"https:\/\/digitalhumanities.de\/en\/wp-json\/wp\/v2\/types\/page"}],"author":[{"embeddable":true,"href":"https:\/\/digitalhumanities.de\/en\/wp-json\/wp\/v2\/users\/1"}],"replies":[{"embeddable":true,"href":"https:\/\/digitalhumanities.de\/en\/wp-json\/wp\/v2\/comments?post=3853"}],"version-history":[{"count":73,"href":"https:\/\/digitalhumanities.de\/en\/wp-json\/wp\/v2\/pages\/3853\/revisions"}],"predecessor-version":[{"id":5164,"href":"https:\/\/digitalhumanities.de\/en\/wp-json\/wp\/v2\/pages\/3853\/revisions\/5164"}],"wp:attachment":[{"href":"https:\/\/digitalhumanities.de\/en\/wp-json\/wp\/v2\/media?parent=3853"}],"wp:term":[{"taxonomy":"category","embeddable":true,"href":"https:\/\/digitalhumanities.de\/en\/wp-json\/wp\/v2\/categories?post=3853"},{"taxonomy":"post_tag","embeddable":true,"href":"https:\/\/digitalhumanities.de\/en\/wp-json\/wp\/v2\/tags?post=3853"}],"curies":[{"name":"wp","href":"https:\/\/api.w.org\/{rel}","templated":true}]}}