{"id":3755,"date":"2024-05-09T12:06:51","date_gmt":"2024-05-09T10:06:51","guid":{"rendered":"https:\/\/dig-hum.sjstudios.eu\/?page_id=3755"},"modified":"2024-05-23T17:05:10","modified_gmt":"2024-05-23T15:05:10","slug":"newsarchiv","status":"publish","type":"page","link":"https:\/\/digitalhumanities.de\/en\/newsarchiv\/","title":{"rendered":"News archive"},"content":{"rendered":"\t\t<div data-elementor-type=\"wp-page\" data-elementor-id=\"3755\" class=\"elementor elementor-3755\" data-elementor-post-type=\"page\">\n\t\t\t\t<div class=\"elementor-element elementor-element-3b447d4 e-flex e-con-boxed e-con e-parent\" data-id=\"3b447d4\" data-element_type=\"container\" data-e-type=\"container\">\n\t\t\t\t\t<div class=\"e-con-inner\">\n\t\t\t\t<div class=\"elementor-element elementor-element-bf57255 elementor-widget__width-initial elementor-widget-mobile__width-initial elementor-widget elementor-widget-heading\" data-id=\"bf57255\" data-element_type=\"widget\" data-e-type=\"widget\" data-widget_type=\"heading.default\">\n\t\t\t\t<div class=\"elementor-widget-container\">\n\t\t\t\t\t<h1 class=\"elementor-heading-title elementor-size-default\">Newsarchiv<\/h1>\t\t\t\t<\/div>\n\t\t\t\t<\/div>\n\t\t\t\t<div class=\"elementor-element elementor-element-602634d elementor-grid-1 elementor-posts--thumbnail-none elementor-widget__width-initial elementor-widget-mobile__width-inherit elementor-grid-tablet-2 elementor-grid-mobile-1 elementor-widget elementor-widget-posts\" data-id=\"602634d\" data-element_type=\"widget\" data-e-type=\"widget\" data-settings=\"{&quot;classic_columns&quot;:&quot;1&quot;,&quot;pagination_type&quot;:&quot;prev_next&quot;,&quot;classic_columns_tablet&quot;:&quot;2&quot;,&quot;classic_columns_mobile&quot;:&quot;1&quot;,&quot;classic_row_gap&quot;:{&quot;unit&quot;:&quot;px&quot;,&quot;size&quot;:35,&quot;sizes&quot;:[]},&quot;classic_row_gap_tablet&quot;:{&quot;unit&quot;:&quot;px&quot;,&quot;size&quot;:&quot;&quot;,&quot;sizes&quot;:[]},&quot;classic_row_gap_mobile&quot;:{&quot;unit&quot;:&quot;px&quot;,&quot;size&quot;:&quot;&quot;,&quot;sizes&quot;:[]}}\" data-widget_type=\"posts.classic\">\n\t\t\t\t<div class=\"elementor-widget-container\">\n\t\t\t\t\t\t\t<div class=\"elementor-posts-container elementor-posts elementor-posts--skin-classic elementor-grid\">\n\t\t\t\t<article class=\"elementor-post elementor-grid-item post-3113 post type-post status-publish format-standard has-post-thumbnail hentry category-community-forum category-veranstaltungen\">\n\t\t\t\t<div class=\"elementor-post__text\">\n\t\t\t\t<span class=\"elementor-post__title\">\n\t\t\t<a href=\"https:\/\/digitalhumanities.de\/en\/2023\/12\/18\/einladung-zum-7-dhd-community-forum-12-01-2024-14-15-uhr\/\" >\n\t\t\t\tEinladung zum 7. DHd-Community Forum, 12.01.2024, 14-15 Uhr\t\t\t<\/a>\n\t\t<\/span>\n\t\t\t\t<div class=\"elementor-post__meta-data\">\n\t\t\t\t\t<span class=\"elementor-post-date\">\n\t\t\t18. December 2023\t\t<\/span>\n\t\t\t\t<\/div>\n\t\t\t\t<div class=\"elementor-post__excerpt\">\n\t\t\t<p>Liebe Mitglieder des DHd-Verbandes und Interessierte, f\u00fcr unsere interdisziplin\u00e4re Community ist ein offener Austausch von gro\u00dfer Bedeutung. W\u00e4hrend die j\u00e4hrliche\t\t<\/div>\n\t\t\n\t\t<a class=\"elementor-post__read-more\" href=\"https:\/\/digitalhumanities.de\/en\/2023\/12\/18\/einladung-zum-7-dhd-community-forum-12-01-2024-14-15-uhr\/\" aria-label=\"Read more about Einladung zum 7. DHd-Community Forum, 12.01.2024, 14-15 Uhr\" tabindex=\"-1\" >\n\t\t\tWeiterlesen \u2192\t\t<\/a>\n\n\t\t\t\t<\/div>\n\t\t\t\t<\/article>\n\t\t\t\t<article class=\"elementor-post elementor-grid-item post-3115 post type-post status-publish format-standard hentry category-call-for-papers\">\n\t\t\t\t<div class=\"elementor-post__text\">\n\t\t\t\t<span class=\"elementor-post__title\">\n\t\t\t<a href=\"https:\/\/digitalhumanities.de\/en\/2023\/12\/04\/cfa-reputation-ohne-paywall-wissenschaftliches-publizieren-im-digitalen-wandel\/\" >\n\t\t\t\tCfA: Reputation ohne Paywall? Wissenschaftliches Publizieren im digitalen Wandel\t\t\t<\/a>\n\t\t<\/span>\n\t\t\t\t<div class=\"elementor-post__meta-data\">\n\t\t\t\t\t<span class=\"elementor-post-date\">\n\t\t\t4. December 2023\t\t<\/span>\n\t\t\t\t<\/div>\n\t\t\t\t<div class=\"elementor-post__excerpt\">\n\t\t\t<p>Wissenschaftliche Reputation ist ein allgegenw\u00e4rtiges Thema. Sie wird einerseits als Ausdruck herausragender akademischer Arbeit betrachtet, anderseits als selbst-referenzielles System mit\t\t<\/div>\n\t\t\n\t\t<a class=\"elementor-post__read-more\" href=\"https:\/\/digitalhumanities.de\/en\/2023\/12\/04\/cfa-reputation-ohne-paywall-wissenschaftliches-publizieren-im-digitalen-wandel\/\" aria-label=\"Read more about CfA: Reputation ohne Paywall? Wissenschaftliches Publizieren im digitalen Wandel\" tabindex=\"-1\" >\n\t\t\tWeiterlesen \u2192\t\t<\/a>\n\n\t\t\t\t<\/div>\n\t\t\t\t<\/article>\n\t\t\t\t<article class=\"elementor-post elementor-grid-item post-3108 post type-post status-publish format-standard hentry category-stipendien\">\n\t\t\t\t<div class=\"elementor-post__text\">\n\t\t\t\t<span class=\"elementor-post__title\">\n\t\t\t<a href=\"https:\/\/digitalhumanities.de\/en\/2023\/11\/20\/dhd-2024-early-career-reisestipendien\/\" >\n\t\t\t\tDHd 2024 Early-Career-Reisestipendien\t\t\t<\/a>\n\t\t<\/span>\n\t\t\t\t<div class=\"elementor-post__meta-data\">\n\t\t\t\t\t<span class=\"elementor-post-date\">\n\t\t\t20. November 2023\t\t<\/span>\n\t\t\t\t<\/div>\n\t\t\t\t<div class=\"elementor-post__excerpt\">\n\t\t\t<p>DHd 2024 Early-Career-Reisestipendien [A machine-translated English version of this text can be found below] Der Verband \u00bbDigital Humanities im deutschsprachigen\t\t<\/div>\n\t\t\n\t\t<a class=\"elementor-post__read-more\" href=\"https:\/\/digitalhumanities.de\/en\/2023\/11\/20\/dhd-2024-early-career-reisestipendien\/\" aria-label=\"Read more about DHd 2024 Early-Career-Reisestipendien\" tabindex=\"-1\" >\n\t\t\tWeiterlesen \u2192\t\t<\/a>\n\n\t\t\t\t<\/div>\n\t\t\t\t<\/article>\n\t\t\t\t<article class=\"elementor-post elementor-grid-item post-3101 post type-post status-publish format-standard hentry category-stipendien\">\n\t\t\t\t<div class=\"elementor-post__text\">\n\t\t\t\t<span class=\"elementor-post__title\">\n\t\t\t<a href=\"https:\/\/digitalhumanities.de\/en\/2023\/11\/20\/reisekostenstipendien-des-dhd-verbands-fuer-dh-nahe-tagungen\/\" >\n\t\t\t\tReisekostenstipendien des DHd-Verbands f\u00fcr DH-nahe Tagungen\t\t\t<\/a>\n\t\t<\/span>\n\t\t\t\t<div class=\"elementor-post__meta-data\">\n\t\t\t\t\t<span class=\"elementor-post-date\">\n\t\t\t20. November 2023\t\t<\/span>\n\t\t\t\t<\/div>\n\t\t\t\t<div class=\"elementor-post__excerpt\">\n\t\t\t<p>Reisekostenstipendien des DHd-Verbands f\u00fcr DH-nahe Tagungen [A machine-translated English version of this text can be found below] Der Verband \u00bbDigital\t\t<\/div>\n\t\t\n\t\t<a class=\"elementor-post__read-more\" href=\"https:\/\/digitalhumanities.de\/en\/2023\/11\/20\/reisekostenstipendien-des-dhd-verbands-fuer-dh-nahe-tagungen\/\" aria-label=\"Read more about Reisekostenstipendien des DHd-Verbands f\u00fcr DH-nahe Tagungen\" tabindex=\"-1\" >\n\t\t\tWeiterlesen \u2192\t\t<\/a>\n\n\t\t\t\t<\/div>\n\t\t\t\t<\/article>\n\t\t\t\t<article class=\"elementor-post elementor-grid-item post-3110 post type-post status-publish format-standard has-post-thumbnail hentry category-blog\">\n\t\t\t\t<div class=\"elementor-post__text\">\n\t\t\t\t<span class=\"elementor-post__title\">\n\t\t\t<a href=\"https:\/\/digitalhumanities.de\/en\/2023\/11\/14\/ein-jahr-fedihum-org-die-mastodon-instanz-des-dhd-verbands-hat-geburtstag\/\" >\n\t\t\t\tEin Jahr fedihum.org: Die Mastodon-Instanz des DHd-Verbands hat Geburtstag\t\t\t<\/a>\n\t\t<\/span>\n\t\t\t\t<div class=\"elementor-post__meta-data\">\n\t\t\t\t\t<span class=\"elementor-post-date\">\n\t\t\t14. November 2023\t\t<\/span>\n\t\t\t\t<\/div>\n\t\t\t\t<div class=\"elementor-post__excerpt\">\n\t\t\t<p>Vor genau einem Jahr, am 14. November 2022, rief der Verband der Digital Humanities im deutschsprachigen Raum (DHd) fedihum.org ins\t\t<\/div>\n\t\t\n\t\t<a class=\"elementor-post__read-more\" href=\"https:\/\/digitalhumanities.de\/en\/2023\/11\/14\/ein-jahr-fedihum-org-die-mastodon-instanz-des-dhd-verbands-hat-geburtstag\/\" aria-label=\"Read more about Ein Jahr fedihum.org: Die Mastodon-Instanz des DHd-Verbands hat Geburtstag\" tabindex=\"-1\" >\n\t\t\tWeiterlesen \u2192\t\t<\/a>\n\n\t\t\t\t<\/div>\n\t\t\t\t<\/article>\n\t\t\t\t<article class=\"elementor-post elementor-grid-item post-3099 post type-post status-publish format-standard has-post-thumbnail hentry category-community-forum category-veranstaltungen\">\n\t\t\t\t<div class=\"elementor-post__text\">\n\t\t\t\t<span class=\"elementor-post__title\">\n\t\t\t<a href=\"https:\/\/digitalhumanities.de\/en\/2023\/10\/09\/einladung-zum-dhd-community-forum-am-03-11-2023-14-uhr\/\" >\n\t\t\t\tEinladung zum DHd Community Forum am 03.11.2023, 14 Uhr\t\t\t<\/a>\n\t\t<\/span>\n\t\t\t\t<div class=\"elementor-post__meta-data\">\n\t\t\t\t\t<span class=\"elementor-post-date\">\n\t\t\t9. October 2023\t\t<\/span>\n\t\t\t\t<\/div>\n\t\t\t\t<div class=\"elementor-post__excerpt\">\n\t\t\t<p>Liebe Mitglieder des DHd-Verbandes und Interessierte, f\u00fcr unsere interdisziplin\u00e4re Community ist ein offener Austausch von gro\u00dfer Bedeutung. W\u00e4hrend die j\u00e4hrliche\t\t<\/div>\n\t\t\n\t\t<a class=\"elementor-post__read-more\" href=\"https:\/\/digitalhumanities.de\/en\/2023\/10\/09\/einladung-zum-dhd-community-forum-am-03-11-2023-14-uhr\/\" aria-label=\"Read more about Einladung zum DHd Community Forum am 03.11.2023, 14 Uhr\" tabindex=\"-1\" >\n\t\t\tWeiterlesen \u2192\t\t<\/a>\n\n\t\t\t\t<\/div>\n\t\t\t\t<\/article>\n\t\t\t\t<\/div>\n\t\t\n\t\t\t\t<div class=\"e-load-more-anchor\" data-page=\"1\" data-max-page=\"23\" data-next-page=\"https:\/\/digitalhumanities.de\/en\/wp-json\/wp\/v2\/pages\/3755\/page\/2\/\"><\/div>\n\t\t\t\t<nav class=\"elementor-pagination\" aria-label=\"Pagination\">\n\t\t\t<span class=\"page-numbers prev\"> \u2190  Voriger<\/span>\n<a class=\"page-numbers next\" href=\"https:\/\/digitalhumanities.de\/en\/wp-json\/wp\/v2\/pages\/3755\/page\/2\/\">N\u00e4chster \u2192<\/a>\t\t<\/nav>\n\t\t\t\t\t\t<\/div>\n\t\t\t\t<\/div>\n\t\t\t\t\t<\/div>\n\t\t\t\t<\/div>\n\t\t\t\t<\/div>\n\t\t","protected":false},"excerpt":{"rendered":"<p>News archive<\/p>","protected":false},"author":1,"featured_media":0,"parent":0,"menu_order":0,"comment_status":"closed","ping_status":"closed","template":"","meta":{"_acf_changed":false,"footnotes":""},"categories":[],"tags":[],"class_list":["post-3755","page","type-page","status-publish","hentry"],"acf":[],"_links":{"self":[{"href":"https:\/\/digitalhumanities.de\/en\/wp-json\/wp\/v2\/pages\/3755","targetHints":{"allow":["GET"]}}],"collection":[{"href":"https:\/\/digitalhumanities.de\/en\/wp-json\/wp\/v2\/pages"}],"about":[{"href":"https:\/\/digitalhumanities.de\/en\/wp-json\/wp\/v2\/types\/page"}],"author":[{"embeddable":true,"href":"https:\/\/digitalhumanities.de\/en\/wp-json\/wp\/v2\/users\/1"}],"replies":[{"embeddable":true,"href":"https:\/\/digitalhumanities.de\/en\/wp-json\/wp\/v2\/comments?post=3755"}],"version-history":[{"count":17,"href":"https:\/\/digitalhumanities.de\/en\/wp-json\/wp\/v2\/pages\/3755\/revisions"}],"predecessor-version":[{"id":4126,"href":"https:\/\/digitalhumanities.de\/en\/wp-json\/wp\/v2\/pages\/3755\/revisions\/4126"}],"wp:attachment":[{"href":"https:\/\/digitalhumanities.de\/en\/wp-json\/wp\/v2\/media?parent=3755"}],"wp:term":[{"taxonomy":"category","embeddable":true,"href":"https:\/\/digitalhumanities.de\/en\/wp-json\/wp\/v2\/categories?post=3755"},{"taxonomy":"post_tag","embeddable":true,"href":"https:\/\/digitalhumanities.de\/en\/wp-json\/wp\/v2\/tags?post=3755"}],"curies":[{"name":"wp","href":"https:\/\/api.w.org\/{rel}","templated":true}]}}