{"id":2872,"date":"2024-04-22T15:14:02","date_gmt":"2024-04-22T13:14:02","guid":{"rendered":"https:\/\/dig-hum.sjstudios.eu\/?page_id=2872"},"modified":"2026-02-06T20:47:30","modified_gmt":"2026-02-06T19:47:30","slug":"projektuebersicht","status":"publish","type":"page","link":"https:\/\/digitalhumanities.de\/en\/projektuebersicht\/","title":{"rendered":"Projekt\u00fcbersicht"},"content":{"rendered":"<div data-elementor-type=\"wp-page\" data-elementor-id=\"2872\" class=\"elementor elementor-2872\" data-elementor-post-type=\"page\">\n\t\t\t\t<div class=\"elementor-element elementor-element-51471759 e-flex e-con-boxed e-con e-parent\" data-id=\"51471759\" data-element_type=\"container\" data-e-type=\"container\">\n\t\t\t\t\t<div class=\"e-con-inner\">\n\t\t\t\t<div class=\"elementor-element elementor-element-2867f112 elementor-widget__width-initial elementor-widget-mobile__width-initial elementor-widget elementor-widget-heading\" data-id=\"2867f112\" data-element_type=\"widget\" data-e-type=\"widget\" data-widget_type=\"heading.default\">\n\t\t\t\t<div class=\"elementor-widget-container\">\n\t\t\t\t\t<h1 class=\"elementor-heading-title elementor-size-default\">Projekt\u00fcbersicht<\/h1>\t\t\t\t<\/div>\n\t\t\t\t<\/div>\n\t\t\t\t<div class=\"elementor-element elementor-element-6a447892 elementor-widget__width-initial elementor-widget elementor-widget-text-editor\" data-id=\"6a447892\" data-element_type=\"widget\" data-e-type=\"widget\" data-widget_type=\"text-editor.default\">\n\t\t\t\t<div class=\"elementor-widget-container\">\n\t\t\t\t\t\t\t\t\t<p>Folgende Projekte sind in unserer Projektdatenbank gelistet:<\/p><ul><li style=\"list-style-type: none;\"><ul><li><a href=\"https:\/\/digitalhumanities.de\/en\/projekt\/1914-1918-online\/\">1914-1918-online<\/a><\/li><li><a href=\"https:\/\/digitalhumanities.de\/en\/projekt\/arbeitskreis-digitale-kunstgeschichte\/\">Arbeitskreis Digitale Kunstgeschichte<\/a><\/li><li><a href=\"https:\/\/digitalhumanities.de\/en\/projekt\/arthur-schnitzler\/\">Arthur Schnitzler<\/a><\/li><li><a href=\"https:\/\/digitalhumanities.de\/en\/projekt\/auden-musulin-papers\/\">Auden Musulin Papers<\/a><\/li><li><a href=\"https:\/\/digitalhumanities.de\/en\/projekt\/aesthetiken-des-zugangs\/\">\u00c4sthetiken des Zugangs<\/a><\/li><li><a href=\"https:\/\/digitalhumanities.de\/en\/projekt\/bibliotheca-legum\/\"><span style=\"font-weight: 400;\">Bibliotheca legum<\/span><\/a><\/li><li><a href=\"https:\/\/digitalhumanities.de\/en\/projekt\/cagb\/\">CAGB<\/a><\/li><li><a href=\"https:\/\/digitalhumanities.de\/en\/projekt\/capitularia\/\">Capitularia<\/a><\/li><li><a href=\"https:\/\/digitalhumanities.de\/en\/projekt\/catma\/\">CATMA<\/a><\/li><li><a href=\"https:\/\/digitalhumanities.de\/en\/projekt\/classicmayan\/\">ClassicMayan<\/a><\/li><li><a href=\"https:\/\/digitalhumanities.de\/en\/projekt\/clariah-de\/\">CLARIAH-DE<\/a><\/li><li><a href=\"https:\/\/digitalhumanities.de\/en\/projekt\/closing-the-gap\/\">Closing the Gap<\/a><\/li><li><a href=\"https:\/\/digitalhumanities.de\/en\/projekt\/correspsearch-briefeditionen-durchsuchen-und-vernetzen\/\">correspSearch<\/a><\/li><li><a href=\"https:\/\/digitalhumanities.de\/en\/projekt\/dariah-de\/\">DARIAH-DE<\/a><\/li><li><a href=\"https:\/\/digitalhumanities.de\/en\/projekt\/dariah-de-geo-browser\/\">DARIAH-DE Geo-Browser<\/a><\/li><li><a href=\"https:\/\/digitalhumanities.de\/en\/projekt\/dariah-de-repository\/\">DARIAH-DE Repository<\/a><\/li><li><a href=\"https:\/\/digitalhumanities.de\/en\/projekt\/das-altaegyptische-totenbuch\/\">The Ancient Egyptian Book of the Dead<\/a><\/li><li><a href=\"https:\/\/digitalhumanities.de\/en\/projekt\/dehmel-digital\/\">Dehmel digital<\/a><\/li><li><a href=\"https:\/\/digitalhumanities.de\/en\/projekt\/demel-datenarchiv\/\">DEMel Datenarchiv<\/a><\/li><li><a href=\"https:\/\/digitalhumanities.de\/en\/projekt\/der-holocaust-in-ungarn-und-die-deportationen-nach-norddeutschland\/\">Der Holocaust in Ungarn und die Deportationen nach Norddeutschland<\/a><\/li><li><a href=\"https:\/\/digitalhumanities.de\/en\/projekt\/deutsches-textarchiv-dta\/\">Deutsches Textarchiv<\/a><\/li><li><a href=\"https:\/\/digitalhumanities.de\/en\/projekt\/dietrich-online\/\">Dietrich online<\/a><\/li><li><a href=\"https:\/\/digitalhumanities.de\/en\/projekt\/ediarum\/\">ediarum<\/a><\/li><li><a href=\"https:\/\/digitalhumanities.de\/en\/projekt\/elan\/\">ELAN<\/a><\/li><li><a href=\"https:\/\/digitalhumanities.de\/en\/projekt\/exmaralda\/\">EXMARaLDA<\/a><\/li><li><a href=\"https:\/\/digitalhumanities.de\/en\/projekt\/folk\/\">FOLK<\/a><\/li><li><a href=\"https:\/\/digitalhumanities.de\/en\/projekt\/fortext\/\">forText<\/a><\/li><li><a href=\"https:\/\/digitalhumanities.de\/en\/projekt\/gams\/\">GAMS<\/a><\/li><li><a href=\"https:\/\/digitalhumanities.de\/en\/projekt\/hamburger-schluesseldokumente-zur-deutsch-juedischen-geschichte\/\">Hamburger Schl\u00fcsseldokumente zur deutsch-j\u00fcdischen Geschichte<\/a><\/li><li><a href=\"https:\/\/digitalhumanities.de\/en\/projekt\/handkeonline\/\">HANDKEonline<\/a><\/li><li><a href=\"https:\/\/digitalhumanities.de\/en\/projekt\/heinrich-heine-portal\/\">Heinrich-Heine-Portal<\/a><\/li><li><a href=\"https:\/\/digitalhumanities.de\/en\/projekt\/hgis-de-las-indias\/\">HGIS de las Indias<\/a><\/li><li><a href=\"https:\/\/digitalhumanities.de\/en\/projekt\/hidden-kosmos\/\">Hidden Kosmos<\/a><\/li><li><a href=\"https:\/\/digitalhumanities.de\/en\/projekt\/hzsk\/\">HZSK<\/a><\/li><li><a href=\"https:\/\/digitalhumanities.de\/en\/projekt\/institut-fuer-dokumentologie-und-editorik\/\">Institut f\u00fcr Dokumentologie und Editorik e.V.<\/a><\/li><li><a href=\"https:\/\/digitalhumanities.de\/en\/projekt\/lesen-heisst-diese-uebung-und-dann\/\">\u201eLesen hei\u00dft diese \u00dcbung\u201c \u2013 und dann?\u00a0<\/a><\/li><li><a href=\"https:\/\/digitalhumanities.de\/en\/projekt\/medien-der-kooperation\/\">Media of Cooperation<\/a><\/li><li><a href=\"https:\/\/digitalhumanities.de\/en\/projekt\/projekt-2-ueberschrift\/\">MultiHTR<\/a><\/li><li><a href=\"https:\/\/digitalhumanities.de\/en\/projekt\/dies-ist-ein-titel\/\">Non-Latin Script Data<\/a><\/li><li><a href=\"https:\/\/digitalhumanities.de\/en\/projekt\/oekonomische-enzyclopaedie\/\">Oekonomische Enzyclopaedie von Kr\u00fcnitz online<\/a><\/li><li><a href=\"https:\/\/digitalhumanities.de\/en\/projekt\/oeuvres-de-frederic-le-grand\/\"><span style=\"font-weight: 400;\">\u0152uvres de Fr\u00e9d\u00e9ric le Grand<\/span><\/a><\/li><li><a href=\"https:\/\/digitalhumanities.de\/en\/projekt\/peter-handke-notizbuecher-2\/\">Peter Handke Notebooks<\/a><\/li><li><a href=\"https:\/\/digitalhumanities.de\/en\/projekt\/pinkasim-projekt\/\">Pinkasim-Project<\/a><\/li><li><a href=\"https:\/\/digitalhumanities.de\/en\/projekt\/projekt-disko\/\">Project DisKo<\/a><\/li><li><a href=\"https:\/\/digitalhumanities.de\/en\/projekt\/restaging-fashion-refa\/\">Restaging Fashion (ReFa)<\/a><\/li><li><a href=\"https:\/\/digitalhumanities.de\/en\/projekt\/revistas-culturales\/\">Revistas culturales 2.0<\/a><\/li><li><a href=\"https:\/\/digitalhumanities.de\/en\/projekt\/text\/\">Text+<\/a><\/li><li><a href=\"https:\/\/digitalhumanities.de\/en\/projekt\/woerterbuchnetz\/\">W\u00f6rterbuchnetz<\/a><\/li><li><a href=\"https:\/\/digitalhumanities.de\/en\/projekt\/zentrum-musik-edition-medien-zenmem\/\"><span style=\"font-weight: 400;\">Center for Music, Edition, Media (ZenMEM)<\/span><\/a><\/li><li><a href=\"https:\/\/digitalhumanities.de\/en\/projekt\/zeta-und-konsorten\/\">Zeta und Konsorten<\/a><\/li><\/ul><\/li><\/ul>\t\t\t\t\t\t\t\t<\/div>\n\t\t\t\t<\/div>\n\t\t\t\t\t<\/div>\n\t\t\t\t<\/div>\n\t\t\t\t<\/div>","protected":false},"excerpt":{"rendered":"<p>Folgende Projekte sind in unserer Projektdatenbank gelistet: 1914-1918-online Arbeitskreis Digitale Kunstgeschichte Arthur Schnitzler Auden Musulin Papers \u00c4sthetiken des Zugangs Bibliotheca legum CAGB Capitularia CATMA ClassicMayan CLARIAH-DE Closing the Gap correspSearch DARIAH-DE DARIAH-DE Geo-Browser DARIAH-DE Repository Das alt\u00e4gyptische Totenbuch Dehmel digital DEMel Datenarchiv Der Holocaust in Ungarn und die Deportationen nach Norddeutschland Deutsches Textarchiv Dietrich online [&hellip;]<\/p>\n","protected":false},"author":1,"featured_media":0,"parent":0,"menu_order":0,"comment_status":"closed","ping_status":"closed","template":"","meta":{"_acf_changed":false,"footnotes":""},"categories":[],"tags":[],"class_list":["post-2872","page","type-page","status-publish","hentry"],"acf":[],"_links":{"self":[{"href":"https:\/\/digitalhumanities.de\/en\/wp-json\/wp\/v2\/pages\/2872","targetHints":{"allow":["GET"]}}],"collection":[{"href":"https:\/\/digitalhumanities.de\/en\/wp-json\/wp\/v2\/pages"}],"about":[{"href":"https:\/\/digitalhumanities.de\/en\/wp-json\/wp\/v2\/types\/page"}],"author":[{"embeddable":true,"href":"https:\/\/digitalhumanities.de\/en\/wp-json\/wp\/v2\/users\/1"}],"replies":[{"embeddable":true,"href":"https:\/\/digitalhumanities.de\/en\/wp-json\/wp\/v2\/comments?post=2872"}],"version-history":[{"count":127,"href":"https:\/\/digitalhumanities.de\/en\/wp-json\/wp\/v2\/pages\/2872\/revisions"}],"predecessor-version":[{"id":5606,"href":"https:\/\/digitalhumanities.de\/en\/wp-json\/wp\/v2\/pages\/2872\/revisions\/5606"}],"wp:attachment":[{"href":"https:\/\/digitalhumanities.de\/en\/wp-json\/wp\/v2\/media?parent=2872"}],"wp:term":[{"taxonomy":"category","embeddable":true,"href":"https:\/\/digitalhumanities.de\/en\/wp-json\/wp\/v2\/categories?post=2872"},{"taxonomy":"post_tag","embeddable":true,"href":"https:\/\/digitalhumanities.de\/en\/wp-json\/wp\/v2\/tags?post=2872"}],"curies":[{"name":"wp","href":"https:\/\/api.w.org\/{rel}","templated":true}]}}