{"id":2444,"date":"2024-04-17T16:17:36","date_gmt":"2024-04-17T14:17:36","guid":{"rendered":"https:\/\/dig-hum.sjstudios.eu\/?page_id=2444"},"modified":"2024-04-19T15:38:56","modified_gmt":"2024-04-19T13:38:56","slug":"dhd-stellungnahme-zur-wahlordnung-dfg-fachkollegienwahl-2019-15-januar-2018","status":"publish","type":"page","link":"https:\/\/digitalhumanities.de\/en\/dhd-stellungnahme-zur-wahlordnung-dfg-fachkollegienwahl-2019-15-januar-2018\/","title":{"rendered":"DHd-Stellungnahme zur Wahlordnung DFG-Fachkollegienwahl 2019 (15. Januar 2018)"},"content":{"rendered":"<div data-elementor-type=\"wp-page\" data-elementor-id=\"2444\" class=\"elementor elementor-2444\" data-elementor-post-type=\"page\">\n\t\t\t\t<div class=\"elementor-element elementor-element-209eaf9d e-flex e-con-boxed e-con e-parent\" data-id=\"209eaf9d\" data-element_type=\"container\" data-e-type=\"container\">\n\t\t\t\t\t<div class=\"e-con-inner\">\n\t\t\t\t<div class=\"elementor-element elementor-element-77cb2dd5 elementor-widget__width-initial elementor-widget-mobile__width-initial elementor-widget elementor-widget-heading\" data-id=\"77cb2dd5\" data-element_type=\"widget\" data-e-type=\"widget\" data-widget_type=\"heading.default\">\n\t\t\t\t<div class=\"elementor-widget-container\">\n\t\t\t\t\t<h1 class=\"elementor-heading-title elementor-size-default\">DHd-Stellungnahme zur Wahlordnung DFG-Fachkollegienwahl 2019 (15. Januar 2018)<\/h1>\t\t\t\t<\/div>\n\t\t\t\t<\/div>\n\t\t\t\t<div class=\"elementor-element elementor-element-4a83963e elementor-widget__width-initial elementor-widget elementor-widget-text-editor\" data-id=\"4a83963e\" data-element_type=\"widget\" data-e-type=\"widget\" data-widget_type=\"text-editor.default\">\n\t\t\t\t<div class=\"elementor-widget-container\">\n\t\t\t\t\t\t\t\t\t<div class=\"content clearfix\"><div class=\"field field-name-body field-type-text-with-summary field-label-hidden\"><div class=\"field-items\"><div class=\"field-item even\"><p>Der Verband Digital Humanities im deutschsprachigen Raum e.V. (DHd) schlie\u00dft sich den Einspr\u00fcchen gegen die neue Wahlordnung f\u00fcr die DFG-Fachkollegienwahl 2019 an.<\/p><p>Die bereits von Seiten mehrerer Fachverb\u00e4nde ge\u00e4u\u00dferten Proteste gegen die am 26. September 2017 in Kraft getretene Wahlordnung f\u00fcr die Fachkollegienwahl 2019 sind Ausdruck der Sorge, dass die Perspektiven der Fachwissenschaften und der Qualit\u00e4tssicherung als entscheidende Kriterien bei der KandidatInnenwahl gef\u00e4hrdet werden durch die nun er\u00f6ffnete M\u00f6glichkeit einer \u2013 im Wahlvorgang nicht l\u00e4nger transparenten \u2013 rein strategischen B\u00fcndelung von Stimmen, wie sie fachungebunden etwa durch Allianzen von Universit\u00e4ten vorgenommen werden kann, wenn sechs oder mehr Nominierungen automatisch zur Aufnahme in die oberste Ranggruppe f\u00fchren.<\/p><p>Der Verband DHd, in dem Wissenschaftlerinnen und Wissenschaftler zahlreicher Disziplinen und Fachverb\u00e4nde zusammenwirken, begr\u00fc\u00dft grunds\u00e4tzlich die durch die vorausgehende Neufassung m\u00f6gliche Erstellung von Kandidierendenlisten durch die Wissenschaftsgemeinschaften, teilt<br \/>aber die bereits von einigen Verb\u00e4nden ge\u00e4u\u00dferte Sorge und empfiehlt dringlich, die Transparenz des Zustandekommens der Wahllisten f\u00fcr die W\u00e4hlerinnen und W\u00e4hler der Fachkollegien durch entsprechende, nicht erst \u201eim Anschluss an die Wahl ver\u00f6ffentlicht(e)\u201c Informationen herzustellen. Vielmehr sollte in die Wahlordnung wieder der fr\u00fchere Satz aufgenommen werden: \u201eUm die Transparenz der Auswahl zu gew\u00e4hrleisten, werden die Vorschlagenden in Zukunft in der Kandidierendenliste offengelegt\u201c. Dar\u00fcber hinaus kann der Bildung von \u201eNominierungskartellen\u201c nur dann vorgebeugt werden, wenn in dem Verfahren ein Proporz zwischen den wissenschaftlichen Fachgesellschaften und forschungspolitischen Akteuren hergestellt wird.<\/p><p>Der Vorstand der DHd pl\u00e4diert daher nachdr\u00fccklich f\u00fcr entsprechende \u00c4nderungen der neuen Wahlordnung.<\/p><\/div><\/div><\/div><\/div>\t\t\t\t\t\t\t\t<\/div>\n\t\t\t\t<\/div>\n\t\t\t\t\t<\/div>\n\t\t\t\t<\/div>\n\t\t\t\t<\/div>","protected":false},"excerpt":{"rendered":"<p>Der Verband Digital Humanities im deutschsprachigen Raum e.V. (DHd) schlie\u00dft sich den Einspr\u00fcchen gegen die neue Wahlordnung f\u00fcr die DFG-Fachkollegienwahl 2019 an. Die bereits von Seiten mehrerer Fachverb\u00e4nde ge\u00e4u\u00dferten Proteste gegen die am 26. September 2017 in Kraft getretene Wahlordnung f\u00fcr die Fachkollegienwahl 2019 sind Ausdruck der Sorge, dass die Perspektiven der Fachwissenschaften und der [&hellip;]<\/p>\n","protected":false},"author":1,"featured_media":0,"parent":0,"menu_order":0,"comment_status":"closed","ping_status":"closed","template":"","meta":{"_acf_changed":false,"footnotes":""},"categories":[156],"tags":[],"class_list":["post-2444","page","type-page","status-publish","hentry","category-stellungnahme"],"acf":[],"_links":{"self":[{"href":"https:\/\/digitalhumanities.de\/en\/wp-json\/wp\/v2\/pages\/2444","targetHints":{"allow":["GET"]}}],"collection":[{"href":"https:\/\/digitalhumanities.de\/en\/wp-json\/wp\/v2\/pages"}],"about":[{"href":"https:\/\/digitalhumanities.de\/en\/wp-json\/wp\/v2\/types\/page"}],"author":[{"embeddable":true,"href":"https:\/\/digitalhumanities.de\/en\/wp-json\/wp\/v2\/users\/1"}],"replies":[{"embeddable":true,"href":"https:\/\/digitalhumanities.de\/en\/wp-json\/wp\/v2\/comments?post=2444"}],"version-history":[{"count":8,"href":"https:\/\/digitalhumanities.de\/en\/wp-json\/wp\/v2\/pages\/2444\/revisions"}],"predecessor-version":[{"id":2815,"href":"https:\/\/digitalhumanities.de\/en\/wp-json\/wp\/v2\/pages\/2444\/revisions\/2815"}],"wp:attachment":[{"href":"https:\/\/digitalhumanities.de\/en\/wp-json\/wp\/v2\/media?parent=2444"}],"wp:term":[{"taxonomy":"category","embeddable":true,"href":"https:\/\/digitalhumanities.de\/en\/wp-json\/wp\/v2\/categories?post=2444"},{"taxonomy":"post_tag","embeddable":true,"href":"https:\/\/digitalhumanities.de\/en\/wp-json\/wp\/v2\/tags?post=2444"}],"curies":[{"name":"wp","href":"https:\/\/api.w.org\/{rel}","templated":true}]}}