{"id":2400,"date":"2024-04-15T17:51:11","date_gmt":"2024-04-15T15:51:11","guid":{"rendered":"https:\/\/dig-hum.sjstudios.eu\/?page_id=2400"},"modified":"2025-03-07T12:19:40","modified_gmt":"2025-03-07T11:19:40","slug":"dhd-awards-allgemeine-informationen","status":"publish","type":"page","link":"https:\/\/digitalhumanities.de\/en\/dhd-awards-allgemeine-informationen\/","title":{"rendered":"General information"},"content":{"rendered":"<div data-elementor-type=\"wp-page\" data-elementor-id=\"2400\" class=\"elementor elementor-2400\" data-elementor-post-type=\"page\">\n\t\t\t\t<div class=\"elementor-element elementor-element-7f1b41f9 e-flex e-con-boxed e-con e-parent\" data-id=\"7f1b41f9\" data-element_type=\"container\" data-e-type=\"container\">\n\t\t\t\t\t<div class=\"e-con-inner\">\n\t\t\t\t<div class=\"elementor-element elementor-element-6b434882 elementor-widget__width-initial elementor-widget-mobile__width-initial elementor-widget elementor-widget-heading\" data-id=\"6b434882\" data-element_type=\"widget\" data-e-type=\"widget\" data-widget_type=\"heading.default\">\n\t\t\t\t<div class=\"elementor-widget-container\">\n\t\t\t\t\t<h1 class=\"elementor-heading-title elementor-size-default\">General information<\/h1>\t\t\t\t<\/div>\n\t\t\t\t<\/div>\n\t\t\t\t<div class=\"elementor-element elementor-element-a2f2b90 elementor-widget__width-initial elementor-widget elementor-widget-text-editor\" data-id=\"a2f2b90\" data-element_type=\"widget\" data-e-type=\"widget\" data-widget_type=\"text-editor.default\">\n\t\t\t\t<div class=\"elementor-widget-container\">\n\t\t\t\t\t\t\t\t\t<p><strong>Awards f\u00fcr beste Poster, bester Posterpr\u00e4sentation (Posterslam) sowie weitere Stipendien<\/strong><\/p><p>Bei den Jahresversammlungen der DHd haben Sie jeweils die M\u00f6glichkeit, das beste Poster zu w\u00e4hlen (Poster-Award). Die Poster mit den meisten Stimmen erhalten einen Preis und eine entsprechende Urkunde.<br \/>Gleiches gilt f\u00fcr die beste Pr\u00e4sentation eines Posters im Rahmen eines Posterslams (Posterslam-Award).<\/p><p>Neben den Poster-Awards bem\u00fchen sich der Vorstand der DHd und weitere Sponsoren j\u00e4hrlich um die Vergabe von Reisestipendien zu den Tagungen des Verbands. N\u00e4here Informationen zum Bewerbungsverfahren finden Sie jeweils bei der Ank\u00fcndigung der n\u00e4chstj\u00e4hrigen Tagung.<\/p><p>Dar\u00fcber hinaus hat die DHd im Jahr 2016 den Lisa Lena Opas-H\u00e4nninen Young Scholar Prize der ADHO verliehen.<\/p><p>Zu den DHd-Awards 2014-2022 geht es hier:\u00a0<a href=\"https:\/\/dig-hum.de\/dhd-awards-2014-2022\">https:\/\/dig-hum.de\/dhd-awards-2014-2022<\/a><\/p><p>Zur DHd-Awards 2023\u00a0\u00dcbersicht geht es hier:\u00a0<a href=\"https:\/\/dig-hum.de\/dhd-awards-2023\">https:\/\/dig-hum.de\/dhd-awards-2023<\/a><\/p>\t\t\t\t\t\t\t\t<\/div>\n\t\t\t\t<\/div>\n\t\t\t\t\t<\/div>\n\t\t\t\t<\/div>\n\t\t\t\t<\/div>","protected":false},"excerpt":{"rendered":"<p>Awards f\u00fcr beste Poster, bester Posterpr\u00e4sentation (Posterslam) sowie weitere Stipendien Bei den Jahresversammlungen der DHd haben Sie jeweils die M\u00f6glichkeit, das beste Poster zu w\u00e4hlen (Poster-Award). Die Poster mit den meisten Stimmen erhalten einen Preis und eine entsprechende Urkunde.Gleiches gilt f\u00fcr die beste Pr\u00e4sentation eines Posters im Rahmen eines Posterslams (Posterslam-Award). Neben den Poster-Awards bem\u00fchen [&hellip;]<\/p>\n","protected":false},"author":1,"featured_media":0,"parent":0,"menu_order":0,"comment_status":"closed","ping_status":"closed","template":"","meta":{"_acf_changed":false,"footnotes":""},"categories":[158],"tags":[],"class_list":["post-2400","page","type-page","status-publish","hentry","category-infoseite"],"acf":[],"_links":{"self":[{"href":"https:\/\/digitalhumanities.de\/en\/wp-json\/wp\/v2\/pages\/2400","targetHints":{"allow":["GET"]}}],"collection":[{"href":"https:\/\/digitalhumanities.de\/en\/wp-json\/wp\/v2\/pages"}],"about":[{"href":"https:\/\/digitalhumanities.de\/en\/wp-json\/wp\/v2\/types\/page"}],"author":[{"embeddable":true,"href":"https:\/\/digitalhumanities.de\/en\/wp-json\/wp\/v2\/users\/1"}],"replies":[{"embeddable":true,"href":"https:\/\/digitalhumanities.de\/en\/wp-json\/wp\/v2\/comments?post=2400"}],"version-history":[{"count":11,"href":"https:\/\/digitalhumanities.de\/en\/wp-json\/wp\/v2\/pages\/2400\/revisions"}],"predecessor-version":[{"id":5295,"href":"https:\/\/digitalhumanities.de\/en\/wp-json\/wp\/v2\/pages\/2400\/revisions\/5295"}],"wp:attachment":[{"href":"https:\/\/digitalhumanities.de\/en\/wp-json\/wp\/v2\/media?parent=2400"}],"wp:term":[{"taxonomy":"category","embeddable":true,"href":"https:\/\/digitalhumanities.de\/en\/wp-json\/wp\/v2\/categories?post=2400"},{"taxonomy":"post_tag","embeddable":true,"href":"https:\/\/digitalhumanities.de\/en\/wp-json\/wp\/v2\/tags?post=2400"}],"curies":[{"name":"wp","href":"https:\/\/api.w.org\/{rel}","templated":true}]}}