{"id":2391,"date":"2024-04-15T17:24:42","date_gmt":"2024-04-15T15:24:42","guid":{"rendered":"https:\/\/dig-hum.sjstudios.eu\/?page_id=2391"},"modified":"2026-04-09T17:15:56","modified_gmt":"2026-04-09T15:15:56","slug":"dhd-awards-2026","status":"publish","type":"page","link":"https:\/\/digitalhumanities.de\/en\/dhd-awards-2026\/","title":{"rendered":"DHd-Awards (2026)"},"content":{"rendered":"<div data-elementor-type=\"wp-page\" data-elementor-id=\"2391\" class=\"elementor elementor-2391\" data-elementor-post-type=\"page\">\n\t\t\t\t<div class=\"elementor-element elementor-element-30d69780 e-flex e-con-boxed e-con e-parent\" data-id=\"30d69780\" data-element_type=\"container\" data-e-type=\"container\">\n\t\t\t\t\t<div class=\"e-con-inner\">\n\t\t\t\t<div class=\"elementor-element elementor-element-66c4bf26 elementor-widget__width-initial elementor-widget-mobile__width-initial elementor-widget elementor-widget-heading\" data-id=\"66c4bf26\" data-element_type=\"widget\" data-e-type=\"widget\" data-widget_type=\"heading.default\">\n\t\t\t\t<div class=\"elementor-widget-container\">\n\t\t\t\t\t<h1 class=\"elementor-heading-title elementor-size-default\">DHd-Awards (2026)<\/h1>\t\t\t\t<\/div>\n\t\t\t\t<\/div>\n\t\t\t\t<div class=\"elementor-element elementor-element-2f4a7d72 elementor-widget__width-initial elementor-widget elementor-widget-text-editor\" data-id=\"2f4a7d72\" data-element_type=\"widget\" data-e-type=\"widget\" data-widget_type=\"text-editor.default\">\n\t\t\t\t<div class=\"elementor-widget-container\">\n\t\t\t\t\t\t\t\t\t<p>W\u00e4hrend der 9. Jahrestagung des Verbands Digital Humanities im deutschsprachigen Raum e.V., die vom 13. bis 17. M\u00e4rz 2022 unter dem Titel \u00bbOpen Humanities Open Culture\u00ab von der Universit\u00e4t Trier und der Universit\u00e9 du Luxembourg ausgerichtet wird, fand am 16. M\u00e4rz eine Postersession mit insgesamt 44\u00a0Postern statt.<\/p><h2><strong>Poster-Award<\/strong><\/h2><p><strong>1. Preis<\/strong><\/p><p>Der 1. Preis des DHd-Poster-Awards 2023\u00a0fiel dabei auf das Poster:<\/p><ul><li>Titel: <strong>Open Jean Paul.\u00a0Funktionen und Potentiale offener Editionsdaten<\/strong><\/li><li>Gewinnerin und Gewinner: <strong>Frederike Neuber, Axelle Lecroq<\/strong><\/li><li>Link zum Poster: <a href=\"https:\/\/doi.org\/10.5281\/zenodo.7711453\">https:\/\/doi.org\/10.5281\/zenodo.7711453<\/a><\/li><\/ul><h3>\u00a0<\/h3><p><strong>2. Preis<\/strong><\/p><p>Der 2. Preis des DHd-Poster-Awards 2023\u00a0fiel dabei auf das Poster:<\/p><ul><li>Titel: <strong>Open Archives VR. Ein 3D-Modell des Theodor-Fontane-Archivs als interaktiver Erlebnis- und Kommunikationsraum <\/strong><\/li><li>Gewinner: <strong>Vanessa Brandes, Anna Busch, Peer Trilcke, Ronny Zimmerman<\/strong><\/li><li>Link zum Poster: <a href=\"https:\/\/doi.org\/10.5281\/zenodo.7711489\">https:\/\/doi.org\/10.5281\/zenodo.7711489<\/a><\/li><\/ul><h3>\u00a0<\/h3><p><strong>3. Preis<\/strong><\/p><p>Der 3. Preis des DHd-Poster-Awards 2023\u00a0fiel dabei auf das Poster:<\/p><ul><li>Titel: <strong>Das Th\u00fcringische Flurnamenportal<\/strong><\/li><li>Gewinnerinnen: <strong>Barbara Aehnlich, Petra Kunz<\/strong><\/li><li>Link zum Poster:\u00a0<a href=\"https:\/\/doi.org\/10.5281\/zenodo.7711425\">https:\/\/doi.org\/10.5281\/zenodo.7711425<\/a><\/li><\/ul><h2>\u00a0<\/h2><h2><strong>Posterslam-Award<\/strong><\/h2><p><strong>1. Preis<\/strong><\/p><p>Der 1. Preis f\u00fcr den besten Posterslam-Beitrag 2023\u00a0fiel dabei auf die Vorstellung des Posters:<\/p><ul><li>Titel: <strong>What was Theoretical Biology? A Topic-Modelling Analysis of a Multilingual Corpus of Monographs and Journals, 1914\u20131945<\/strong><\/li><li>Vorstellung: <strong>Alexander B\u00f6hm<\/strong> (Ruhr-Universit\u00e4t Bochum), <strong>Stefan Reiners-Selbach <\/strong>(Heinrich-Heine-Universit\u00e4t D\u00fcsseldorf), <strong>Jan Baedke<\/strong> (Ruhr-Universit\u00e4t Bochum), <strong>Alejandro F\u00e1bregas Tejeda<\/strong> (Ruhr-Universit\u00e4t Bochum) und Daniel J. Nicholson (George Mason University)<\/li><li>Link zum Poster: <a href=\"https:\/\/zenodo.org\/record\/6322557\">https:\/\/zenodo.org\/record\/6322557<\/a><\/li><\/ul><h3>\u00a0<\/h3><p><strong>2. Preis<\/strong><\/p><p>Der 2. Preis f\u00fcr den besten Posterslam-Beitrag 2023\u00a0fiel dabei auf die Vorstellung des Posters:<\/p><ul><li>Titel: <strong>Opening a Journal. Erfahrungen bei der Gr\u00fcndung\u00a0des Journal of Computational Literary Studies<\/strong><\/li><li>Vorstellung: E<strong>velyn Gius, Christof Sch\u00f6ch, Peer Trilcke, Dominik Gerstorfer, Svenja Guhr, Elodie Ripoll, Henny Sluyter-G\u00e4thje<\/strong><\/li><li>Link zum Poster:\u00a0<a href=\"https:\/\/doi.org\/10.5281\/zenodo.7711471\">https:\/\/doi.org\/10.5281\/zenodo.7711471<\/a><\/li><\/ul><h3>\u00a0<\/h3><p><strong>3. Preis<\/strong><\/p><p>Der 3. Preis f\u00fcr den besten Posterslam-Beitrag 2023\u00a0fiel dabei auf die Vorstellung des Posters:<\/p><ul><li>Titel: <strong>Tool Studies 2.0 \u2013 Zum Potenzial von Transformen f\u00fcr die Erkennung und Klassifikation von Software-Tools in DH-Publikationen\u00a0<\/strong><\/li><li>Vorstellung: <strong>Tool Studies 2.0 \u2013 Zum Potenzial von Transformen f\u00fcr die Erkennung und Klassifikation von Software-Tools in DH-Publikationen\u00a0<\/strong><\/li><li>Link zum Poster:\u00a0<a href=\"https:\/\/doi.org\/10.5281\/zenodo.7715898\">https:\/\/doi.org\/10.5281\/zenodo.7715898<\/a><\/li><\/ul><h2>\u00a0<\/h2><h2><strong>Stipendiat:innen<\/strong><\/h2><p>Die Reisestipendien wurden 2023\u00a0gemeinsam vonNFDI4Culture, NFDI4memory,\u00a0Geistes- und kulturwissenschaftliche Forschungsinfrastrukturen und DHd vergeben. Die Gewinner 2023\u00a0waren:<\/p><p>Stipendien von NFDI4Culture, NFDI4memory,\u00a0Geistes- und kulturwissenschaftliche Forschungsinfrastrukturen und DHd:<\/p><ul><li>Noah Baumann<\/li><li>Anna-Lena Brunecker<\/li><li>Celine Conzen<\/li><li>Lena Ehlers<\/li><li>Jorina Fenner<\/li><li>Cecilia Graiff<\/li><li>Greta Maldener<\/li><li>Lukas Panzer<\/li><li>Vera Piontkowitz<\/li><li>Julia Tolksdorf<\/li><li>Antonia Saske<\/li><\/ul><p>Gerda-Henkel-Stipendien:<\/p><ul><li>Melanie Althage<\/li><li>Janos Borst<\/li><li>Svenja Galka<\/li><li>Pia Gei\u00dfel<\/li><li>Svenja Guhr<\/li><li>Jonas Kaiser<\/li><li>Tianyi Kou-Herrema<\/li><li>Fynn Petersen-Frey<\/li><li>Nina Rastinger<\/li><li>Berenike Rensinghoff<\/li><li>Miriam Schirmer<\/li><li>Henny Sluyter-G\u00e4thje<\/li><li>Philipp Schneider<\/li><li>Lena-Luise Stahn<\/li><li>Julian Stalter<\/li><li>Nadine Sutor<\/li><li>Maximilian Teich<\/li><\/ul><p><em>Zur DHd-Awards \u00dcbersicht der Jahre 2014 bis 2022\u00a0geht es hier:<br \/><a href=\"http:\/\/dig-hum.de\/dhd-awards-2014-2022\">https:\/\/dig-hum.de\/dhd-awards-2014-2022<\/a><\/em><\/p>\t\t\t\t\t\t\t\t<\/div>\n\t\t\t\t<\/div>\n\t\t\t\t\t<\/div>\n\t\t\t\t<\/div>\n\t\t\t\t<\/div>","protected":false},"excerpt":{"rendered":"<p>W\u00e4hrend der 9. Jahrestagung des Verbands Digital Humanities im deutschsprachigen Raum e.V., die vom 13. bis 17. M\u00e4rz 2022 unter dem Titel \u00bbOpen Humanities Open Culture\u00ab von der Universit\u00e4t Trier und der Universit\u00e9 du Luxembourg ausgerichtet wird, fand am 16. M\u00e4rz eine Postersession mit insgesamt 44\u00a0Postern statt. Poster-Award 1. Preis Der 1. Preis des DHd-Poster-Awards [&hellip;]<\/p>\n","protected":false},"author":1,"featured_media":0,"parent":0,"menu_order":0,"comment_status":"closed","ping_status":"closed","template":"","meta":{"_acf_changed":false,"footnotes":""},"categories":[158],"tags":[],"class_list":["post-2391","page","type-page","status-publish","hentry","category-infoseite"],"acf":[],"_links":{"self":[{"href":"https:\/\/digitalhumanities.de\/en\/wp-json\/wp\/v2\/pages\/2391","targetHints":{"allow":["GET"]}}],"collection":[{"href":"https:\/\/digitalhumanities.de\/en\/wp-json\/wp\/v2\/pages"}],"about":[{"href":"https:\/\/digitalhumanities.de\/en\/wp-json\/wp\/v2\/types\/page"}],"author":[{"embeddable":true,"href":"https:\/\/digitalhumanities.de\/en\/wp-json\/wp\/v2\/users\/1"}],"replies":[{"embeddable":true,"href":"https:\/\/digitalhumanities.de\/en\/wp-json\/wp\/v2\/comments?post=2391"}],"version-history":[{"count":36,"href":"https:\/\/digitalhumanities.de\/en\/wp-json\/wp\/v2\/pages\/2391\/revisions"}],"predecessor-version":[{"id":5698,"href":"https:\/\/digitalhumanities.de\/en\/wp-json\/wp\/v2\/pages\/2391\/revisions\/5698"}],"wp:attachment":[{"href":"https:\/\/digitalhumanities.de\/en\/wp-json\/wp\/v2\/media?parent=2391"}],"wp:term":[{"taxonomy":"category","embeddable":true,"href":"https:\/\/digitalhumanities.de\/en\/wp-json\/wp\/v2\/categories?post=2391"},{"taxonomy":"post_tag","embeddable":true,"href":"https:\/\/digitalhumanities.de\/en\/wp-json\/wp\/v2\/tags?post=2391"}],"curies":[{"name":"wp","href":"https:\/\/api.w.org\/{rel}","templated":true}]}}