{"id":2362,"date":"2024-04-15T16:37:06","date_gmt":"2024-04-15T14:37:06","guid":{"rendered":"https:\/\/dig-hum.sjstudios.eu\/?page_id=2362"},"modified":"2026-03-02T12:31:29","modified_gmt":"2026-03-02T11:31:29","slug":"dhd-awards-2014-2025","status":"publish","type":"page","link":"https:\/\/digitalhumanities.de\/en\/dhd-awards-2014-2025\/","title":{"rendered":"DHd Awards (2014-2025)"},"content":{"rendered":"<div data-elementor-type=\"wp-page\" data-elementor-id=\"2362\" class=\"elementor elementor-2362\" data-elementor-post-type=\"page\">\n\t\t\t\t<div class=\"elementor-element elementor-element-39ebab8c e-flex e-con-boxed e-con e-parent\" data-id=\"39ebab8c\" data-element_type=\"container\" data-e-type=\"container\">\n\t\t\t\t\t<div class=\"e-con-inner\">\n\t\t\t\t<div class=\"elementor-element elementor-element-3b6c7902 elementor-widget__width-initial elementor-widget-mobile__width-initial elementor-widget elementor-widget-heading\" data-id=\"3b6c7902\" data-element_type=\"widget\" data-e-type=\"widget\" data-widget_type=\"heading.default\">\n\t\t\t\t<div class=\"elementor-widget-container\">\n\t\t\t\t\t<h1 class=\"elementor-heading-title elementor-size-default\">DHd Awards (2014-2025)<\/h1>\t\t\t\t<\/div>\n\t\t\t\t<\/div>\n\t\t\t\t<div class=\"elementor-element elementor-element-62c986a4 elementor-widget__width-initial elementor-widget elementor-widget-text-editor\" data-id=\"62c986a4\" data-element_type=\"widget\" data-e-type=\"widget\" data-widget_type=\"text-editor.default\">\n\t\t\t\t<div class=\"elementor-widget-container\">\n\t\t\t\t\t\t\t\t\t<div class=\"region region-content\"><div id=\"block-system-main\" class=\"block block-system\"><div class=\"content\"><div id=\"node-246\" class=\"node node-page\"><div class=\"content clearfix\"><div class=\"field field-name-body field-type-text-with-summary field-label-hidden\"><div class=\"field-items\"><div class=\"field-item even\"><p>Bei den Jahresversammlungen der DHd haben Sie jeweils die M\u00f6glichkeit, das beste pr\u00e4sentierte Poster zu w\u00e4hlen. Die Poster mit den meisten Stimmen erhalten einen Preis und eine entsprechende Urkunde. Neben den Poster-Awards bem\u00fchen sich der Vorstand der DHd und weitere Sponsoren j\u00e4hrlich um die Vergabe von Reisestipendien zu den Tagungen des Verbands. N\u00e4here Informationen zum Bewerbungsverfahren finden Sie jeweils bei der Ank\u00fcndigung der n\u00e4chstj\u00e4hrigen Tagung. Dar\u00fcber hinaus hat die DHd im Jahr 2016 den Lisa Lena Opas-H\u00e4nninen Young Scholar Prize der ADHO verliehen.<\/p><p><strong><em>Zur DHd-Awards 2023\u00a0\u00dcbersicht geht es hier: <a href=\"https:\/\/dig-hum.de\/dhd-awards-2022\">https:\/\/dig-hum.de\/dhd-awards-2022<\/a><\/em><\/strong><\/p><p>\u00a0<\/p><\/div><\/div><div class=\"field-items\"><h2><strong>DHd 2022 an der Univsersit\u00e4t und Fachhochschule Potsdam<\/strong><\/h2><h3>&#8222;Kulturen des digitalen Ged\u00e4chtnisses&#8220;<\/h3><p><strong>Poster-Award<\/strong><\/p><p>1. Preis: Anna Busch, Torsten Roeder:\u00a0<a href=\"https:\/\/zenodo.org\/record\/6322559\">Aufbau eines Referenzkorpus \u201cErste S\u00e4tze in der deutschsprachigen Literatur\u201d<\/a><br \/>2. Preis:\u00a0Malte Meister,\u00a0Michael Vauth, Dominik Gerstorfer:\u00a0<a href=\"https:\/\/zenodo.org\/record\/6322532\">GitMA: CATMA-Daten via Git abrufen und mittels Python-Bibliothek weiterverarbeiten<\/a><br \/>3. Preis:\u00a0Ulrike Henny-Krahmer,\u00a0Frederike Neuber,\u00a0Martina Scholger:\u00a0<a href=\"https:\/\/zenodo.org\/record\/6322571\">Informationstechnologische Ged\u00e4chtnisarbeit in der Rezensionszeitschrift RIDE<\/a><\/p><h3>\u00a0<\/h3><p><strong>Posterslam-Award<\/strong><\/p><p>1. Preis:\u00a0Alexander B\u00f6hm,\u00a0Stefan Reiners-Selbach,\u00a0Jan Baedke,\u00a0Alejandro F\u00e1bregas Tejeda,\u00a0Daniel J. Nicholson:\u00a0What was Theoretical Biology? A Topic-Modelling Analysis of a Multilingual Corpus of Monographs and Journals, 1914\u20131945<br \/>2. Preis:\u00a0Andr\u00e9 Blessing,\u00a0Jan Hess,\u00a0Kerstin Jung:\u00a0\u201eJa, jetzt ist das langweilig. Aber in zwanzig Jahren!\u201c \u2013 Bereitstellung, Zugang und Analyse literarischer Blogs am Beispiel des Techniktagebuchs<br \/>2. Preis:\u00a0Andrea Rapp,\u00a0Stefan B\u00fcdenbender,\u00a0Nadine Dietz,\u00a0Lena Dunkelmann,\u00a0Stefan Schmunk,\u00a0Melanie E.-H. Seltmann,\u00a0Thomas St\u00e4cker,\u00a0Stephanie Werner,\u00a0Eva L. Wyss:\u00a0Mein liebster Schatz! Das Citizen Science-Projekt Gru\u00df &amp; Kuss stellt sich vor<\/p><h3>\u00a0<\/h3><p><strong>Reisestipendien<\/strong><\/p><p>Die Reisestipendien wurden 2022\u00a0gemeinsam von DHd, NFDI4Culture, Geistes- und kulturwissenschaftliche Forschungsinfrastrukturen, Gerda-Henkel-Stiftung,\u00a0Moses Mendelssohn Zentrum und Universit\u00e4t Potsdam vergeben. Die Gewinner 2022\u00a0waren:<\/p><p>Stipendien von NFDI4Culture, Geistes- und kulturwissenschaftliche Forschungsinfrastrukturen, DHd und Universit\u00e4t Potsdam:<\/p><ul><li>Rebekka Borges<\/li><li>Fabienne Burkard<\/li><li>Sofie Dobbener<\/li><li>Moana Ewald<\/li><li>Lena Fr\u00f6mmel<\/li><li>Lea-Kathrin Glei\u00dfner<\/li><li>Julian Jacopo H\u00e4u\u00dfler<\/li><li>Maximilian Hebeis<\/li><li>Jana Klinger<\/li><li>Eike Martin L\u00f6hden<\/li><li>Elisabeth Mollenhauer<\/li><li>Rena Nagata<\/li><li>Serena Obkircher<\/li><li>Sarah Ondraszek<\/li><li>Torsten Roeder<\/li><li>Anna-Lena Schumacher<\/li><li>Teresa Wolf<\/li><li>Victor Zimmermann<\/li><\/ul><p>Gerda-Henkel-Stipendien:<\/p><ul><li>Svenja Guhr<\/li><li>Tianyi Kou<\/li><li>Emilia Annabella Radmacher<\/li><li>Thomas Schmidt<\/li><li>Nadine Sutor<\/li><li>Kevin Wunsch<\/li><\/ul><p>Moses Mendelssohn Zentrum- Stipendien:<\/p><ul><li>Niklas L\u00e4mmel (Buber-Rosenzweig-Institut, Goethe Universit\u00e4t Frankfurt)<\/li><li>Martin J. Kudla (Ludwig-Maximilians-Universit\u00e4t M\u00fcnchen)<\/li><\/ul><\/div><\/div><\/div><\/div><\/div><\/div><\/div><h2>\u00a0<\/h2><div class=\"region region-content\"><div id=\"block-system-main\" class=\"block block-system\"><div class=\"content\"><div id=\"node-246\" class=\"node node-page\"><div class=\"content clearfix\"><div class=\"field field-name-body field-type-text-with-summary field-label-hidden\"><div class=\"field-items\"><h2><strong>DHd 2020 an der Universit\u00e4t Paderborn<\/strong><\/h2><h3>&#8222;Spielr\u00e4ume &#8211; Digital Humanities zwischen Modellierung und Interpretation&#8220;<\/h3><p><strong>Poster-Award<\/strong><\/p><p>Die Gewinner des Posterpreises 2020 waren:<\/p><ol><li>Preis: Frank Fischer, Anna Busch, Angelika Hechtl, Peer Trilcke, Andreas Vogel: <a href=\"https:\/\/t.co\/WJ0bll5MoH?amp=1\">Besuch im &#8218;Marstheater&#8216; &#8211; Eine Netzwerkmodellierung von Karl Kraus&#8216; Riesendrama &#8218;Die letzten Tage der Menschheit&#8216;<\/a><\/li><li>Preis: Martin Scholz, Jacqueline Klusik-Eckert: Aufbau und Erfahrungen aus dem Digital Humanities Lab der Universit\u00e4t Erlangen-N\u00fcrnberg<\/li><li>Preis: Julian Schulz, Stefanie Schneider, Osman Cakir, Linus Kohl, Alexandra Rei\u00dfer: Schmankerl Time Machine. Rechnerisch-explorative Zug\u00e4nge zur Gastronomie in M\u00fcnchen<\/li><\/ol><h3>\u00a0<\/h3><p><strong>Posterslam-Award<\/strong><\/p><ol><li>Preis: Hannah Busch, Tessa Gengnagel, Daniela Schulz: Early Stage Digital Medievalist Subcommittee. Vernetzen, entgrenzen, Spielr\u00e4ume schaffen<\/li><li>Preis: Christian Steiner, Helmut W. Klug: Spielr\u00e4ume definieren: Cooking Recipes of the Middle Ages<\/li><li>Preis: Thomas Schmidt, Marlene Bauer, Florian Habler, Hannes Heuberger, Florian Pilsl, Christian Wolff: Der Einsatz von Distant Reading auf einem Korpus deutschsprachiger Songtexte<\/li><\/ol><h3>\u00a0<\/h3><h3><strong>Reisestipendien<\/strong><\/h3><p><a href=\"https:\/\/dhd-blog.org\/?p=13081\">\u00dcbersicht aller Reisestipendiatinnen und -stipendiaten der DHd2020<\/a><\/p><\/div><\/div><\/div><\/div><\/div><\/div><\/div>\t\t\t\t\t\t\t\t<\/div>\n\t\t\t\t<\/div>\n\t\t\t\t\t<\/div>\n\t\t\t\t<\/div>\n\t\t\t\t<\/div>","protected":false},"excerpt":{"rendered":"<p>Bei den Jahresversammlungen der DHd haben Sie jeweils die M\u00f6glichkeit, das beste pr\u00e4sentierte Poster zu w\u00e4hlen. Die Poster mit den meisten Stimmen erhalten einen Preis und eine entsprechende Urkunde. Neben den Poster-Awards bem\u00fchen sich der Vorstand der DHd und weitere Sponsoren j\u00e4hrlich um die Vergabe von Reisestipendien zu den Tagungen des Verbands. N\u00e4here Informationen zum [&hellip;]<\/p>\n","protected":false},"author":1,"featured_media":0,"parent":0,"menu_order":0,"comment_status":"closed","ping_status":"closed","template":"","meta":{"_acf_changed":false,"footnotes":""},"categories":[158],"tags":[],"class_list":["post-2362","page","type-page","status-publish","hentry","category-infoseite"],"acf":[],"_links":{"self":[{"href":"https:\/\/digitalhumanities.de\/en\/wp-json\/wp\/v2\/pages\/2362","targetHints":{"allow":["GET"]}}],"collection":[{"href":"https:\/\/digitalhumanities.de\/en\/wp-json\/wp\/v2\/pages"}],"about":[{"href":"https:\/\/digitalhumanities.de\/en\/wp-json\/wp\/v2\/types\/page"}],"author":[{"embeddable":true,"href":"https:\/\/digitalhumanities.de\/en\/wp-json\/wp\/v2\/users\/1"}],"replies":[{"embeddable":true,"href":"https:\/\/digitalhumanities.de\/en\/wp-json\/wp\/v2\/comments?post=2362"}],"version-history":[{"count":43,"href":"https:\/\/digitalhumanities.de\/en\/wp-json\/wp\/v2\/pages\/2362\/revisions"}],"predecessor-version":[{"id":5624,"href":"https:\/\/digitalhumanities.de\/en\/wp-json\/wp\/v2\/pages\/2362\/revisions\/5624"}],"wp:attachment":[{"href":"https:\/\/digitalhumanities.de\/en\/wp-json\/wp\/v2\/media?parent=2362"}],"wp:term":[{"taxonomy":"category","embeddable":true,"href":"https:\/\/digitalhumanities.de\/en\/wp-json\/wp\/v2\/categories?post=2362"},{"taxonomy":"post_tag","embeddable":true,"href":"https:\/\/digitalhumanities.de\/en\/wp-json\/wp\/v2\/tags?post=2362"}],"curies":[{"name":"wp","href":"https:\/\/api.w.org\/{rel}","templated":true}]}}