{"id":2353,"date":"2024-04-15T16:30:12","date_gmt":"2024-04-15T14:30:12","guid":{"rendered":"https:\/\/dig-hum.sjstudios.eu\/?page_id=2353"},"modified":"2024-04-20T14:03:54","modified_gmt":"2024-04-20T12:03:54","slug":"zfdg","status":"publish","type":"page","link":"https:\/\/digitalhumanities.de\/en\/zfdg\/","title":{"rendered":"ZfdG"},"content":{"rendered":"<div data-elementor-type=\"wp-page\" data-elementor-id=\"2353\" class=\"elementor elementor-2353\" data-elementor-post-type=\"page\">\n\t\t\t\t<div class=\"elementor-element elementor-element-307fb15b e-flex e-con-boxed e-con e-parent\" data-id=\"307fb15b\" data-element_type=\"container\" data-e-type=\"container\">\n\t\t\t\t\t<div class=\"e-con-inner\">\n\t\t\t\t<div class=\"elementor-element elementor-element-39905600 elementor-widget__width-initial elementor-widget-mobile__width-initial elementor-widget elementor-widget-heading\" data-id=\"39905600\" data-element_type=\"widget\" data-e-type=\"widget\" data-widget_type=\"heading.default\">\n\t\t\t\t<div class=\"elementor-widget-container\">\n\t\t\t\t\t<h1 class=\"elementor-heading-title elementor-size-default\">ZfdG<\/h1>\t\t\t\t<\/div>\n\t\t\t\t<\/div>\n\t\t\t\t<div class=\"elementor-element elementor-element-3d343302 elementor-widget__width-initial elementor-widget elementor-widget-text-editor\" data-id=\"3d343302\" data-element_type=\"widget\" data-e-type=\"widget\" data-widget_type=\"text-editor.default\">\n\t\t\t\t<div class=\"elementor-widget-container\">\n\t\t\t\t\t\t\t\t\t<div id=\"header-push\">\u00a0<\/div><section id=\"content\" class=\"grid-9\"><nav id=\"breadcrumb\">Die <em>Zeitschrift f\u00fcr digitale Geisteswissenschaften<\/em> (ZfdG) wurde 2016 vom Forschungsverbund Marbach Weimar Wolfenb\u00fcttel (MMW) und dem DHd-Verband initiiert und wird vom MWW in Zusammenarbeit mit dem DHd-Verband herausgegeben. Alle Hefte und B\u00e4nde erscheinen im Open Access (CC-BY-SA) und sind als PDF oder TEI-XML downloadbar. Die dauerhafte Findbarkeit und Langzeitarchivierung aller mit DOI ver\u00f6ffentlichter Beitr\u00e4ge ist gew\u00e4hrleistet. Alle Artikel unterliegen einem Peer-Review-Verfahren. Publikationsgeb\u00fchren werden nicht erhoben.<\/nav><\/section><div class=\"region region-content\"><div id=\"block-system-main\" class=\"block block-system\"><div class=\"content\"><div id=\"node-579\" class=\"node node-page\"><div class=\"content clearfix\"><div class=\"field field-name-body field-type-text-with-summary field-label-hidden\"><div class=\"field-items\"><div class=\"field-item even\"><p>Die ZfdG versteht sich als ein innovatives Forschungsperiodikum zu Themen an der Schnittstelle von geisteswissenschaftlicher und digitaler Forschung und als ein Forum zur Pr\u00e4sentation und Diskussion von Forschungsergebnissen im Kontext der Digital Humanities (vgl.\u00a0\u2192 <a href=\"http:\/\/www.zfdg.de\/e-wie-editorial\">Editorial<\/a>). Wissenschaftler*innen, Gruppen von Forschenden und Nachwuchswissenschaftler*innen sind aufgerufen, sich mit Vorschl\u00e4gen f\u00fcr Fachartikel und Projektvorstellungen in der gesamten Breite der F\u00e4cherspektren der Digital Humanties zu melden. Besonders willkommen sind Beitr\u00e4ge, die die M\u00f6glichkeit zu Disziplinen \u00fcbergreifenden Debatten bieten. Einreichungen sind jederzeit m\u00f6glich (\u2192 <a href=\"http:\/\/www.zfdg.de\/c-wie-call\">Call<\/a>).<\/p><p>Der Verband wirkt mit zwei Vertreter*innen aktiv in der Fachredaktion der ZfdG mit, die f\u00fcr die Pr\u00fcfung und Auswahl der Artikelvorschl\u00e4ge und das Konzept der jahrgangsweise zusammengefassten Hefte und der in Sonderb\u00e4nden thematisch geb\u00fcndelten Beitr\u00e4ge verantwortlich ist. Der Verband wirkt au\u00dferdem u.a. bei der DHd-Jahrestagung an der Artikelakquise mit.<\/p><p>Der Verband ermuntert seine Mitglieder ausdr\u00fccklich, sich mit hochkar\u00e4tigen Beitr\u00e4gen an der weiteren Etablierung dieses zeitgem\u00e4\u00dfen, echten Open-Access-Journals zu beteiligen und so gem\u00e4\u00df der DHd-Satzung die Wahrnehmung der digitalen Geistes- und Kulturwissenschaften zu bef\u00f6rdern und zum dauerhaften Erfolg des Unternehmens ZfdG beizutragen.<\/p><p>Wenn Sie sich f\u00fcr die ZfdG interessieren, gelangen Sie hier:<br \/>\u2192 <a href=\"http:\/\/www.zfdg.de\/\">zur Startseite der Zfdg<\/a><br \/>\u2192 <a href=\"http:\/\/www.zfdg.de\/hefte\">zur \u00dcbersicht \u00fcber die bereits erschienenen Hefte<\/a><br \/>\u2192 <a href=\"http:\/\/www.zfdg.de\/sonderbaende\">zur \u00dcbersicht \u00fcber die erschienen thematischen Sonderb\u00e4nde<\/a><\/p><\/div><\/div><\/div><\/div><\/div><\/div><\/div><\/div>\t\t\t\t\t\t\t\t<\/div>\n\t\t\t\t<\/div>\n\t\t\t\t\t<\/div>\n\t\t\t\t<\/div>\n\t\t\t\t<\/div>","protected":false},"excerpt":{"rendered":"<p>\u00a0 Die Zeitschrift f\u00fcr digitale Geisteswissenschaften (ZfdG) wurde 2016 vom Forschungsverbund Marbach Weimar Wolfenb\u00fcttel (MMW) und dem DHd-Verband initiiert und wird vom MWW in Zusammenarbeit mit dem DHd-Verband herausgegeben. Alle Hefte und B\u00e4nde erscheinen im Open Access (CC-BY-SA) und sind als PDF oder TEI-XML downloadbar. Die dauerhafte Findbarkeit und Langzeitarchivierung aller mit DOI ver\u00f6ffentlichter Beitr\u00e4ge [&hellip;]<\/p>\n","protected":false},"author":1,"featured_media":0,"parent":0,"menu_order":0,"comment_status":"closed","ping_status":"closed","template":"","meta":{"_acf_changed":false,"footnotes":""},"categories":[158],"tags":[],"class_list":["post-2353","page","type-page","status-publish","hentry","category-infoseite"],"acf":[],"_links":{"self":[{"href":"https:\/\/digitalhumanities.de\/en\/wp-json\/wp\/v2\/pages\/2353","targetHints":{"allow":["GET"]}}],"collection":[{"href":"https:\/\/digitalhumanities.de\/en\/wp-json\/wp\/v2\/pages"}],"about":[{"href":"https:\/\/digitalhumanities.de\/en\/wp-json\/wp\/v2\/types\/page"}],"author":[{"embeddable":true,"href":"https:\/\/digitalhumanities.de\/en\/wp-json\/wp\/v2\/users\/1"}],"replies":[{"embeddable":true,"href":"https:\/\/digitalhumanities.de\/en\/wp-json\/wp\/v2\/comments?post=2353"}],"version-history":[{"count":8,"href":"https:\/\/digitalhumanities.de\/en\/wp-json\/wp\/v2\/pages\/2353\/revisions"}],"predecessor-version":[{"id":2853,"href":"https:\/\/digitalhumanities.de\/en\/wp-json\/wp\/v2\/pages\/2353\/revisions\/2853"}],"wp:attachment":[{"href":"https:\/\/digitalhumanities.de\/en\/wp-json\/wp\/v2\/media?parent=2353"}],"wp:term":[{"taxonomy":"category","embeddable":true,"href":"https:\/\/digitalhumanities.de\/en\/wp-json\/wp\/v2\/categories?post=2353"},{"taxonomy":"post_tag","embeddable":true,"href":"https:\/\/digitalhumanities.de\/en\/wp-json\/wp\/v2\/tags?post=2353"}],"curies":[{"name":"wp","href":"https:\/\/api.w.org\/{rel}","templated":true}]}}