{"id":2187,"date":"2024-04-09T15:19:57","date_gmt":"2024-04-09T13:19:57","guid":{"rendered":"https:\/\/dig-hum.sjstudios.eu\/?page_id=2187"},"modified":"2024-06-07T16:55:43","modified_gmt":"2024-06-07T14:55:43","slug":"geschaeftsordnung-arbeitsgemeinschaften-der-dhd","status":"publish","type":"page","link":"https:\/\/digitalhumanities.de\/en\/geschaeftsordnung-arbeitsgemeinschaften-der-dhd\/","title":{"rendered":"Gesch\u00e4ftsordnung Arbeitsgemeinschaften der DHd"},"content":{"rendered":"<div data-elementor-type=\"wp-page\" data-elementor-id=\"2187\" class=\"elementor elementor-2187\" data-elementor-post-type=\"page\">\n\t\t\t\t<div class=\"elementor-element elementor-element-1ee58aca e-flex e-con-boxed e-con e-parent\" data-id=\"1ee58aca\" data-element_type=\"container\" data-e-type=\"container\">\n\t\t\t\t\t<div class=\"e-con-inner\">\n\t\t\t\t<div class=\"elementor-element elementor-element-58585f15 elementor-widget__width-initial elementor-widget-mobile__width-initial elementor-widget elementor-widget-heading\" data-id=\"58585f15\" data-element_type=\"widget\" data-e-type=\"widget\" data-widget_type=\"heading.default\">\n\t\t\t\t<div class=\"elementor-widget-container\">\n\t\t\t\t\t<h1 class=\"elementor-heading-title elementor-size-default\">Gesch\u00e4ftsordnung Arbeitsgemeinschaften der DHd<\/h1>\t\t\t\t<\/div>\n\t\t\t\t<\/div>\n\t\t\t\t<div class=\"elementor-element elementor-element-6418cc2d elementor-widget__width-initial elementor-widget elementor-widget-text-editor\" data-id=\"6418cc2d\" data-element_type=\"widget\" data-e-type=\"widget\" data-widget_type=\"text-editor.default\">\n\t\t\t\t<div class=\"elementor-widget-container\">\n\t\t\t\t\t\t\t\t\t<h2><strong>\u00a7 1 Geltungsbereich<\/strong><\/h2><p>(1) Die Arbeitsgemeinschaften der DHd (AGs) geben sich zur Regelung ihrer Konstituierung, Aufgaben und Beschlusssachen, der internen Kommunikation und zur Durchf\u00fchrung von Sitzungen diese Gesch\u00e4ftsordnung.<\/p><h2>\u00a0<\/h2><h2><strong>\u00a7 2 Konstituierung<\/strong><\/h2><p>(1) AGs k\u00f6nnen auf Antrag beim Vorstand jederzeit eingerichtet werden. Der Vorstand entscheidet in der Regel innerhalb von vier Wochen \u00fcber den Antrag.\u00a0Hierzu wird dem Vorstand eine ca. halbseitige Kurzbeschreibung des Vorhabens zur Entscheidung vorgelegt.<br \/>(2) Die Arbeitsgemeinschaft benennt einen\/eine convenor, der\/die als Ansprechpartner\/ Ansprechpartnerin f\u00fcr den Vorstand fungiert, die AGs einberuft und leitet. Der Vorstand gibt die Einrichtung der AG in der Mitgliederversammlung bekannt.<br \/>(3) Ein Vertreter\/eine Vertreterin des\/der convenor kann jederzeit, auch kurzfristig gegen\u00fcber dem Vorstand der DHd benannt werden.<\/p><h2>\u00a0<\/h2><h2><strong>\u00a7 3 Mitgliedschaft<\/strong><\/h2><p>(1) Jeder\/Jede kann auf formlosen Antrag beim\/bei der convenor der AG Mitglied in einer AG werden. Der\/die convenor informiert den Vorstand \u00fcber neue Mitgliedschaften.<br \/>(2) Der\/Die convenor einer AG muss Mitglied des DHd sein.<\/p><h2>\u00a0<\/h2><h2><strong>\u00a74 Arbeitssitzungen und Beschlussfassungen<\/strong><\/h2><p>(1) Eine AG trifft sich mindestens einmal im Jahr.<br \/>(2) Zu der Sitzung l\u00e4dt der\/die convenor der AG sp\u00e4testens vier Wochen vor dem Termin ein.<br \/>(3) Die AG kann Beschl\u00fcsse mit einfacher Mehrheit der anwesenden oder elektronisch zugeschalteten Mitglieder fassen. Bei Stimmengleichheit entscheidet die Stimme des\/der convenor.<\/p><h2>\u00a0<\/h2><h2><strong>\u00a7 5 Bericht und Publikationen<\/strong><\/h2><p>(1) Der\/Die convenor berichtet auf der Mitgliederversammlung der DHd \u00fcber den Stand der Arbeiten der AG. Er\/Sie ist gehalten, diesen Bericht auch \u00fcber den DHd-Blog zu ver\u00f6ffentlichen.<br \/>(2) Jede AG erh\u00e4lt eine eigene Unterseite auf der Homepage der DHd. Dort werden die Zielsetzung der AG, die Ansprechpartner\/ Ansprechpartnerinnen und die Mitglieder aufgef\u00fchrt. Die AG kann sich externe Unterseiten geben oder ihre Beitr\u00e4ge \u00fcber die Homepage ver\u00f6ffentlichen.<br \/>(3) Working Papers, White Papers, schriftliche Berichte, Konferenzabstracts, Preprints etc. sollten nach M\u00f6glichkeit \u00fcber das Repository der DHd (derzeit <a href=\"http:\/\/dhd-wp.hab.de\/\" target=\"_blank\" rel=\"noopener\">http:\/\/dhd-wp.hab.de\/<\/a>) ver\u00f6ffentlicht werden.<br \/>(4) Alle im Rahmen von AGs entstanden Publikationen gelten als \u00c4u\u00dferungen des Gesamtverbandes und sollen daher vor der endg\u00fcltigen Publikation (als vorl\u00e4ufig gekennzeichnete (Pre-)Publikationen sind davon ausgenommen) dem Vorstand vorgelegt und durch diesen best\u00e4tigt werden.<br \/>(5) Publikation der AGs der DHd sollen als Ver\u00f6ffentlichungen der DHd kenntlich sein.<\/p><h2>\u00a0<\/h2><h2><strong>\u00a7 6 Kosten\u00fcbernahme<\/strong><\/h2><p>(1) Reisekosten f\u00fcr Mitglieder von AGs werden grunds\u00e4tzlich nicht \u00fcbernommen. In begr\u00fcndeten Ausnahmef\u00e4llen (etwa zur Einladung von Fachleuten zu einer AG-Sitzung) kann ein Antrag beim Vorstand zur \u00dcbernahme der Kosten gestellt werden.<\/p><h2>\u00a0<\/h2><h2><strong>\u00a7 7 Beendigung einer AG<\/strong><\/h2><p>(1) Eine AG kann jederzeit auf Antrag des\/der convenor zur jeweiligen n\u00e4chsten Mitgliederversammlung beendet werden. F\u00fcr die Ank\u00fcndigung gelten die Einladungsfristen f\u00fcr die Mitgliederversammlung.<br \/>(2) Wird eine AG innerhalb von 2 Jahren nicht einberufen oder berichtet ein\/eine convenor oder sein\/ihr Vertreter\/ Vertreterin auf zwei hintereinander folgenden Mitgliederversammlungen nicht, so gilt sie als beendet.<\/p>\t\t\t\t\t\t\t\t<\/div>\n\t\t\t\t<\/div>\n\t\t\t\t\t<\/div>\n\t\t\t\t<\/div>\n\t\t\t\t<\/div>","protected":false},"excerpt":{"rendered":"<p>\u00a7 1 Geltungsbereich (1) Die Arbeitsgemeinschaften der DHd (AGs) geben sich zur Regelung ihrer Konstituierung, Aufgaben und Beschlusssachen, der internen Kommunikation und zur Durchf\u00fchrung von Sitzungen diese Gesch\u00e4ftsordnung. \u00a0 \u00a7 2 Konstituierung (1) AGs k\u00f6nnen auf Antrag beim Vorstand jederzeit eingerichtet werden. Der Vorstand entscheidet in der Regel innerhalb von vier Wochen \u00fcber den Antrag.\u00a0Hierzu [&hellip;]<\/p>\n","protected":false},"author":1,"featured_media":0,"parent":0,"menu_order":0,"comment_status":"closed","ping_status":"closed","template":"","meta":{"_acf_changed":false,"footnotes":""},"categories":[158],"tags":[],"class_list":["post-2187","page","type-page","status-publish","hentry","category-infoseite"],"acf":[],"_links":{"self":[{"href":"https:\/\/digitalhumanities.de\/en\/wp-json\/wp\/v2\/pages\/2187","targetHints":{"allow":["GET"]}}],"collection":[{"href":"https:\/\/digitalhumanities.de\/en\/wp-json\/wp\/v2\/pages"}],"about":[{"href":"https:\/\/digitalhumanities.de\/en\/wp-json\/wp\/v2\/types\/page"}],"author":[{"embeddable":true,"href":"https:\/\/digitalhumanities.de\/en\/wp-json\/wp\/v2\/users\/1"}],"replies":[{"embeddable":true,"href":"https:\/\/digitalhumanities.de\/en\/wp-json\/wp\/v2\/comments?post=2187"}],"version-history":[{"count":8,"href":"https:\/\/digitalhumanities.de\/en\/wp-json\/wp\/v2\/pages\/2187\/revisions"}],"predecessor-version":[{"id":4375,"href":"https:\/\/digitalhumanities.de\/en\/wp-json\/wp\/v2\/pages\/2187\/revisions\/4375"}],"wp:attachment":[{"href":"https:\/\/digitalhumanities.de\/en\/wp-json\/wp\/v2\/media?parent=2187"}],"wp:term":[{"taxonomy":"category","embeddable":true,"href":"https:\/\/digitalhumanities.de\/en\/wp-json\/wp\/v2\/categories?post=2187"},{"taxonomy":"post_tag","embeddable":true,"href":"https:\/\/digitalhumanities.de\/en\/wp-json\/wp\/v2\/tags?post=2187"}],"curies":[{"name":"wp","href":"https:\/\/api.w.org\/{rel}","templated":true}]}}