{"id":2185,"date":"2024-04-09T15:18:31","date_gmt":"2024-04-09T13:18:31","guid":{"rendered":"https:\/\/dig-hum.sjstudios.eu\/?page_id=2185"},"modified":"2025-12-04T13:07:37","modified_gmt":"2025-12-04T12:07:37","slug":"dhd-ags","status":"publish","type":"page","link":"https:\/\/digitalhumanities.de\/en\/dhd-ags\/","title":{"rendered":"WGs"},"content":{"rendered":"<div data-elementor-type=\"wp-page\" data-elementor-id=\"2185\" class=\"elementor elementor-2185\" data-elementor-post-type=\"page\">\n\t\t\t\t<div class=\"elementor-element elementor-element-3fbf75c0 e-flex e-con-boxed e-con e-parent\" data-id=\"3fbf75c0\" data-element_type=\"container\" data-e-type=\"container\">\n\t\t\t\t\t<div class=\"e-con-inner\">\n\t\t\t\t<div class=\"elementor-element elementor-element-3cb4e7a1 elementor-widget__width-initial elementor-widget-mobile__width-initial elementor-widget elementor-widget-heading\" data-id=\"3cb4e7a1\" data-element_type=\"widget\" data-e-type=\"widget\" data-widget_type=\"heading.default\">\n\t\t\t\t<div class=\"elementor-widget-container\">\n\t\t\t\t\t<h1 class=\"elementor-heading-title elementor-size-default\">WGs<\/h1>\t\t\t\t<\/div>\n\t\t\t\t<\/div>\n\t\t\t\t<div class=\"elementor-element elementor-element-5acbf147 elementor-widget__width-initial elementor-widget elementor-widget-text-editor\" data-id=\"5acbf147\" data-element_type=\"widget\" data-e-type=\"widget\" data-widget_type=\"text-editor.default\">\n\t\t\t\t<div class=\"elementor-widget-container\">\n\t\t\t\t\t\t\t\t\t<p>Die methodischen Debatten der Digital Humanities verdienen auch au\u00dferhalb der j\u00e4hrlichen Tagungen weitergef\u00fchrt zu werden. Der Vorstand schl\u00e4gt deshalb vor, f\u00fcr die Themen, die er in seinem Thesenpapier als f\u00fcr die Weiterentwicklung der Digital Humanities bis zum Jahre 2020 wichtig benannt hat, Arbeitsgruppen einzurichten.<\/p><p>Diese Arbeitsgruppen sollen die angerissenen Themen zwischen den j\u00e4hrlichen Konferenzen in kleinen Gruppen weiterdiskutieren und die Ergebnisse dieser Diskussionen auf der n\u00e4chstfolgenden Tagung \u00f6ffentlich vorstellen.\u00a0 Die Ergebnisse sollen nach M\u00f6glichkeit in Form einer Open Access Publikation im Rahmen des Ver\u00f6ffentlichungsprogrammes des Verbandes bereitgestellt werden, wobei sie sp\u00e4testens 14 Tage vor der jeweiligen Jahreskonferenz im Internet vorliegen sollen, um eine fundierte Diskussion zu erm\u00f6glichen. Der Vorstand m\u00f6chte keine einengenden Strukturen vorgeben; um den Arbeitsgruppen jedoch eine gewisse Verbindlichkeit zu verleihen, wurde eine <a href=\"https:\/\/digitalhumanities.de\/en\/geschaeftsordnung-arbeitsgemeinschaften-der-dhd\/\">Gesch\u00e4ftsordnung<\/a> erlassen, die die Einrichtung und Arbeit der AGs regelt.<\/p><p><strong>Bisher wurden 17 DHd-Arbeitsgruppen gegr\u00fcndet<\/strong>:<\/p><ul><li><a href=\"https:\/\/digitalhumanities.de\/en\/ag-angewandte-generative-ki-in-den-digitalen-geisteswissenschaften-agki-dh\/\">AG Angewandte Generative KI in den Digitalen Geisteswissenschaften (AGKI-DH)<\/a><\/li><li><a href=\"https:\/\/digitalhumanities.de\/en\/datenzentren\/\">Datenzentren<\/a><\/li><li><a href=\"https:\/\/digitalhumanities.de\/en\/dh-und-informatik\/\">DH und Informatik<\/a> (bis 2018)<\/li><li><a href=\"https:\/\/digitalhumanities.de\/en\/ag-digital-humanities-theorie\/\">Digital Humanities Theorie<\/a><\/li><li><a href=\"https:\/\/digitalhumanities.de\/en\/ag-digitales-museum\/\">Digitales Museum<\/a><\/li><li><a href=\"https:\/\/digitalhumanities.de\/en\/ag-digitales-publizieren\/\">Digitales Publizieren<\/a><\/li><li><a href=\"https:\/\/digitalhumanities.de\/en\/dhd-ags\/\">Digitale Wissenschaftskommunikation und Public Humanities\u00a0(AG-WissKomm)\u00a0<\/a><\/li><li><a href=\"https:\/\/digitalhumanities.de\/en\/ag-digitale-3d-rekonstruktion\/\">Digitale 3D-Rekonstruktion<\/a><\/li><li><a href=\"https:\/\/digitalhumanities.de\/en\/ag-empowerment\/\">Empowerment<\/a><\/li><li><a href=\"https:\/\/digitalhumanities.de\/en\/ag-film-und-video\/\">Film und Video<\/a><\/li><li><a href=\"https:\/\/digitalhumanities.de\/en\/ag-graphen-netzwerke\/\">Graphen &amp; Netzwerke<\/a><\/li><li><a href=\"https:\/\/digitalhumanities.de\/en\/ag-greening-dh\/\">Greening DH<\/a><\/li><li><a href=\"https:\/\/digitalhumanities.de\/en\/ag-multilingual-dh\/\">Multilingual DH<\/a><\/li><li><a href=\"https:\/\/digitalhumanities.de\/en\/ag-ocr\/\">OCR<\/a><\/li><li><a href=\"https:\/\/digitalhumanities.de\/en\/ag-referenzcurriculum-digital-humanities\/\">Referenzcurriculum Digital Humanities<\/a><\/li><li><a href=\"https:\/\/digitalhumanities.de\/en\/ag-research-software-engineering-in-den-digital-humanities-dh-rse\/\">Research Software Engineering in den Digital Humanities (DH-RSE)<\/a><\/li><li><a href=\"https:\/\/digitalhumanities.de\/en\/ag-spiele\/\">Spiele<\/a><\/li><li><a href=\"https:\/\/digitalhumanities.de\/en\/ag-zeitungen-zeitschriften\/\">Zeitungen &amp; Zeitschriften<\/a><\/li><\/ul><p>Weitere AGs sind ausdr\u00fccklich erw\u00fcnscht.<\/p><p class=\"translation-block\">If you are interested, please contact the supervisor of the AGs (<a href=\"mailto:rabea.kleymann@phil.tu-chemnitz.de\" target=\"_self\">Rabea Kleymann<\/a>).<\/p><p><strong>Applications for the promotion of measures of the DHd WGs<\/strong><\/p><p>Alle offiziell best\u00e4tigten AGs des DHd-Verbands k\u00f6nnen einen Antrag auf F\u00f6rderung stellen.\u00a0Der Verband stellt zu diesem Zweck nach Kassenlage j\u00e4hrlich ein Budget\u00a0zur Verf\u00fcgung (gegenw\u00e4rtig bis zu 1.000,00 EUR pro AG und Jahr). <strong>Antr\u00e4ge k\u00f6nnen jederzeit formlos <\/strong>vom \/ von der Convenor der AG \u00fcber den Beauftragten bzw. die Beauftragte des Vorstandes (Betreuer*in der AGs) eingereicht werden. Der Vorstand begr\u00fc\u00dft ausdr\u00fccklich Vorhaben, die eine anteilige F\u00f6rderung ben\u00f6tigen bzw. Antr\u00e4ge, die nachweisen, dass andere F\u00f6rdermittel nicht f\u00fcr die beschriebene Ma\u00dfnahme genutzt werden k\u00f6nnen.\u00a0<\/p><p>The Executive Board decides on the applications by circulation procedure, usually within four weeks or, in the case of more extensive measures, at an Executive Board meeting and on the basis of the available funds. The application should describe the project briefly (no more than one A4 page), explain its relevance to the work of the working group and include a cost calculation including a presentation of pro rata funding. All activities and measures relating to the direct work of the working groups are eligible for funding. This includes subsidies for printing costs, event costs for workshops, the assumption of travel and\/or accommodation costs for experts for lectures, funding for student assistants, etc. The Executive Board expects that the funded measure will be reported on at the DHd's general meeting, that the association will be named as a sponsor and, if applicable, that its logo will be listed with the funding institutions.<\/p>\t\t\t\t\t\t\t\t<\/div>\n\t\t\t\t<\/div>\n\t\t\t\t\t<\/div>\n\t\t\t\t<\/div>\n\t\t\t\t<\/div>","protected":false},"excerpt":{"rendered":"<p>Die methodischen Debatten der Digital Humanities verdienen auch au\u00dferhalb der j\u00e4hrlichen Tagungen weitergef\u00fchrt zu werden. Der Vorstand schl\u00e4gt deshalb vor, f\u00fcr die Themen, die er in seinem Thesenpapier als f\u00fcr die Weiterentwicklung der Digital Humanities bis zum Jahre 2020 wichtig benannt hat, Arbeitsgruppen einzurichten. Diese Arbeitsgruppen sollen die angerissenen Themen zwischen den j\u00e4hrlichen Konferenzen in [&hellip;]<\/p>\n","protected":false},"author":1,"featured_media":0,"parent":0,"menu_order":0,"comment_status":"closed","ping_status":"closed","template":"","meta":{"_acf_changed":false,"footnotes":""},"categories":[157],"tags":[],"class_list":["post-2185","page","type-page","status-publish","hentry","category-ag"],"acf":[],"_links":{"self":[{"href":"https:\/\/digitalhumanities.de\/en\/wp-json\/wp\/v2\/pages\/2185","targetHints":{"allow":["GET"]}}],"collection":[{"href":"https:\/\/digitalhumanities.de\/en\/wp-json\/wp\/v2\/pages"}],"about":[{"href":"https:\/\/digitalhumanities.de\/en\/wp-json\/wp\/v2\/types\/page"}],"author":[{"embeddable":true,"href":"https:\/\/digitalhumanities.de\/en\/wp-json\/wp\/v2\/users\/1"}],"replies":[{"embeddable":true,"href":"https:\/\/digitalhumanities.de\/en\/wp-json\/wp\/v2\/comments?post=2185"}],"version-history":[{"count":27,"href":"https:\/\/digitalhumanities.de\/en\/wp-json\/wp\/v2\/pages\/2185\/revisions"}],"predecessor-version":[{"id":5536,"href":"https:\/\/digitalhumanities.de\/en\/wp-json\/wp\/v2\/pages\/2185\/revisions\/5536"}],"wp:attachment":[{"href":"https:\/\/digitalhumanities.de\/en\/wp-json\/wp\/v2\/media?parent=2185"}],"wp:term":[{"taxonomy":"category","embeddable":true,"href":"https:\/\/digitalhumanities.de\/en\/wp-json\/wp\/v2\/categories?post=2185"},{"taxonomy":"post_tag","embeddable":true,"href":"https:\/\/digitalhumanities.de\/en\/wp-json\/wp\/v2\/tags?post=2185"}],"curies":[{"name":"wp","href":"https:\/\/api.w.org\/{rel}","templated":true}]}}