{"id":2166,"date":"2024-04-09T15:06:51","date_gmt":"2024-04-09T13:06:51","guid":{"rendered":"https:\/\/dig-hum.sjstudios.eu\/?page_id=2166"},"modified":"2025-06-03T11:00:09","modified_gmt":"2025-06-03T09:00:09","slug":"ag-research-software-engineering-in-den-digital-humanities-dh-rse","status":"publish","type":"page","link":"https:\/\/digitalhumanities.de\/en\/ag-research-software-engineering-in-den-digital-humanities-dh-rse\/","title":{"rendered":"AG Research Software Engineering in den Digital Humanities (DH-RSE)"},"content":{"rendered":"<div data-elementor-type=\"wp-page\" data-elementor-id=\"2166\" class=\"elementor elementor-2166\" data-elementor-post-type=\"page\">\n\t\t\t\t<div class=\"elementor-element elementor-element-4e4a0344 e-flex e-con-boxed e-con e-parent\" data-id=\"4e4a0344\" data-element_type=\"container\" data-e-type=\"container\">\n\t\t\t\t\t<div class=\"e-con-inner\">\n\t\t\t\t<div class=\"elementor-element elementor-element-f2676b9 elementor-widget__width-initial elementor-widget-mobile__width-initial elementor-widget elementor-widget-heading\" data-id=\"f2676b9\" data-element_type=\"widget\" data-e-type=\"widget\" data-widget_type=\"heading.default\">\n\t\t\t\t<div class=\"elementor-widget-container\">\n\t\t\t\t\t<h1 class=\"elementor-heading-title elementor-size-default\">AG Research Software Engineering in den Digital Humanities (DH-RSE)<\/h1>\t\t\t\t<\/div>\n\t\t\t\t<\/div>\n\t\t\t\t<div class=\"elementor-element elementor-element-5f59f21 elementor-widget__width-initial elementor-widget elementor-widget-text-editor\" data-id=\"5f59f21\" data-element_type=\"widget\" data-e-type=\"widget\" data-widget_type=\"text-editor.default\">\n\t\t\t\t<div class=\"elementor-widget-container\">\n\t\t\t\t\t\t\t\t\t<h2><strong>1. AG-Name<\/strong><\/h2><p>Arbeitsgruppe Research Software Engineering in den Digital Humanities (DH-RSE)<\/p><h3>\u00a0<\/h3><h2><strong>2. AG-Arbeitsschwerpunkte<\/strong><\/h2><p>Die AG DH-RSE bietet ein Forum zur Vernetzung und zum Austausch \u00fcber Entwicklungsstandards, Software Best Practices &amp; Coding Guidelines, Dokumentationsmethoden und M\u00f6glichkeiten zur Steigerung der Software-Nachhaltigkeit in Digital Humanities Projekten. Weiterhin diskutiert die AG Fragen nach der Verbesserung der akademischen Karrierem\u00f6glichkeiten f\u00fcr Research Software Engineers (RSEs) und der Rolle von Software bei der Akquise von F\u00f6rdermitteln. Dar\u00fcber hinaus geh\u00f6ren Workshops im Bereich Software Engineering und Software Carpentry zum Aktionsprogramm der AG.<\/p><p>\u00a0<\/p><h2><strong>3. AG-Ziele<\/strong><\/h2><p>Ziel der AG ist die F\u00f6rderung einer qualitativ hochwertigen und nachhaltigen Softwareentwicklung in den Digital Humanities und die St\u00e4rkung der akademischen Position von Softwareentwickler_innen in den Geistes- und Kulturwissenschaften. Die AG DH-RSE ist eingebunden in den nationalen und internationalen Kontext der interdisziplin\u00e4ren Community der Research Software Engineers (RSEs). Das Motto der AG lautet: Better Software, Better Research!<\/p><p>\u00a0<\/p><h2><strong>4. AG-URL (extern)<\/strong><\/h2><p><a href=\"\/en\/_wp_link_placeholder\/\" data-wplink-edit=\"true\">https:\/\/dh-rse.github.io\/<\/a><\/p><h3>\u00a0<\/h3><h2><strong>5. AG-Publikationen\/Working Papers<\/strong><\/h2><p>Stephan Druskat, Alexander Czmiel und Torsten Schrade: Slides des Workshops &#8222;Research Software Engineering und Digital Humanities. Reflexion, Kartierung, Organisation&#8220;, DHd 2018, K\u00f6ln, 27.02.2018, URL: <a href=\"https:\/\/dh-rse.github.io\/dhd-workshop-2018-presentation\/\">https:\/\/dh-rse.github.io\/dhd-workshop-2018-presentation\/<\/a><\/p><h3>\u00a0<\/h3><h2><strong>6. AG-Kontakt\/Convenor<\/strong><\/h2><p><strong>Convenor<\/strong><\/p><p>Alexander Czmiel<br \/>Leiter TELOTA &#8211; IT \/ Digital Humanities<br \/>Berlin-Brandenburg Academy of Sciences<br \/>J\u00e4gerstra\u00dfe 22\/23<br \/>10117 Berlin<br \/>E-Mail: <a href=\"mailto:czmiel@bbaw.de\">czmiel@bbaw.de<\/a><\/p><p>Ulrike Henny-Krahmer<br \/>Universit\u00e4t Rostock<br \/>Institut f\u00fcr Germanistik<br \/>Juniorprofessorin f\u00fcr Digital Humanities<br \/>Gertrudenstra\u00dfe 11, Torhaus, Raum 03<br \/>18057 Rostock<br \/>E-Mail: <a href=\"mailto:ulrike.henny-krahmer@uni-rostock.de\">ulrike.henny-krahmer@uni-rostock.de<\/a><\/p><p>Daniel Jettka<br \/>Universit\u00e4t Paderborn<br \/>Musikwissenschaftliches Seminar Paderborn\/Detmold<br \/>NFDI4Culture | Zentrum Musik \u2013 Edition \u2013 Medien<br \/>E-Mail: <a href=\"mailto:daniel.jettka@uni-paderborn.de\">daniel.jettka@uni-paderborn.de<\/a><\/p>\t\t\t\t\t\t\t\t<\/div>\n\t\t\t\t<\/div>\n\t\t\t\t\t<\/div>\n\t\t\t\t<\/div>\n\t\t\t\t<\/div>","protected":false},"excerpt":{"rendered":"<p>1. AG-Name Arbeitsgruppe Research Software Engineering in den Digital Humanities (DH-RSE) \u00a0 2. AG-Arbeitsschwerpunkte Die AG DH-RSE bietet ein Forum zur Vernetzung und zum Austausch \u00fcber Entwicklungsstandards, Software Best Practices &amp; Coding Guidelines, Dokumentationsmethoden und M\u00f6glichkeiten zur Steigerung der Software-Nachhaltigkeit in Digital Humanities Projekten. Weiterhin diskutiert die AG Fragen nach der Verbesserung der akademischen Karrierem\u00f6glichkeiten [&hellip;]<\/p>\n","protected":false},"author":1,"featured_media":0,"parent":0,"menu_order":0,"comment_status":"closed","ping_status":"closed","template":"","meta":{"_acf_changed":false,"footnotes":""},"categories":[157],"tags":[],"class_list":["post-2166","page","type-page","status-publish","hentry","category-ag"],"acf":[],"_links":{"self":[{"href":"https:\/\/digitalhumanities.de\/en\/wp-json\/wp\/v2\/pages\/2166","targetHints":{"allow":["GET"]}}],"collection":[{"href":"https:\/\/digitalhumanities.de\/en\/wp-json\/wp\/v2\/pages"}],"about":[{"href":"https:\/\/digitalhumanities.de\/en\/wp-json\/wp\/v2\/types\/page"}],"author":[{"embeddable":true,"href":"https:\/\/digitalhumanities.de\/en\/wp-json\/wp\/v2\/users\/1"}],"replies":[{"embeddable":true,"href":"https:\/\/digitalhumanities.de\/en\/wp-json\/wp\/v2\/comments?post=2166"}],"version-history":[{"count":10,"href":"https:\/\/digitalhumanities.de\/en\/wp-json\/wp\/v2\/pages\/2166\/revisions"}],"predecessor-version":[{"id":5426,"href":"https:\/\/digitalhumanities.de\/en\/wp-json\/wp\/v2\/pages\/2166\/revisions\/5426"}],"wp:attachment":[{"href":"https:\/\/digitalhumanities.de\/en\/wp-json\/wp\/v2\/media?parent=2166"}],"wp:term":[{"taxonomy":"category","embeddable":true,"href":"https:\/\/digitalhumanities.de\/en\/wp-json\/wp\/v2\/categories?post=2166"},{"taxonomy":"post_tag","embeddable":true,"href":"https:\/\/digitalhumanities.de\/en\/wp-json\/wp\/v2\/tags?post=2166"}],"curies":[{"name":"wp","href":"https:\/\/api.w.org\/{rel}","templated":true}]}}