{"id":2154,"date":"2024-04-09T14:56:06","date_gmt":"2024-04-09T12:56:06","guid":{"rendered":"https:\/\/dig-hum.sjstudios.eu\/?page_id=2154"},"modified":"2025-03-10T11:26:27","modified_gmt":"2025-03-10T10:26:27","slug":"ag-ocr","status":"publish","type":"page","link":"https:\/\/digitalhumanities.de\/en\/ag-ocr\/","title":{"rendered":"AG OCR"},"content":{"rendered":"<div data-elementor-type=\"wp-page\" data-elementor-id=\"2154\" class=\"elementor elementor-2154\" data-elementor-post-type=\"page\">\n\t\t\t\t<div class=\"elementor-element elementor-element-5b69760c e-flex e-con-boxed e-con e-parent\" data-id=\"5b69760c\" data-element_type=\"container\" data-e-type=\"container\">\n\t\t\t\t\t<div class=\"e-con-inner\">\n\t\t\t\t<div class=\"elementor-element elementor-element-1da7778 elementor-widget__width-initial elementor-widget-mobile__width-initial elementor-widget elementor-widget-heading\" data-id=\"1da7778\" data-element_type=\"widget\" data-e-type=\"widget\" data-widget_type=\"heading.default\">\n\t\t\t\t<div class=\"elementor-widget-container\">\n\t\t\t\t\t<h1 class=\"elementor-heading-title elementor-size-default\">AG OCR<\/h1>\t\t\t\t<\/div>\n\t\t\t\t<\/div>\n\t\t\t\t<div class=\"elementor-element elementor-element-4f1e6088 elementor-widget__width-initial elementor-widget elementor-widget-text-editor\" data-id=\"4f1e6088\" data-element_type=\"widget\" data-e-type=\"widget\" data-widget_type=\"text-editor.default\">\n\t\t\t\t<div class=\"elementor-widget-container\">\n\t\t\t\t\t\t\t\t\t<h2><strong>1. AG-Name<\/strong><\/h2><p>Arbeitsgruppe OCR<\/p><h3>\u00a0<\/h3><h2><strong>2. AG-Arbeitsschwerpunkte<\/strong><\/h2><p>Die Verwendung von digitalen Textdaten ist ein Kernmerkmal der Digitalen Geisteswissenschaften (Digital Humanities, DH). Der gro\u00dfe und wachsende Bedarf nach diesen Daten als Forschungsdaten setzt jedoch voraus, dass effiziente Technologien mit einer hohen Erkennungsgenauigkeit sowohl f\u00fcr den Text als auch f\u00fcr die Dokumentstruktur zur Verf\u00fcgung stehen.<\/p><p>Aus diesem Grund sieht sich die AG OCR als interdisziplin\u00e4res und f\u00e4cher\u00fcbergreifendes Forum f\u00fcr den Umgang und die Auseinandersetzung mit sowie die Entwicklung von OCR (Optical Character Recognition) als einem Schl\u00fcssel f\u00fcr die Umsetzung der Forderungen der DH. Indem die Mitglieder der AG die Vielfalt der Methoden, Technologien und Nutzungsm\u00f6glichkeiten des Forschungsbereiches widerspiegeln, soll ein umfassender Kommunikationsraum geschaffen werden, in dem sich Entwickler und Forscher versammeln, die sowohl mit der Optimierung bestehender Software und Technologien wie auch vollkommenen Neuentwicklungen besch\u00e4ftigt sind, zum anderen Nutzer, die bew\u00e4hrte, einfach zu bedienende aber dennoch m\u00e4chtige Tools und Technologien f\u00fcr verschiedenste Zwecke einsetzen wollen. Auch Vermittler, deren Ziel es ist, Tools und Technologien Nutzern in Workshops und anderen Lehrveranstaltungen n\u00e4her zu bringen, nehmen dabei eine wichtige Rolle ein. Auf diese Weise soll ein Netzwerk aus Ansprechpartnern f\u00fcr den direkten Erfahrungsaustausch mit der OCR von Drucken, Handschriften, ganz unterschiedlichen Schrifttypen und Sprachen geschaffen werden. Eigene Forschungsprojekte sollen folgen.<\/p><h3>\u00a0<\/h3><h2><strong>3. AG-Ziele<\/strong><\/h2><ul><li>Vernetzung von Nutzer*innen, Vermittler*innen, Entwickler*innen und Forscher*innen durch mindestens j\u00e4hrliche Treffen sowie Workshops und gemeinsame Projekte mit dem Fokus auf freier und quelloffener Software bzw. Publikationen zum Thema.<\/li><li>Erarbeitung, Sicherung und Verbreitung von Best Practices zu praktischen Anwendungsfragen der OCR, z. B. Workflow, Formate, Parameter.<\/li><li>Technologietransfer aus der Entwicklung in die Praxis.<\/li><li>Vermittlung zwischen spezifisch geisteswissenschaftlichen Anforderungen und technischen M\u00f6glichkeiten bei der Entwicklung von OCR-Software.<\/li><li>Identifikation und kollaborative Bearbeitung offener Forschungsfragen im engen Austausch mit bereits bestehenden AGs der DHd wie z. B. der \u201e<a href=\"http:\/\/dig-hum.de\/ag-zeitungen-zeitschriften\">AG Zeitungen &amp; Zeitschriften<\/a>\u201c.<\/li><\/ul><h3>\u00a0<\/h3><h2><strong>4. AG-URL (extern)<\/strong><\/h2><ul><li>Homepage: <a href=\"https:\/\/dhd-ag-ocr.github.io\">https:\/\/dhd-ag-ocr.github.io<\/a> (Informationen zu Aktivit\u00e4ten der AG und deren Mitglieder)<\/li><li>Mailingliste: <a href=\"https:\/\/lists.uni-wuerzburg.de\/mailman\/listinfo\/ag-ocr\">https:\/\/lists.uni-wuerzburg.de\/mailman\/listinfo\/ag-ocr<\/a> (f\u00fcr Ank\u00fcndigungen)<\/li><li>Chat: <a href=\"https:\/\/gitter.im\/ag-ocr\/community\">https:\/\/gitter.im\/ag-ocr\/community<\/a> (f\u00fcr den allt\u00e4glichen Austausch)<\/li><\/ul><h3>\u00a0<\/h3><h2><strong>5. AG-Kontakt\/Convenor<\/strong><\/h2><p>Lena Hinrichsen\u00a0<br \/>Herzog August Bibliothek<br \/>Neuere Medien, Digitale Bibliothek\u00a0<br \/>Lessingplatz 1\u00a0<br \/>38304 Wolfenb\u00fcttel<br \/>Tel.: +49 5331 808 &#8211; 306<br \/>E-Mail: <a href=\"mailto:hinrichsen@hab.de\">hinrichsen@hab.de<\/a><\/p><p><em>Fr\u00fchere Convenor:innen<\/em><\/p><p>Dr. Christian Reul<br \/>Zentrum f\u00fcr Philologie und Digitalit\u00e4t \u201eKallimachos\u201c<br \/>Universit\u00e4t W\u00fcrzburg<br \/>Lehrstuhl f\u00fcr K\u00fcnstliche Intelligenz und Wissenssysteme<br \/>Am Hubland<br \/>97074 W\u00fcrzburg<br \/>Tel.: +49 931 \/ 31 &#8211; 80722<br \/>E-Mail:\u00a0<a href=\"mailto:christian.reul@uni-wuerzburg.de\">christian.reul@uni-wuerzburg.de<\/a><\/p><p>Dr. Elisabeth Engl<br \/>Neuere Medien &#8211; Digitale Bibliothek<br \/>Herzog August Bibliothek<br \/>Lessingplatz 1<br \/>38304 Wolfenb\u00fcttel<br \/>Tel.: +49 5331 \/ 808 &#8211; 353<br \/>E-Mail:\u00a0<a href=\"mailto:engl@hab.de\">engl@hab.de<\/a><\/p>\t\t\t\t\t\t\t\t<\/div>\n\t\t\t\t<\/div>\n\t\t\t\t\t<\/div>\n\t\t\t\t<\/div>\n\t\t\t\t<\/div>","protected":false},"excerpt":{"rendered":"<p>1. AG-Name Arbeitsgruppe OCR \u00a0 2. AG-Arbeitsschwerpunkte Die Verwendung von digitalen Textdaten ist ein Kernmerkmal der Digitalen Geisteswissenschaften (Digital Humanities, DH). Der gro\u00dfe und wachsende Bedarf nach diesen Daten als Forschungsdaten setzt jedoch voraus, dass effiziente Technologien mit einer hohen Erkennungsgenauigkeit sowohl f\u00fcr den Text als auch f\u00fcr die Dokumentstruktur zur Verf\u00fcgung stehen. Aus diesem [&hellip;]<\/p>\n","protected":false},"author":1,"featured_media":0,"parent":0,"menu_order":0,"comment_status":"closed","ping_status":"closed","template":"","meta":{"_acf_changed":false,"footnotes":""},"categories":[157],"tags":[],"class_list":["post-2154","page","type-page","status-publish","hentry","category-ag"],"acf":[],"_links":{"self":[{"href":"https:\/\/digitalhumanities.de\/en\/wp-json\/wp\/v2\/pages\/2154","targetHints":{"allow":["GET"]}}],"collection":[{"href":"https:\/\/digitalhumanities.de\/en\/wp-json\/wp\/v2\/pages"}],"about":[{"href":"https:\/\/digitalhumanities.de\/en\/wp-json\/wp\/v2\/types\/page"}],"author":[{"embeddable":true,"href":"https:\/\/digitalhumanities.de\/en\/wp-json\/wp\/v2\/users\/1"}],"replies":[{"embeddable":true,"href":"https:\/\/digitalhumanities.de\/en\/wp-json\/wp\/v2\/comments?post=2154"}],"version-history":[{"count":9,"href":"https:\/\/digitalhumanities.de\/en\/wp-json\/wp\/v2\/pages\/2154\/revisions"}],"predecessor-version":[{"id":5298,"href":"https:\/\/digitalhumanities.de\/en\/wp-json\/wp\/v2\/pages\/2154\/revisions\/5298"}],"wp:attachment":[{"href":"https:\/\/digitalhumanities.de\/en\/wp-json\/wp\/v2\/media?parent=2154"}],"wp:term":[{"taxonomy":"category","embeddable":true,"href":"https:\/\/digitalhumanities.de\/en\/wp-json\/wp\/v2\/categories?post=2154"},{"taxonomy":"post_tag","embeddable":true,"href":"https:\/\/digitalhumanities.de\/en\/wp-json\/wp\/v2\/tags?post=2154"}],"curies":[{"name":"wp","href":"https:\/\/api.w.org\/{rel}","templated":true}]}}