{"id":2147,"date":"2024-04-09T14:32:01","date_gmt":"2024-04-09T12:32:01","guid":{"rendered":"https:\/\/dig-hum.sjstudios.eu\/?page_id=2147"},"modified":"2025-03-06T11:20:09","modified_gmt":"2025-03-06T10:20:09","slug":"ag-multilingual-dh","status":"publish","type":"page","link":"https:\/\/digitalhumanities.de\/en\/ag-multilingual-dh\/","title":{"rendered":"AG Multilingual DH"},"content":{"rendered":"<div data-elementor-type=\"wp-page\" data-elementor-id=\"2147\" class=\"elementor elementor-2147\" data-elementor-post-type=\"page\">\n\t\t\t\t<div class=\"elementor-element elementor-element-2f66afe3 e-flex e-con-boxed e-con e-parent\" data-id=\"2f66afe3\" data-element_type=\"container\" data-e-type=\"container\">\n\t\t\t\t\t<div class=\"e-con-inner\">\n\t\t\t\t<div class=\"elementor-element elementor-element-59a4b828 elementor-widget__width-initial elementor-widget-mobile__width-initial elementor-widget elementor-widget-heading\" data-id=\"59a4b828\" data-element_type=\"widget\" data-e-type=\"widget\" data-widget_type=\"heading.default\">\n\t\t\t\t<div class=\"elementor-widget-container\">\n\t\t\t\t\t<h1 class=\"elementor-heading-title elementor-size-default\">AG Multilingual DH<\/h1>\t\t\t\t<\/div>\n\t\t\t\t<\/div>\n\t\t\t\t<div class=\"elementor-element elementor-element-3d83c13c elementor-widget__width-initial elementor-widget elementor-widget-text-editor\" data-id=\"3d83c13c\" data-element_type=\"widget\" data-e-type=\"widget\" data-widget_type=\"text-editor.default\">\n\t\t\t\t<div class=\"elementor-widget-container\">\n\t\t\t\t\t\t\t\t\t<h2><strong>1. AG-Name<\/strong><\/h2><p>Arbeitsgruppe Multilingual DH<\/p><h3>\u00a0<\/h3><h2><strong>2. AG-Arbeitsschwerpunkte<\/strong><\/h2><ul><li>Erarbeitung von Schwachstellen im Hinblick auf die Unterst\u00fctzung nicht-lateinischer Schriften in DH-Infrastruktur.<\/li><li>Kritische Diskussion der deutschen und internationalen DH-Praxis im Hinblick auf (neo)koloniale Praktiken. Das umfasst Vokabular, Infrastruktur, Methodologien und Themenfelder. \u2022 Unterst\u00fctzung und Beratung zur Sichtbarmachung von Missst\u00e4nden.<\/li><li>Erarbeitung von L\u00f6sungsans\u00e4tzen und Verbesserung technischer Anforderungen im Bereich der Multilingualit\u00e4t durch die Sichtbarmachung der Probleme im Austausch mit Entwicker*innen.<\/li><li>Vernetzung von Akteur*innen im Bereich multilinguale DH national und international auf und durch Workshops, Konferenzen und Publikationen<\/li><\/ul><h3>\u00a0<\/h3><h2><strong>3. AG-Ziele<\/strong><\/h2><p>Unter den Stichworten \u201cDecolonizing DH\u201d oder \u201cDisrupting Digital Monolingualism\u201d wurde in der letzten Zeit Kritik an der einseitigen Zentrierung der Digital Humanities auf lateinbasierte Schriftsprachen laut. Dies umfasst mehrere Ebenen.<\/p><p>Zum einen bedeutet die Arbeit mit Nicht-Lateinischen Schriften und multilingualen Quellen in einer englischsprachigen Infrastruktur h\u00e4ufig ganz pragmatisch, eine hohe Toleranz gegen\u00fcber notwendigen Workarounds entwickeln zu m\u00fcssen, sowie mit Inkompatibilit\u00e4ten oder schlicht fehlender Unterst\u00fctzung und Funktionalit\u00e4t f\u00fcr bestimmte Schriftsprachen konfrontiert zu sein. Das f\u00fchrt dazu, dass f\u00fcr diese F\u00e4lle neue Tools und Infrastrukturen entwickelt werden m\u00fcssen. Nicht zuletzt durch die Marginalisierung der Multilingual DH sowohl im Bereich der Digital Humanities-Community, als auch im Bereich der konservativen Wissenschaften, f\u00fchrt dies zu Parallelentwicklungen, da hier ein effektiver Austausch fehlt.<\/p><p>Neben diesen praktischen Problemen beinhaltet die Kritik aber auch eine Auseinandersetzung mit dem globalen, wissenschaftspolitischen System der Digital Humanities. Die technische und personelle Infrastruktur ist massiv abh\u00e4ngig von den finanziellen Mitteln, die im globalen Norden reicher vorhanden sind, als im globalen S\u00fcden. Dieser bleibt dadurch hinter dem globalen Norden zur\u00fcck, der das Feld der Diskurse und M\u00f6glichkeiten pr\u00e4gt und bestimmt. Dieser \u201cKolonialismus\u201d und die Marginalisierung der digitalen Wissenschaftspraxis des globalen S\u00fcdens und die einseitige Fokussierung auf Themen des globalen Nordens stellen eine Hierarchisierung der Wissenschaftspraxis dar, die thematisiert, diskutiert und praktisch herausgefordert werden muss.<\/p><p>Die AG beabsichtigt, die Kritik aufzugreifen und zu diskutieren, um an internationale Diskurse anzuschlie\u00dfen und Ideen f\u00fcr Verbesserungsm\u00f6glichkeiten zu entwickeln. Auch soll die bessere Vernetzung von betroffenen DH-Segmenten gef\u00f6rdert werden.<\/p><h3>\u00a0<\/h3><h2><strong>4. AG-URL (extern)<\/strong><\/h2><p><a href=\"https:\/\/m-l-d-h.github.io\/DHd-AG\/\">https:\/\/m-l-d-h.github.io\/DHd-AG\/<\/a><\/p><h3>\u00a0<\/h3><h2><strong>5. AG-Kontakt\/Convenor<\/strong><\/h2><p>Dr. Jonas M\u00fcller-Laackman<\/p><p>Staats- und Universit\u00e4tsbibliothek Hamburg Carl von Ossietzky<br \/>Abteilung Forschung und Entwicklung<br \/>Von-Melle-Park 3<br \/>20146 Hamburg<\/p><p>E-Mail: <a href=\"mailto:jonas.mueller-laackman@sub.uni-hamburg.de\">jonas.mueller-laackman@sub.uni-hamburg.de<\/a><\/p><p>Dr. Cosima Wagner<\/p><p>Freie Universit\u00e4t Berlin<br \/>Universit\u00e4tsbibliothek<br \/>Garystra\u00dfe 39<br \/>14195 Berlin<\/p><p>E-Mail: <a href=\"mailto:cosima.wagner@fu-berlin.de\">cosima.wagner@fu-berlin.de<\/a><\/p><p>Dr. Till Grallert<\/p><p>Humboldt-Universit\u00e4t zu Berlin<br \/>Universit\u00e4tsbibliothek<br \/>Geschwister-Scholl-Str. 1<br \/>10099 Berlin<\/p><p>E-Mail: <a href=\"mailto:till.grallert@fu-berlin.de\">till.grallert@fu-berlin.de<\/a><\/p><p>Dr. Jana-Katharina Mende<\/p><p>Martin-Luther-Universit\u00e4t Halle-Wittenberg<br \/>Institut f\u00fcr Germanistik<br \/>Abteilung Komparatistik<br \/>Ludwig-Wucherer-Str. 2<br \/>06108 Halle (Saale)<\/p><p>E-Mail: <a href=\"mailto:jana-katharina.mende@germanistik.uni-halle.de\">jana-katharina.mende@germanistik.uni-halle.de<\/a><\/p>\t\t\t\t\t\t\t\t<\/div>\n\t\t\t\t<\/div>\n\t\t\t\t\t<\/div>\n\t\t\t\t<\/div>\n\t\t\t\t<\/div>","protected":false},"excerpt":{"rendered":"<p>1. AG-Name Arbeitsgruppe Multilingual DH \u00a0 2. AG-Arbeitsschwerpunkte Erarbeitung von Schwachstellen im Hinblick auf die Unterst\u00fctzung nicht-lateinischer Schriften in DH-Infrastruktur. Kritische Diskussion der deutschen und internationalen DH-Praxis im Hinblick auf (neo)koloniale Praktiken. Das umfasst Vokabular, Infrastruktur, Methodologien und Themenfelder. \u2022 Unterst\u00fctzung und Beratung zur Sichtbarmachung von Missst\u00e4nden. Erarbeitung von L\u00f6sungsans\u00e4tzen und Verbesserung technischer Anforderungen im [&hellip;]<\/p>\n","protected":false},"author":1,"featured_media":0,"parent":0,"menu_order":0,"comment_status":"closed","ping_status":"closed","template":"","meta":{"_acf_changed":false,"footnotes":""},"categories":[157],"tags":[],"class_list":["post-2147","page","type-page","status-publish","hentry","category-ag"],"acf":[],"_links":{"self":[{"href":"https:\/\/digitalhumanities.de\/en\/wp-json\/wp\/v2\/pages\/2147","targetHints":{"allow":["GET"]}}],"collection":[{"href":"https:\/\/digitalhumanities.de\/en\/wp-json\/wp\/v2\/pages"}],"about":[{"href":"https:\/\/digitalhumanities.de\/en\/wp-json\/wp\/v2\/types\/page"}],"author":[{"embeddable":true,"href":"https:\/\/digitalhumanities.de\/en\/wp-json\/wp\/v2\/users\/1"}],"replies":[{"embeddable":true,"href":"https:\/\/digitalhumanities.de\/en\/wp-json\/wp\/v2\/comments?post=2147"}],"version-history":[{"count":9,"href":"https:\/\/digitalhumanities.de\/en\/wp-json\/wp\/v2\/pages\/2147\/revisions"}],"predecessor-version":[{"id":5276,"href":"https:\/\/digitalhumanities.de\/en\/wp-json\/wp\/v2\/pages\/2147\/revisions\/5276"}],"wp:attachment":[{"href":"https:\/\/digitalhumanities.de\/en\/wp-json\/wp\/v2\/media?parent=2147"}],"wp:term":[{"taxonomy":"category","embeddable":true,"href":"https:\/\/digitalhumanities.de\/en\/wp-json\/wp\/v2\/categories?post=2147"},{"taxonomy":"post_tag","embeddable":true,"href":"https:\/\/digitalhumanities.de\/en\/wp-json\/wp\/v2\/tags?post=2147"}],"curies":[{"name":"wp","href":"https:\/\/api.w.org\/{rel}","templated":true}]}}