{"id":2116,"date":"2024-04-09T14:14:32","date_gmt":"2024-04-09T12:14:32","guid":{"rendered":"https:\/\/dig-hum.sjstudios.eu\/?page_id=2116"},"modified":"2025-11-04T10:31:29","modified_gmt":"2025-11-04T09:31:29","slug":"ag-empowerment","status":"publish","type":"page","link":"https:\/\/digitalhumanities.de\/en\/ag-empowerment\/","title":{"rendered":"AG Empowerment"},"content":{"rendered":"<div data-elementor-type=\"wp-page\" data-elementor-id=\"2116\" class=\"elementor elementor-2116\" data-elementor-post-type=\"page\">\n\t\t\t\t<div class=\"elementor-element elementor-element-55d043e7 e-flex e-con-boxed e-con e-parent\" data-id=\"55d043e7\" data-element_type=\"container\" data-e-type=\"container\">\n\t\t\t\t\t<div class=\"e-con-inner\">\n\t\t\t\t<div class=\"elementor-element elementor-element-8dcb1ae elementor-widget__width-initial elementor-widget-mobile__width-initial elementor-widget elementor-widget-heading\" data-id=\"8dcb1ae\" data-element_type=\"widget\" data-e-type=\"widget\" data-widget_type=\"heading.default\">\n\t\t\t\t<div class=\"elementor-widget-container\">\n\t\t\t\t\t<h1 class=\"elementor-heading-title elementor-size-default\">AG Empowerment<\/h1>\t\t\t\t<\/div>\n\t\t\t\t<\/div>\n\t\t\t\t<div class=\"elementor-element elementor-element-4143c396 elementor-widget__width-initial elementor-widget elementor-widget-text-editor\" data-id=\"4143c396\" data-element_type=\"widget\" data-e-type=\"widget\" data-widget_type=\"text-editor.default\">\n\t\t\t\t<div class=\"elementor-widget-container\">\n\t\t\t\t\t\t\t\t\t<h2><strong>1. AG-Name<\/strong><\/h2><p>Arbeitsgruppe Empowerment<\/p><p>(Empowerment in the DH = kurz: #empowerDH)<\/p><h3>\u00a0<\/h3><h2><strong>2. AG-Arbeitsschwerpunkte<\/strong><\/h2><ul><li>Begriffe und sprachliche Praktiken (Fachbegriffe und fachliches Umfeld)<\/li><li>Wissenschaftssoziologische Perspektive auf Strukturen und Selbstverst\u00e4ndnis des Fachs als Community, das aber dennoch seine Hierarchien, Machtgef\u00e4lle und Unterrepr\u00e4sentationen anerkennen muss.\u00a0<\/li><li>Inhalte des Fachs inklusiv betrachten, z.B. unter Stichworten wie #DataFeminism etc.<\/li><\/ul><h3>\u00a0<\/h3><h2><strong>3. AG-Ziele<\/strong><\/h2><p>In den letzten Jahren sind in der Wissenschaft vermehrt Stimmen laut geworden, die auf unsichtbare Machtstrukturen, prek\u00e4re Arbeitsverh\u00e4ltnisse und diskriminatorische Selektionspraktiken hinweisen. Neben Fragen der sozialen Mobilit\u00e4t spielen hierbei auch gesamtgesellschaftliche Auseinandersetzungen mit Geschlechtergerechtigkeit, kolonialem Erbe und weiteren \u2013 auch durchaus kontrovers diskutierten \u2013 Themen eine Rolle. W\u00e4hrend sich die Digital Humanities in internationalen Diskursen an solchen Stellen einbringen, sowohl was eine Reflektion der wissenschaftspolitischen Relevanz f\u00fcr das Fach als auch der Methoden und wissenschaftstheoretischen Implikationen angeht, besteht im deutschsprachigen Raum noch das Desiderat, f\u00fcr einen solchen Austausch einen Gespr\u00e4chsraum zu schaffen. Hier m\u00f6chte die AG ansetzen. <strong>\u201eEmpowerment\u201c<\/strong> \u2013 gemeinsam, konstruktiv, pragmatisch.<\/p><h3>\u00a0<\/h3><h2><strong>4. AG-URL (extern)<\/strong><\/h2><p><a href=\"https:\/\/empowerdh.github.io\/\">https:\/\/empowerdh.github.io\/<\/a><\/p><p>Auch: <a href=\"http:\/\/twitter.com\/empowerDH\">twitter.com\/empowerDH<\/a><\/p><p>Gerne k\u00f6nnen Sie sich auch in die Mailingliste der AG Empowerment eintragen:<a href=\"https:\/\/lists.digitalhumanities.org\/mailman\/listinfo\/dhd-ag-empowerment\">\u00a0https:\/\/lists.digitalhumanities.org\/mailman\/listinfo\/dhd-ag-empowerment<\/a><\/p><h3>\u00a0<\/h3><h2><strong>5. AG-Publikationen\/Working Papers<\/strong><\/h2><p>Noch keine Publikationen\/Working Papers ver\u00f6ffentlicht (Stand: Nov. 2021)<\/p><h3>\u00a0<\/h3><h2><strong>6. AG-Kontakt\/Convenor<\/strong><\/h2><p>Convenor<\/p><p>Sarah Lang<br \/>Zentrum f\u00fcr Informationsmodellierung<br \/>Elisabethstra\u00dfe 59\/III<br \/>8010 Graz, Austria<br \/>Email: <a href=\"mailto:sarah.lang@uni-graz.at\">sarah.lang@uni-graz.at<\/a><\/p><p>Stellvertretende Convenor:innen<\/p><p>Tessa Gengnagel<br \/>Cologne Center for eHumanities<br \/>Universit\u00e4t zu K\u00f6ln<br \/>Albertus-Magnus-Platz<br \/>50923 K\u00f6ln<br \/>Email: <a href=\"mailto:tessa.gengnagel@uni-koeln.de\">tessa.gengnagel@uni-koeln.de<\/a><\/p><p>Anja Gerber<br \/>Klassik Stiftung Weimar<br \/>Querschnittsdirektion Dig. Transformation und Innovationsmgmt.<br \/>Burgplatz 4<br \/>99423 Weimar\u00a0<br \/>E-Mail: <a href=\"mailto:anja.gerber@klassik-stiftung.de\">anja.gerber@klassik-stiftung.de<\/a><\/p><p>Nora Probst<br \/>Universit\u00e4t Paderborn<br \/>Vertretung des Lehrstuhls f\u00fcr Digital Humanities\u200b<br \/>Mersinweg 3<br \/>33100 Paderborn<br \/>Email: <a href=\"mailto:nora.probst@uni-koeln.de\">nora.probst@uni-koeln.de<\/a><\/p><p><em>Fr\u00fchere Stellvertretende Convenor:innen<\/em><\/p><p>Lisa Kolodzie<br \/>Email: <a href=\"mailto:lkolodzie.empowerment@gmail.com\">lkolodzie.empowerment@gmail.com<\/a><\/p><p>Berenike Rensinghoff<br \/>Email:\u00a0<a href=\"mailto:berenike.rensinghoff@adwmainz.de\">berenike.rensinghoff@adwmainz.de<\/a><\/p>\t\t\t\t\t\t\t\t<\/div>\n\t\t\t\t<\/div>\n\t\t\t\t\t<\/div>\n\t\t\t\t<\/div>\n\t\t\t\t<\/div>","protected":false},"excerpt":{"rendered":"<p>1. AG-Name Arbeitsgruppe Empowerment (Empowerment in the DH = kurz: #empowerDH) \u00a0 2. AG-Arbeitsschwerpunkte Begriffe und sprachliche Praktiken (Fachbegriffe und fachliches Umfeld) Wissenschaftssoziologische Perspektive auf Strukturen und Selbstverst\u00e4ndnis des Fachs als Community, das aber dennoch seine Hierarchien, Machtgef\u00e4lle und Unterrepr\u00e4sentationen anerkennen muss.\u00a0 Inhalte des Fachs inklusiv betrachten, z.B. unter Stichworten wie #DataFeminism etc. \u00a0 3. [&hellip;]<\/p>\n","protected":false},"author":1,"featured_media":0,"parent":0,"menu_order":0,"comment_status":"closed","ping_status":"closed","template":"","meta":{"_acf_changed":false,"footnotes":""},"categories":[157],"tags":[],"class_list":["post-2116","page","type-page","status-publish","hentry","category-ag"],"acf":[],"_links":{"self":[{"href":"https:\/\/digitalhumanities.de\/en\/wp-json\/wp\/v2\/pages\/2116","targetHints":{"allow":["GET"]}}],"collection":[{"href":"https:\/\/digitalhumanities.de\/en\/wp-json\/wp\/v2\/pages"}],"about":[{"href":"https:\/\/digitalhumanities.de\/en\/wp-json\/wp\/v2\/types\/page"}],"author":[{"embeddable":true,"href":"https:\/\/digitalhumanities.de\/en\/wp-json\/wp\/v2\/users\/1"}],"replies":[{"embeddable":true,"href":"https:\/\/digitalhumanities.de\/en\/wp-json\/wp\/v2\/comments?post=2116"}],"version-history":[{"count":10,"href":"https:\/\/digitalhumanities.de\/en\/wp-json\/wp\/v2\/pages\/2116\/revisions"}],"predecessor-version":[{"id":5498,"href":"https:\/\/digitalhumanities.de\/en\/wp-json\/wp\/v2\/pages\/2116\/revisions\/5498"}],"wp:attachment":[{"href":"https:\/\/digitalhumanities.de\/en\/wp-json\/wp\/v2\/media?parent=2116"}],"wp:term":[{"taxonomy":"category","embeddable":true,"href":"https:\/\/digitalhumanities.de\/en\/wp-json\/wp\/v2\/categories?post=2116"},{"taxonomy":"post_tag","embeddable":true,"href":"https:\/\/digitalhumanities.de\/en\/wp-json\/wp\/v2\/tags?post=2116"}],"curies":[{"name":"wp","href":"https:\/\/api.w.org\/{rel}","templated":true}]}}