{"id":2109,"date":"2024-04-09T14:12:34","date_gmt":"2024-04-09T12:12:34","guid":{"rendered":"https:\/\/dig-hum.sjstudios.eu\/?page_id=2109"},"modified":"2024-04-20T13:38:45","modified_gmt":"2024-04-20T11:38:45","slug":"ag-digitale-3d-rekonstruktion","status":"publish","type":"page","link":"https:\/\/digitalhumanities.de\/en\/ag-digitale-3d-rekonstruktion\/","title":{"rendered":"AG Digitale 3D-Rekonstruktion"},"content":{"rendered":"<div data-elementor-type=\"wp-page\" data-elementor-id=\"2109\" class=\"elementor elementor-2109\" data-elementor-post-type=\"page\">\n\t\t\t\t<div class=\"elementor-element elementor-element-38402c50 e-flex e-con-boxed e-con e-parent\" data-id=\"38402c50\" data-element_type=\"container\" data-e-type=\"container\">\n\t\t\t\t\t<div class=\"e-con-inner\">\n\t\t\t\t<div class=\"elementor-element elementor-element-796c3 elementor-widget__width-initial elementor-widget-mobile__width-initial elementor-widget elementor-widget-heading\" data-id=\"796c3\" data-element_type=\"widget\" data-e-type=\"widget\" data-widget_type=\"heading.default\">\n\t\t\t\t<div class=\"elementor-widget-container\">\n\t\t\t\t\t<h1 class=\"elementor-heading-title elementor-size-default\">AG Digitale 3D-Rekonstruktion<\/h1>\t\t\t\t<\/div>\n\t\t\t\t<\/div>\n\t\t\t\t<div class=\"elementor-element elementor-element-7673df20 elementor-widget__width-initial elementor-widget elementor-widget-text-editor\" data-id=\"7673df20\" data-element_type=\"widget\" data-e-type=\"widget\" data-widget_type=\"text-editor.default\">\n\t\t\t\t<div class=\"elementor-widget-container\">\n\t\t\t\t\t\t\t\t\t<p>Die digitale 3D Rekonstruktion von Kulturerbe, insbesondere der zerst\u00f6rten und\/oder nicht realisierten Kunst und Architektur, wird immer breiter f\u00fcr die Visualisierung und Vermittlung verwendet. Die Informations- und Kommunikationstechnologische Entwicklung erlaubt uns atemberaubende Bilder zu generieren, die verst\u00e4rkt um Interaktivit\u00e4t sowie Augmented Reality erweitert werden.<\/p><p>Trotz der Erfolge dieser Visualisierungsmethode sind Fragen hinsichtlich der Wissenschaftlichkeit der Arbeitsweise und ihrer Resultate nicht gekl\u00e4rt. So ist die Begriffskl\u00e4rung, die Methodologie, die Nachvollziehbarkeit und Langzeitverf\u00fcgbarkeit infolge u.a. fehlender Dokumentationsstandards nicht gegeben.<\/p><p>Die <a href=\"http:\/\/www.digitale-rekonstruktion.info\/\">Arbeitsgruppe Digitale 3D-Rekonstruktion<\/a> ging aus der 1. Jahrestagung der Digital Humanities im deutschsprachigen Raum (25.-28.02.2014, Universit\u00e4t Passau) hervor, und versammelt Kolleginnen und Kollegen, die sich dem Thema aus dem Blickwinkel der Architektur, Arch\u00e4ologie, Bau- und Kunstgeschichte sowie Computergraphik und Informatik verschrieben haben. Die Gr\u00fcndungsmitglieder der AG nutzten die Gelegenheit, um eine Plattform f\u00fcr einen engeren Austausch und eine feste Etablierung der digitalen 3D Rekonstruktion von Kulturerbe innerhalb der Digital Humanities einzurichten.<\/p><p>Vorrangiges Ziel der Arbeitsgruppe ist es, die Akteure im deutschsprachigen Raum zusammenzubringen, um sich den Fragen der Begriffskl\u00e4rung und der Arbeitsmethodik sowie der Dokumentation und der Langzeitarchivierung von digitalen Rekonstruktionsprojekten und den 3D Datens\u00e4tzen zu widmen.<\/p><p>Die <a href=\"http:\/\/www.digitale-rekonstruktion.info\/mitglieder\/\">Mitglieder aus zahlreichen Forschungseinrichtungen<\/a> in\u00a0Deutschland, \u00d6sterreich, der Schweiz und Luxembourg sind sich bewusst, dass die L\u00f6sung der o.g. Fragen nur mit gemeinsamer Anstrengung mittel- und langfristig erfolgen kann. Die AG will den Anstoss und den Raum f\u00fcr eine gemeinsame Entwicklung, Publikationen und Auftritte geben.<\/p><h3>\u00a0<\/h3><h2><strong>AG-Kontakt\/Convenor<\/strong><\/h2><p>Prof. Dr.-Ing. Piotr Kuroczy\u0144ski<br \/>Hochschule Mainz<br \/>Architekturinstitut<br \/>Pro\u00adfessor f\u00fcr Ange\u00adwandte Infor\u00admatik und Visua\u00adli\u00adsie\u00adrung im Bau\u00adwesen<br \/>Holzstr. 36<br \/>55116 Mainz<br \/>Tel. +49 (0) 6131 \u2013 628 -1223<br \/>Fax +49 (0) 6131 \u2013 628 -91223<br \/>E-Mail: <a href=\"mailto:piotr.\u200bkuroczynski@\u200bhs-\u200bmainz.\u200bde\" target=\"_blank\" rel=\"noopener\">piotr.\u200bkuroczynski@\u200bhs-\u200bmainz.\u200bde<\/a><\/p>\t\t\t\t\t\t\t\t<\/div>\n\t\t\t\t<\/div>\n\t\t\t\t\t<\/div>\n\t\t\t\t<\/div>\n\t\t\t\t<\/div>","protected":false},"excerpt":{"rendered":"<p>Die digitale 3D Rekonstruktion von Kulturerbe, insbesondere der zerst\u00f6rten und\/oder nicht realisierten Kunst und Architektur, wird immer breiter f\u00fcr die Visualisierung und Vermittlung verwendet. Die Informations- und Kommunikationstechnologische Entwicklung erlaubt uns atemberaubende Bilder zu generieren, die verst\u00e4rkt um Interaktivit\u00e4t sowie Augmented Reality erweitert werden. Trotz der Erfolge dieser Visualisierungsmethode sind Fragen hinsichtlich der Wissenschaftlichkeit der [&hellip;]<\/p>\n","protected":false},"author":1,"featured_media":0,"parent":0,"menu_order":0,"comment_status":"closed","ping_status":"closed","template":"","meta":{"_acf_changed":false,"footnotes":""},"categories":[157],"tags":[],"class_list":["post-2109","page","type-page","status-publish","hentry","category-ag"],"acf":[],"_links":{"self":[{"href":"https:\/\/digitalhumanities.de\/en\/wp-json\/wp\/v2\/pages\/2109","targetHints":{"allow":["GET"]}}],"collection":[{"href":"https:\/\/digitalhumanities.de\/en\/wp-json\/wp\/v2\/pages"}],"about":[{"href":"https:\/\/digitalhumanities.de\/en\/wp-json\/wp\/v2\/types\/page"}],"author":[{"embeddable":true,"href":"https:\/\/digitalhumanities.de\/en\/wp-json\/wp\/v2\/users\/1"}],"replies":[{"embeddable":true,"href":"https:\/\/digitalhumanities.de\/en\/wp-json\/wp\/v2\/comments?post=2109"}],"version-history":[{"count":8,"href":"https:\/\/digitalhumanities.de\/en\/wp-json\/wp\/v2\/pages\/2109\/revisions"}],"predecessor-version":[{"id":2828,"href":"https:\/\/digitalhumanities.de\/en\/wp-json\/wp\/v2\/pages\/2109\/revisions\/2828"}],"wp:attachment":[{"href":"https:\/\/digitalhumanities.de\/en\/wp-json\/wp\/v2\/media?parent=2109"}],"wp:term":[{"taxonomy":"category","embeddable":true,"href":"https:\/\/digitalhumanities.de\/en\/wp-json\/wp\/v2\/categories?post=2109"},{"taxonomy":"post_tag","embeddable":true,"href":"https:\/\/digitalhumanities.de\/en\/wp-json\/wp\/v2\/tags?post=2109"}],"curies":[{"name":"wp","href":"https:\/\/api.w.org\/{rel}","templated":true}]}}