{"id":2095,"date":"2024-04-09T13:57:47","date_gmt":"2024-04-09T11:57:47","guid":{"rendered":"https:\/\/dig-hum.sjstudios.eu\/?page_id=2095"},"modified":"2024-04-20T13:41:51","modified_gmt":"2024-04-20T11:41:51","slug":"ag-digitale-wissenschaftskommunikation-und-public-humanities","status":"publish","type":"page","link":"https:\/\/digitalhumanities.de\/en\/ag-digitale-wissenschaftskommunikation-und-public-humanities\/","title":{"rendered":"AG Digitale Wissenschaftskommunikation und Public Humanities"},"content":{"rendered":"<div data-elementor-type=\"wp-page\" data-elementor-id=\"2095\" class=\"elementor elementor-2095\" data-elementor-post-type=\"page\">\n\t\t\t\t<div class=\"elementor-element elementor-element-30a9482a e-flex e-con-boxed e-con e-parent\" data-id=\"30a9482a\" data-element_type=\"container\" data-e-type=\"container\">\n\t\t\t\t\t<div class=\"e-con-inner\">\n\t\t\t\t<div class=\"elementor-element elementor-element-3d8db809 elementor-widget__width-initial elementor-widget-mobile__width-initial elementor-widget elementor-widget-heading\" data-id=\"3d8db809\" data-element_type=\"widget\" data-e-type=\"widget\" data-widget_type=\"heading.default\">\n\t\t\t\t<div class=\"elementor-widget-container\">\n\t\t\t\t\t<h1 class=\"elementor-heading-title elementor-size-default\">AG Digitale Wissenschaftskommunikation und Public Humanities<\/h1>\t\t\t\t<\/div>\n\t\t\t\t<\/div>\n\t\t\t\t<div class=\"elementor-element elementor-element-3fbf7f5e elementor-widget__width-initial elementor-widget elementor-widget-text-editor\" data-id=\"3fbf7f5e\" data-element_type=\"widget\" data-e-type=\"widget\" data-widget_type=\"text-editor.default\">\n\t\t\t\t<div class=\"elementor-widget-container\">\n\t\t\t\t\t\t\t\t\t<h2><strong>1. AG-Name<\/strong><\/h2><p>AG Digitale Wissenschaftskommunikation und Public Humanities (AG-WissKomm)<\/p><h3>\u00a0<\/h3><h2><strong>2. AG-Arbeitsschwerpunkte<\/strong><\/h2><p>Die AG digitale Wissenschaftskommunikation und Public Humanities (AG-WissKomm) besch\u00e4ftigt sich mit Fragestellungen zur Wissenschaftskommunikation und der Einbindung einer breiten \u00d6ffentlichkeit in Forschungsprojekte der digitalen Geisteswissenschaften (Public Digital Humanities). Au\u00dferdem b\u00fcndeln wir Aktivit\u00e4ten der Wissenschaftskommunikation und organisieren gemeinsame Aktionen auf digitalen Plattformen wie Blogs oder Social Media. Basierend auf der Erfahrung der AG-Mitglieder erarbeiten wir Best Practices und Handreichungen f\u00fcr Digital Humanists, die in die digitale Wissenschaftskommunikation und \/ oder Public Humanities einsteigen wollen.<\/p><p>\u00a0<\/p><h2><strong>3. Ziele und Fragestellungen<br \/><\/strong><\/h2><p>Die AG digitale Wissenschaftskommunikation und Public Humanities (AG-WissKomm) hat im Wesentlichen zwei Ziele: Die Aktivit\u00e4ten der deutschsprachigen Digital-Humanities-Community sollen geb\u00fcndelt werden und Wissenschaftskommunikation und Public Humanities innerhalb der DH ausgewertet und reflektiert werden. Beide Ziele dienen dazu, gemeinsam die Relevanz des Faches st\u00e4rker nach au\u00dfen zu kommunizieren und somit das Forschungsfeld prominenter zu machen.<\/p><p>Konkrete Fragestellungen, denen sich die AG widmet sind:<\/p><ul><li>Wie k\u00f6nnen die Forschungs\u00f6ffentlichkeit und \/ oder eine breite \u00d6ffentlichkeit in Digital-Humanities-Projekte einbezogen werden?<\/li><li>Welche Projekte widmen sich bereits der Wissenschaftskommunikation und \/ oder den Public Digital Humanities?<\/li><li>Wie k\u00f6nnen wir gemeinsam daf\u00fcr sorgen, dass die Digital Humanities in der \u00f6ffentlichen Wahrnehmung gest\u00e4rkt werden?<\/li><li>Was sind Best \/ Worst practices der Wissenschaftskommunikation und wie kann man einfach und sicher in dieses Gebiet einsteigen?<\/li><li>Welchen Mehrwert bietet Wissenschaftskommunikation der Forschung bzw. den Forschenden?<\/li><\/ul><h2>\u00a0<\/h2><h2><strong>4. AG-URL (extern)<\/strong><\/h2><p><a href=\"https:\/\/publicdh.hypotheses.org\/\">https:\/\/publicdh.hypotheses.org\/<\/a><\/p><h2>\u00a0<\/h2><h2><strong>5. AG-Publikationen\/Working Papers<\/strong><\/h2><p>Blogreihe Public Humanities zur vDHd2021: <a href=\"https:\/\/publicdh.hypotheses.org\/blog\">https:\/\/publicdh.hypotheses.org\/blog<\/a><\/p><h3>\u00a0<\/h3><h2><strong>6. AG-Kontakt\/Convenor<\/strong><\/h2><p>Prof. Dr. Mareike Schumacher<br \/>Fakult\u00e4t f\u00fcr Sprach-, Literatur- und Kulturwissenschaften<br \/>Institut f\u00fcr Informationen und Medien, Sprache und Kultur (I:IMSK)<br \/>Professur f\u00fcr Digital Humanities<br \/>Universit\u00e4tsstra\u00dfe 31<br \/>93053 Regensburg<br \/><a href=\"mailto:\u200bmareike.schumacher@ur.de\">mareike.schumacher@ur.de<\/a><\/p><p>Melanie Seltmann<br \/>Humboldt-Universit\u00e4t zu Berlin<br \/>Philosophische Fakult\u00e4t<br \/>Institut f\u00fcr Bibliotheks- und Informationswissenschaft<br \/>Dorotheenstr. 26<br \/>10117 Berlin<br \/><a href=\"mailto:\u200bmelanie.seltmann.1@hu-berlin.de\">melanie.seltmann.1@hu-berlin.de<\/a><\/p>\t\t\t\t\t\t\t\t<\/div>\n\t\t\t\t<\/div>\n\t\t\t\t\t<\/div>\n\t\t\t\t<\/div>\n\t\t\t\t<\/div>","protected":false},"excerpt":{"rendered":"<p>1. AG-Name AG Digitale Wissenschaftskommunikation und Public Humanities (AG-WissKomm) \u00a0 2. AG-Arbeitsschwerpunkte Die AG digitale Wissenschaftskommunikation und Public Humanities (AG-WissKomm) besch\u00e4ftigt sich mit Fragestellungen zur Wissenschaftskommunikation und der Einbindung einer breiten \u00d6ffentlichkeit in Forschungsprojekte der digitalen Geisteswissenschaften (Public Digital Humanities). Au\u00dferdem b\u00fcndeln wir Aktivit\u00e4ten der Wissenschaftskommunikation und organisieren gemeinsame Aktionen auf digitalen Plattformen wie Blogs [&hellip;]<\/p>\n","protected":false},"author":1,"featured_media":0,"parent":0,"menu_order":0,"comment_status":"closed","ping_status":"closed","template":"","meta":{"_acf_changed":false,"footnotes":""},"categories":[157],"tags":[],"class_list":["post-2095","page","type-page","status-publish","hentry","category-ag"],"acf":[],"_links":{"self":[{"href":"https:\/\/digitalhumanities.de\/en\/wp-json\/wp\/v2\/pages\/2095","targetHints":{"allow":["GET"]}}],"collection":[{"href":"https:\/\/digitalhumanities.de\/en\/wp-json\/wp\/v2\/pages"}],"about":[{"href":"https:\/\/digitalhumanities.de\/en\/wp-json\/wp\/v2\/types\/page"}],"author":[{"embeddable":true,"href":"https:\/\/digitalhumanities.de\/en\/wp-json\/wp\/v2\/users\/1"}],"replies":[{"embeddable":true,"href":"https:\/\/digitalhumanities.de\/en\/wp-json\/wp\/v2\/comments?post=2095"}],"version-history":[{"count":14,"href":"https:\/\/digitalhumanities.de\/en\/wp-json\/wp\/v2\/pages\/2095\/revisions"}],"predecessor-version":[{"id":2832,"href":"https:\/\/digitalhumanities.de\/en\/wp-json\/wp\/v2\/pages\/2095\/revisions\/2832"}],"wp:attachment":[{"href":"https:\/\/digitalhumanities.de\/en\/wp-json\/wp\/v2\/media?parent=2095"}],"wp:term":[{"taxonomy":"category","embeddable":true,"href":"https:\/\/digitalhumanities.de\/en\/wp-json\/wp\/v2\/categories?post=2095"},{"taxonomy":"post_tag","embeddable":true,"href":"https:\/\/digitalhumanities.de\/en\/wp-json\/wp\/v2\/tags?post=2095"}],"curies":[{"name":"wp","href":"https:\/\/api.w.org\/{rel}","templated":true}]}}