{"id":2073,"date":"2024-04-09T13:20:01","date_gmt":"2024-04-09T11:20:01","guid":{"rendered":"https:\/\/dig-hum.sjstudios.eu\/?page_id=2073"},"modified":"2024-04-20T13:41:27","modified_gmt":"2024-04-20T11:41:27","slug":"ag-digitales-museum","status":"publish","type":"page","link":"https:\/\/digitalhumanities.de\/en\/ag-digitales-museum\/","title":{"rendered":"AG Digitales Museum"},"content":{"rendered":"<div data-elementor-type=\"wp-page\" data-elementor-id=\"2073\" class=\"elementor elementor-2073\" data-elementor-post-type=\"page\">\n\t\t\t\t<div class=\"elementor-element elementor-element-308cc19c e-flex e-con-boxed e-con e-parent\" data-id=\"308cc19c\" data-element_type=\"container\" data-e-type=\"container\">\n\t\t\t\t\t<div class=\"e-con-inner\">\n\t\t\t\t<div class=\"elementor-element elementor-element-6b14e918 elementor-widget__width-initial elementor-widget-mobile__width-initial elementor-widget elementor-widget-heading\" data-id=\"6b14e918\" data-element_type=\"widget\" data-e-type=\"widget\" data-widget_type=\"heading.default\">\n\t\t\t\t<div class=\"elementor-widget-container\">\n\t\t\t\t\t<h1 class=\"elementor-heading-title elementor-size-default\">AG Digitales Museum<\/h1>\t\t\t\t<\/div>\n\t\t\t\t<\/div>\n\t\t\t\t<div class=\"elementor-element elementor-element-1fb3476 elementor-widget__width-initial elementor-widget elementor-widget-text-editor\" data-id=\"1fb3476\" data-element_type=\"widget\" data-e-type=\"widget\" data-widget_type=\"text-editor.default\">\n\t\t\t\t<div class=\"elementor-widget-container\">\n\t\t\t\t\t\t\t\t\t<h2><strong>1. AG-Name<\/strong><\/h2><p>Arbeitsgruppe Digitales Museum<\/p><h3>\u00a0<\/h3><h2><strong>2. AG-Arbeitsschwerpunkte<\/strong><\/h2><p>Der Ged\u00e4chtnisinstitution Museum als H\u00fcterin des kulturellen Erbes und als dessen Vermittler kommt eine stetig wachsende Bedeutung f\u00fcr die Digital Humanities zu. Ihre digitalen Daten werden \u00fcber Portale und als Linked Open Data zur Verf\u00fcgung gestellt und bilden inzwischen eine unverzichtbare Ressource f\u00fcr die Entwicklung neuer Methoden und Techniken. Doch nicht nur als Bereitsteller von Daten, sondern auch als Akteure in der Forschungslandschaft sind Museen aktiv. Einschl\u00e4gige internationale Fachkonferenzen k\u00f6nnen inzwischen auf eine lange Tradition zur\u00fcckblicken und geben wichtige Impulse. Zentrale Methoden und Standards zur Bewahrung und Vermittlung des kulturellen Erbes entstammen genuin der musealen Forschung und finden inzwischen auch in anderen Kontexten Anwendung.<\/p><h3>\u00a0<\/h3><h2><strong>3. AG-Ziele<\/strong><\/h2><p>Die Arbeitsgruppe &#8218;Digitales Museum&#8216; hat das Ziel, die unterschiedlichen Rollen der Institution Museen in den Digital Humanities auszuloten und ihre Bedeutung und Potentiale herauszuarbeiten. Sie versteht sich als Vermittler, dient als Beratungsgremium und diskutiert die Transformation der Institution zu einem &#8222;digitalen Museum&#8220;.<\/p><h3>\u00a0<\/h3><h2><strong>4. AG-URL (extern)<\/strong><\/h2><p><a href=\"https:\/\/dig-hum.de\/ag-digitales-museum\">https:\/\/dig-hum.de\/ag-digitales-museum<\/a><\/p><h3>\u00a0<\/h3><h2><strong>5. AG-Publikationen\/Working Papers<\/strong><\/h2><p>N.N.<\/p><h3>\u00a0<\/h3><h2><strong>6. AG-Kontakt\/Convenor<\/strong><\/h2><p>Georg Hohmann, M.A.<br \/>Deutsches Museum Digital<br \/>Leiter<\/p><p>Deutsches Museum<br \/>von Meisterwerken der Naturwissenschaft und Technik (Ad\u00f6R)<br \/>Museumsinsel 1, 80538 M\u00fcnchen<br \/>Tel.: +49 89 2179 532<br \/>E-Mail: <a href=\"mailto:g.hohmann@deutsches-museum.de\">g.hohmann@deutsches-museum.de<\/a><br \/><a href=\"http:\/\/www.deutsches-museum.de\">www.deutsches-museum.de<\/a>\u00a0<\/p>\t\t\t\t\t\t\t\t<\/div>\n\t\t\t\t<\/div>\n\t\t\t\t\t<\/div>\n\t\t\t\t<\/div>\n\t\t\t\t<\/div>","protected":false},"excerpt":{"rendered":"<p>1. AG-Name Arbeitsgruppe Digitales Museum \u00a0 2. AG-Arbeitsschwerpunkte Der Ged\u00e4chtnisinstitution Museum als H\u00fcterin des kulturellen Erbes und als dessen Vermittler kommt eine stetig wachsende Bedeutung f\u00fcr die Digital Humanities zu. Ihre digitalen Daten werden \u00fcber Portale und als Linked Open Data zur Verf\u00fcgung gestellt und bilden inzwischen eine unverzichtbare Ressource f\u00fcr die Entwicklung neuer Methoden [&hellip;]<\/p>\n","protected":false},"author":1,"featured_media":0,"parent":0,"menu_order":0,"comment_status":"closed","ping_status":"closed","template":"","meta":{"_acf_changed":false,"footnotes":""},"categories":[157],"tags":[],"class_list":["post-2073","page","type-page","status-publish","hentry","category-ag"],"acf":[],"_links":{"self":[{"href":"https:\/\/digitalhumanities.de\/en\/wp-json\/wp\/v2\/pages\/2073","targetHints":{"allow":["GET"]}}],"collection":[{"href":"https:\/\/digitalhumanities.de\/en\/wp-json\/wp\/v2\/pages"}],"about":[{"href":"https:\/\/digitalhumanities.de\/en\/wp-json\/wp\/v2\/types\/page"}],"author":[{"embeddable":true,"href":"https:\/\/digitalhumanities.de\/en\/wp-json\/wp\/v2\/users\/1"}],"replies":[{"embeddable":true,"href":"https:\/\/digitalhumanities.de\/en\/wp-json\/wp\/v2\/comments?post=2073"}],"version-history":[{"count":11,"href":"https:\/\/digitalhumanities.de\/en\/wp-json\/wp\/v2\/pages\/2073\/revisions"}],"predecessor-version":[{"id":2831,"href":"https:\/\/digitalhumanities.de\/en\/wp-json\/wp\/v2\/pages\/2073\/revisions\/2831"}],"wp:attachment":[{"href":"https:\/\/digitalhumanities.de\/en\/wp-json\/wp\/v2\/media?parent=2073"}],"wp:term":[{"taxonomy":"category","embeddable":true,"href":"https:\/\/digitalhumanities.de\/en\/wp-json\/wp\/v2\/categories?post=2073"},{"taxonomy":"post_tag","embeddable":true,"href":"https:\/\/digitalhumanities.de\/en\/wp-json\/wp\/v2\/tags?post=2073"}],"curies":[{"name":"wp","href":"https:\/\/api.w.org\/{rel}","templated":true}]}}