{"id":2067,"date":"2024-04-09T12:21:11","date_gmt":"2024-04-09T10:21:11","guid":{"rendered":"https:\/\/dig-hum.sjstudios.eu\/?page_id=2067"},"modified":"2025-05-04T10:03:30","modified_gmt":"2025-05-04T08:03:30","slug":"ag-digital-humanities-theorie","status":"publish","type":"page","link":"https:\/\/digitalhumanities.de\/en\/ag-digital-humanities-theorie\/","title":{"rendered":"AG Digital Humanities Theorie"},"content":{"rendered":"<div data-elementor-type=\"wp-page\" data-elementor-id=\"2067\" class=\"elementor elementor-2067\" data-elementor-post-type=\"page\">\n\t\t\t\t<div class=\"elementor-element elementor-element-22aee9c5 e-flex e-con-boxed e-con e-parent\" data-id=\"22aee9c5\" data-element_type=\"container\" data-e-type=\"container\">\n\t\t\t\t\t<div class=\"e-con-inner\">\n\t\t\t\t<div class=\"elementor-element elementor-element-6962f0c elementor-widget__width-initial elementor-widget-mobile__width-initial elementor-widget elementor-widget-heading\" data-id=\"6962f0c\" data-element_type=\"widget\" data-e-type=\"widget\" data-widget_type=\"heading.default\">\n\t\t\t\t<div class=\"elementor-widget-container\">\n\t\t\t\t\t<h1 class=\"elementor-heading-title elementor-size-default\">AG Digital Humanities Theorie<\/h1>\t\t\t\t<\/div>\n\t\t\t\t<\/div>\n\t\t\t\t<div class=\"elementor-element elementor-element-7be860ad elementor-widget__width-initial elementor-widget elementor-widget-text-editor\" data-id=\"7be860ad\" data-element_type=\"widget\" data-e-type=\"widget\" data-widget_type=\"text-editor.default\">\n\t\t\t\t<div class=\"elementor-widget-container\">\n\t\t\t\t\t\t\t\t\t<h2><strong>1. AG-Name<\/strong><\/h2><p>Arbeitsgruppe Digital Humanities Theorie<\/p><h3>\u00a0<\/h3><h2><strong>2. AG-Arbeitsschwerpunkte<\/strong><\/h2><p>Die AG \u201cDigital Humanities Theorie\u201d besch\u00e4ftigt sich mit Formen, Verfahren und Zug\u00e4ngen von Theoriebildung und -arbeit in den DH. In den Fokus r\u00fccken unter anderem Objekte, Methoden, Werkzeuge der DH, ebenso wie das Verh\u00e4ltnis von Medialit\u00e4t und Digitalit\u00e4t, sowie wissenschaftstheoretische Ans\u00e4tze f\u00fcr die DH als Disziplin bzw. Forschungsfeld.<\/p><h3>\u00a0<\/h3><h2><strong>3. AG-Ziele und Fragestellungen<br \/><\/strong><\/h2><p>Unser Ziel ist es einen strukturierten Kommunikationsrahmen zu schaffen, der den interdisziplin\u00e4ren Austausch \u00fcber Theoriebildung und -arbeit innerhalb der DH bef\u00f6rdert. Denn wir behaupten, dass dieser Austausch f\u00fcr eine wissenschaftstheoretische Selbstreflexion und epistemologische Positionierung der DH notwendig ist. Neben einer strukturellen Bestandsaufnahme geht es uns vor allem darum, die vielf\u00e4ltigen theoretischen Zug\u00e4nge in den DH zu bestimmen, zu bewerten und sichtbar zu machen. Wissenschaftstheoretisch wie -soziologisch kann ferner die Frage behandelt werden, welche Perspektive sich \u00fcber die Theoriebildung auf das Verh\u00e4ltnis zu anderen beteiligten Wissenschaften (Informatik, Medienwissenschaften u. a.) ergibt. Daran schlie\u00dft sich auch einer Auseinandersetzung \u00fcber kollektive und partizipative Formen der Theoriearbeit an.<\/p><p>Diese Fragestellungen werden in verschiedenen (virtuellen und pers\u00f6nlichen) Kollaborationsformaten bearbeitet, dokumentiert und in Form verschiedener Publikationsformate wie Paper und Blogbeitr\u00e4ge disseminiert.<\/p><h3>\u00a0<\/h3><h2><strong>4. AG-URL (extern) und Mailingliste<br \/><\/strong><\/h2><ul><li>AG-URL: <a href=\"https:\/\/dhtheorien.hypotheses.org\/\">https:\/\/dhtheorien.hypotheses.org\/<\/a><\/li><li>E-Mail: <a href=\"mailto:dhd-ag-theorie@lists.digitalhumanities.org\">dhd-ag-theorie@lists.digitalhumanities.org<\/a><\/li><\/ul><h3>\u00a0<\/h3><h2><strong>5. AG-Publikationen\/Working Papers<\/strong><\/h2><p>Begriffe der Digital Humanities. Ein diskursives Glossar. Verf\u00fcgbar unter:\u00a0<a href=\"https:\/\/zfdg.de\/wp_2023_001\">https:\/\/zfdg.de\/wp_2023_001<\/a><\/p><h3>\u00a0<\/h3><h2><strong>6. AG-Kontakt\/Convenor<\/strong><\/h2><p>Rabea Kleymann<br \/>Jun.-Prof. Digital Humanities<br \/>Philosophische Fakult\u00e4t<br \/>Institut f\u00fcr Germanistik und Interkulturelle Kommunikation<br \/>Reichenhainer Stra\u00dfe 41<br \/>09126 Chemnitz<br \/>E-Mail: <a href=\"mailto:rabea.kleymann@phil.tu-chemnitz.de\">rabea.kleymann@phil.tu-chemnitz.de<\/a><\/p><p>Jonathan D. Geiger<br \/>Digitale Akademie der Akademie der Wissenschaften und der Literatur | Mainz<br \/>Geschwister-Scholl-Str. 2<br \/>55131 Mainz<br \/>E-Mail: <a href=\"mailto:jonathan.geiger@adwmainz.de\">jonathan.geiger@adwmainz.de<\/a><\/p><p>Alexa Lucke<br \/>Universit\u00e4t Bielefeld<br \/>Fakult\u00e4t f\u00fcr Linguistik<br \/>und Literaturwissenschaft<br \/>Universit\u00e4tsstra\u00dfe 25<br \/>33615 Bielefeld<br \/>E-Mail:\u00a0<a href=\"mailto:alexa.lucke@uni-bielefeld.de\">alexa.lucke@uni-bielefeld.de<\/a><\/p>\t\t\t\t\t\t\t\t<\/div>\n\t\t\t\t<\/div>\n\t\t\t\t\t<\/div>\n\t\t\t\t<\/div>\n\t\t\t\t<\/div>","protected":false},"excerpt":{"rendered":"<p>1. AG-Name Arbeitsgruppe Digital Humanities Theorie \u00a0 2. AG-Arbeitsschwerpunkte Die AG \u201cDigital Humanities Theorie\u201d besch\u00e4ftigt sich mit Formen, Verfahren und Zug\u00e4ngen von Theoriebildung und -arbeit in den DH. In den Fokus r\u00fccken unter anderem Objekte, Methoden, Werkzeuge der DH, ebenso wie das Verh\u00e4ltnis von Medialit\u00e4t und Digitalit\u00e4t, sowie wissenschaftstheoretische Ans\u00e4tze f\u00fcr die DH als Disziplin [&hellip;]<\/p>\n","protected":false},"author":1,"featured_media":0,"parent":0,"menu_order":0,"comment_status":"closed","ping_status":"closed","template":"","meta":{"_acf_changed":false,"footnotes":""},"categories":[157],"tags":[],"class_list":["post-2067","page","type-page","status-publish","hentry","category-ag"],"acf":[],"_links":{"self":[{"href":"https:\/\/digitalhumanities.de\/en\/wp-json\/wp\/v2\/pages\/2067","targetHints":{"allow":["GET"]}}],"collection":[{"href":"https:\/\/digitalhumanities.de\/en\/wp-json\/wp\/v2\/pages"}],"about":[{"href":"https:\/\/digitalhumanities.de\/en\/wp-json\/wp\/v2\/types\/page"}],"author":[{"embeddable":true,"href":"https:\/\/digitalhumanities.de\/en\/wp-json\/wp\/v2\/users\/1"}],"replies":[{"embeddable":true,"href":"https:\/\/digitalhumanities.de\/en\/wp-json\/wp\/v2\/comments?post=2067"}],"version-history":[{"count":9,"href":"https:\/\/digitalhumanities.de\/en\/wp-json\/wp\/v2\/pages\/2067\/revisions"}],"predecessor-version":[{"id":5408,"href":"https:\/\/digitalhumanities.de\/en\/wp-json\/wp\/v2\/pages\/2067\/revisions\/5408"}],"wp:attachment":[{"href":"https:\/\/digitalhumanities.de\/en\/wp-json\/wp\/v2\/media?parent=2067"}],"wp:term":[{"taxonomy":"category","embeddable":true,"href":"https:\/\/digitalhumanities.de\/en\/wp-json\/wp\/v2\/categories?post=2067"},{"taxonomy":"post_tag","embeddable":true,"href":"https:\/\/digitalhumanities.de\/en\/wp-json\/wp\/v2\/tags?post=2067"}],"curies":[{"name":"wp","href":"https:\/\/api.w.org\/{rel}","templated":true}]}}