{"id":2052,"date":"2024-04-09T12:13:03","date_gmt":"2024-04-09T10:13:03","guid":{"rendered":"https:\/\/dig-hum.sjstudios.eu\/?page_id=2052"},"modified":"2024-04-20T14:01:05","modified_gmt":"2024-04-20T12:01:05","slug":"dh-und-informatik","status":"publish","type":"page","link":"https:\/\/digitalhumanities.de\/en\/dh-und-informatik\/","title":{"rendered":"DH und Informatik"},"content":{"rendered":"<div data-elementor-type=\"wp-page\" data-elementor-id=\"2052\" class=\"elementor elementor-2052\" data-elementor-post-type=\"page\">\n\t\t\t\t<div class=\"elementor-element elementor-element-5ef27c3a e-flex e-con-boxed e-con e-parent\" data-id=\"5ef27c3a\" data-element_type=\"container\" data-e-type=\"container\">\n\t\t\t\t\t<div class=\"e-con-inner\">\n\t\t\t\t<div class=\"elementor-element elementor-element-1fd93884 elementor-widget__width-initial elementor-widget-mobile__width-initial elementor-widget elementor-widget-heading\" data-id=\"1fd93884\" data-element_type=\"widget\" data-e-type=\"widget\" data-widget_type=\"heading.default\">\n\t\t\t\t<div class=\"elementor-widget-container\">\n\t\t\t\t\t<h1 class=\"elementor-heading-title elementor-size-default\">DH und Informatik<\/h1>\t\t\t\t<\/div>\n\t\t\t\t<\/div>\n\t\t\t\t<div class=\"elementor-element elementor-element-145a47c4 elementor-widget__width-initial elementor-widget elementor-widget-text-editor\" data-id=\"145a47c4\" data-element_type=\"widget\" data-e-type=\"widget\" data-widget_type=\"text-editor.default\">\n\t\t\t\t<div class=\"elementor-widget-container\">\n\t\t\t\t\t\t\t\t\t<h2><strong>Hinweis<\/strong><\/h2><p>Die AG DH und Informatik hat zum Herbst 2018 ihre Arbeit eingestellt.<\/p><p>F\u00fcr weitere Informationen besuchen Sie bitte die Seite der Fachgruppe DH in der GI,\u00a0<\/p><p><a href=\"https:\/\/fg-infdh.gi.de\/\">https:\/\/fg-infdh.gi.de\/<\/a><\/p><h2>\u00a0<\/h2><h2><strong>1. AG-Name<\/strong><\/h2><p>Arbeitsgruppe DH und Informatik<\/p><h3>\u00a0<\/h3><h2><strong>2. AG-Arbeitsschwerpunkte<\/strong><\/h2><p>Workshops, die an verschiedenen Orten mit einem \u00f6ffentlichen Call for Papers stattfinden und in Zusammenarbeit mit der Gesellschaft f\u00fcr Informatik (GI) durchgef\u00fchrt werden, Publikation der Ergebnisse<\/p><h3>\u00a0<\/h3><h2><strong>3. AG-Ziele<\/strong><\/h2><p>Ausloten des Verh\u00e4ltnisses der Informatik zu den Geistes- und Kulturwissenschaften im deutschsprachigen Raum aus der Sicht der Informatik und Versuch einer Kl\u00e4rung, in welcher Wechselbeziehung die Informatik zu den F\u00e4chern der Humanities steht.<\/p><p>\u00a0<\/p><h2><strong>4. AG-URL (extern)<\/strong><\/h2><p><a href=\"http:\/\/dig-hum.de\/ag-dh-und-informatik\">http:\/\/dig-hum.de\/ag-dh-und-informatik<\/a><\/p><p>\u00a0<\/p><h2><strong>5. AG-Publikationen\/Working Papers<\/strong><\/h2><ul><li>Book of Abstracts, Workshop 2014 in Leipzig: <a href=\"http:\/\/dhd-wp.hab.de\/files\/book_of_abstracts.pdf\">http:\/\/dhd-wp.hab.de\/files\/book_of_abstracts.pdf<\/a><\/li><li>Proceedings des von Andreas Henrich organisierten Workshops auf der GI 2017: Henrich, A., Hohmann, G., Bartsch, S. &amp; Kuroczy\u0144ski, P., (2017). Workshop 15: Modellierung4DH \u2212\u00a0 Modellierungsfragen in den Digitalen Geisteswissenschaften. In: Eibl, M. &amp; Gaedke, M. (Hrsg.), INFORMATIK 2017. Lecture Notes in Informatics, P275, Gesellschaft f\u00fcr Informatik, Bonn. (S. 1099-1100)<\/li><\/ul><h3>\u00a0<\/h3><h2><strong>6. AG-Kontakt\/Convenor<\/strong><\/h2><p><strong>Convenors<\/strong><\/p><p>Gerhard Heyer<br \/>Lehrstuhl Automatische Sprachverarbeitung<br \/>Institut f\u00fcr Informatik<br \/>Universit\u00e4t Leipzig<br \/>E-Mail: <a href=\"mailto:heyer@informatik.uni-leipzig.de\">heyer@informatik.uni-leipzig.de<\/a><\/p><p>Andreas Henrich<br \/>Lehrstuhl f\u00fcr Medieninformatik<br \/>Fakult\u00e4t f\u00fcr Wirtschaftsinformatik und Angewandte Informatik<br \/>Otto-Friedrich-Universit\u00e4t Bamberg<br \/>E-Mail: <a href=\"mailto:andreas.henrich@uni-bamberg.de\">andreas.henrich@uni-bamberg.de<\/a><\/p><p>G\u00fcnther G\u00f6rz<br \/>AG Digital Humanities<br \/>Institut f\u00fcr Informatik<br \/>FAU Erlangen-Nuernberg<br \/>E-Mail: <a href=\"mailto:goerz@informatik.uni-erlangen.de\">goerz@informatik.uni-erlangen.de<\/a><\/p>\t\t\t\t\t\t\t\t<\/div>\n\t\t\t\t<\/div>\n\t\t\t\t\t<\/div>\n\t\t\t\t<\/div>\n\t\t\t\t<\/div>","protected":false},"excerpt":{"rendered":"<p>Hinweis Die AG DH und Informatik hat zum Herbst 2018 ihre Arbeit eingestellt. F\u00fcr weitere Informationen besuchen Sie bitte die Seite der Fachgruppe DH in der GI,\u00a0 https:\/\/fg-infdh.gi.de\/ \u00a0 1. AG-Name Arbeitsgruppe DH und Informatik \u00a0 2. AG-Arbeitsschwerpunkte Workshops, die an verschiedenen Orten mit einem \u00f6ffentlichen Call for Papers stattfinden und in Zusammenarbeit mit der [&hellip;]<\/p>\n","protected":false},"author":1,"featured_media":0,"parent":0,"menu_order":0,"comment_status":"closed","ping_status":"closed","template":"","meta":{"_acf_changed":false,"footnotes":""},"categories":[157],"tags":[],"class_list":["post-2052","page","type-page","status-publish","hentry","category-ag"],"acf":[],"_links":{"self":[{"href":"https:\/\/digitalhumanities.de\/en\/wp-json\/wp\/v2\/pages\/2052","targetHints":{"allow":["GET"]}}],"collection":[{"href":"https:\/\/digitalhumanities.de\/en\/wp-json\/wp\/v2\/pages"}],"about":[{"href":"https:\/\/digitalhumanities.de\/en\/wp-json\/wp\/v2\/types\/page"}],"author":[{"embeddable":true,"href":"https:\/\/digitalhumanities.de\/en\/wp-json\/wp\/v2\/users\/1"}],"replies":[{"embeddable":true,"href":"https:\/\/digitalhumanities.de\/en\/wp-json\/wp\/v2\/comments?post=2052"}],"version-history":[{"count":8,"href":"https:\/\/digitalhumanities.de\/en\/wp-json\/wp\/v2\/pages\/2052\/revisions"}],"predecessor-version":[{"id":2848,"href":"https:\/\/digitalhumanities.de\/en\/wp-json\/wp\/v2\/pages\/2052\/revisions\/2848"}],"wp:attachment":[{"href":"https:\/\/digitalhumanities.de\/en\/wp-json\/wp\/v2\/media?parent=2052"}],"wp:term":[{"taxonomy":"category","embeddable":true,"href":"https:\/\/digitalhumanities.de\/en\/wp-json\/wp\/v2\/categories?post=2052"},{"taxonomy":"post_tag","embeddable":true,"href":"https:\/\/digitalhumanities.de\/en\/wp-json\/wp\/v2\/tags?post=2052"}],"curies":[{"name":"wp","href":"https:\/\/api.w.org\/{rel}","templated":true}]}}