{"id":2037,"date":"2024-04-08T15:58:47","date_gmt":"2024-04-08T13:58:47","guid":{"rendered":"https:\/\/dig-hum.sjstudios.eu\/?page_id=2037"},"modified":"2026-03-10T12:05:29","modified_gmt":"2026-03-10T11:05:29","slug":"ag-geisteswissenschaftliches-forschungsdatenmanagement-gwfdm","status":"publish","type":"page","link":"https:\/\/digitalhumanities.de\/en\/ag-geisteswissenschaftliches-forschungsdatenmanagement-gwfdm\/","title":{"rendered":"AG Geisteswissenschaftliches Forschungsdatenmanagement (gwFDM)"},"content":{"rendered":"<div data-elementor-type=\"wp-page\" data-elementor-id=\"2037\" class=\"elementor elementor-2037\" data-elementor-post-type=\"page\">\n\t\t\t\t<div class=\"elementor-element elementor-element-364f29c3 e-flex e-con-boxed e-con e-parent\" data-id=\"364f29c3\" data-element_type=\"container\" data-e-type=\"container\">\n\t\t\t\t\t<div class=\"e-con-inner\">\n\t\t\t\t<div class=\"elementor-element elementor-element-10963877 elementor-widget__width-initial elementor-widget-mobile__width-initial elementor-widget elementor-widget-heading\" data-id=\"10963877\" data-element_type=\"widget\" data-e-type=\"widget\" data-widget_type=\"heading.default\">\n\t\t\t\t<div class=\"elementor-widget-container\">\n\t\t\t\t\t<h1 class=\"elementor-heading-title elementor-size-default\">AG Geisteswissenschaftliches Forschungsdatenmanagement (gwFDM)<\/h1>\t\t\t\t<\/div>\n\t\t\t\t<\/div>\n\t\t\t\t<div class=\"elementor-element elementor-element-33f0d7ea elementor-widget__width-initial elementor-widget elementor-widget-text-editor\" data-id=\"33f0d7ea\" data-element_type=\"widget\" data-e-type=\"widget\" data-widget_type=\"text-editor.default\">\n\t\t\t\t<div class=\"elementor-widget-container\">\n\t\t\t\t\t\t\t\t\t<h2><strong>1. AG-Name<\/strong><\/h2><p>Arbeitsgruppe Datenzentren<br \/><strong><a href=\"https:\/\/dhd-ag-datenzentren.github.io\/\">https:\/\/dhd-ag-datenzentren.github.io\/<\/a><\/strong><\/p><h3>\u00a0<\/h3><h2><strong>2. AG-Arbeitsschwerpunkte<\/strong><\/h2><ul><li>Research data management<\/li><li>Langzeitarchivierung<\/li><li>Standards<\/li><li>Etablierung nachhaltiger Strukturen f\u00fcr geisteswissenschaftliche Forschungsdaten<\/li><li>Spezifik geisteswissenschaftlicher Datenkuration<\/li><\/ul><h3>\u00a0<\/h3><h2><strong>3. AG-Ziele<\/strong><\/h2><p>In der DHd-Arbeitsgruppe Datenzentren sind Einrichtungen und Infrastrukturen im deutschsprachigen Raum vertreten, die teils schon jetzt, teils perspektivisch konkrete Dienstleistungen zum nachhaltigen Umgang mit Forschungsdaten anbieten. Die Arbeitsgruppe Datenzentren f\u00fchrt die laufenden Aktivit\u00e4ten an den verschiedenen Standorten zusammen, versucht einen Grundkonsens \u00fcber Begriffe, Selbstverst\u00e4ndnisse, Problemlagen und Aufgaben herbeizuf\u00fchren, identifiziert offene Forschungsfragen und hat deren verteilte und abgestimmte Bearbeitung im Blick.<\/p><h3>\u00a0<\/h3><h2><strong>4. AG-Publikationen\/Working Papers<\/strong><\/h2><ul><li>DHd AG Datenzentren: Vorschlag der AG Datenzentren im DHd zur Bildung und Strukturierung eines NFDI-Konsortiums f\u00fcr die Geisteswissenschaften. Zenodo, 02.10.2018. Link:\u00a0<a href=\"https:\/\/doi.org\/10.5281\/zenodo.1442845\">https:\/\/doi.org\/10.5281\/zenodo.1442845<\/a>.<\/li><li>DHd AG Datenzentren: Geisteswissenschaftliche Datenzentren im deutschsprachigen Raum \u2013 Grundsatzpapier zur Sicherung der langfristigen Verf\u00fcgbarkeit von Forschungsdaten (Version 1.0). Zenodo, 03.02.2018. Link:\u00a0<a href=\"http:\/\/doi.org\/10.5281\/zenodo.1134760\">http:\/\/doi.org\/10.5281\/zenodo.1134760<\/a>.<\/li><li>Katrin Moeller, Matej \u010eur\u010do, Barbara Ebert, Marina Lemaire, Lukas Rosenthaler, Patrick Sahle, J\u00f6rg Wettlaufer, Ulrike Wuttke: Die Summe geisteswissenschaftlicher Methoden? Fachspezifisches Datenmanagement als Voraussetzung zukunftsorientierten Forschens. DHd 2018 \u201aKritik der digitalen Vernunft\u2019, Konferenzabstracts, Universit\u00e4t zu K\u00f6ln, 26. Februar bis 2. M\u00e4rz 2018, S. 89-93. Link:\u00a0<a href=\"http:\/\/dhd2018.uni-koeln.de\/wp-content\/uploads\/boa-DHd2018-web-ISBN.pdf\">http:\/\/dhd2018.uni-koeln.de\/wp-content\/uploads\/boa-DHd2018-web-ISBN.pdf<\/a>.<\/li><li>Stellungnahme des Verbandes Digital Humanities im deutschsprachigen Raum (DHd) zur Nationalen Forschungsdateninfrastruktur (NFDI). 18.01.2018. Link:\u00a0<a href=\"https:\/\/dig-hum.de\/stellungnahme-dhd-nfdi\">https:\/\/dig-hum.de\/stellungnahme-dhd-nfdi<\/a>.<\/li><li>Ulrike Wuttke: Die Summe geisteswissenschaftlicher Methoden? Fachspezifisches Datenmanagement als Voraussetzung zukunftsorientierten Forschens (Bericht Panel AG Datenzentren, DHd 2018, K\u00f6ln), DHd-Blog, 14.04.2018. Link:\u00a0<a href=\"https:\/\/dhd-blog.org\/?p=9740\">https:\/\/dhd-blog.org\/?p=9740<\/a>.<\/li><li>Ulrike Wuttke, Patrick Helling, Jonathan Blumtritt: Wie es Euch gef\u00e4llt? Perspektiven wissenschaftsgeleiteter Organisationsformen des Datenmanagements f\u00fcr die Geisteswissenschaften. DHd 2019 &#8218;Digital Humanities: multimedial &amp; multimodal&#8216;, Panel, Konferenzabstracts, Universit\u00e4ten zu Mainz und Frankfurt, 25. bis 29. M\u00e4rz 2019, S. 74-77. Link:\u00a0<a href=\"https:\/\/doi.org\/10.5281\/zenodo.2596094\">https:\/\/doi.org\/10.5281\/zenodo.2596094<\/a>.<\/li><li>Katrin Moeller: Ethische Daten? Eine Problemanalyse von Care-Prinzipien und Forschungsdatenmanagement in der Praxis \/ Ethical data? A Problem Analysis of Care Principles and Research Data Management in Practice, in:\u00a0RDA Deutschland Tagung 2022\u00a0(RDA 2022), Potsdam\/Halle, 21-25 November 2022 (Session CARE-Principles im Fokus: ethische Aspekte des Forschungsdatenmanagements (Henriette Senst), Part 2), DOI: <a href=\"https:\/\/doi.org\/10.5281\/zenodo.6279511\">https:\/\/doi.org\/10.5281\/zenodo.6279511<\/a>.<\/li><li>Katrin Moeller, Sibylle S\u00f6ring, Sabine Imeri, Marina Lemaire, Nils Reichert: Ethisch &#8211; transparent &#8211; offen &#8211; Die CARE-Prinzipien und ihre Implikationen f\u00fcr geisteswissenschaftliche FDM-Services, in: DHd 2022 Kulturen des digitalen Ged\u00e4chtnisses. 8. Tagung des Verbands &#8222;Digital Humanities im deutschsprachigen Raum&#8220; (DHd 2022), Potsdam, 07.03.2022-11.03.2022, DOI:\u00a0<a href=\"https:\/\/doi.org\/10.5281\/zenodo.6328105\">https:\/\/doi.org\/10.5281\/zenodo.6328105<\/a>.<\/li><\/ul><h3>\u00a0<\/h3><h2><strong>5. AG-Kontakt\/Convenor<\/strong><\/h2><p>Marina Lemaire<br \/>Trier University<br \/>Servicezentrum eSciences<br \/>DM-Postfach 26<br \/>54286 Trier<br \/>E-Mail:\u00a0<a href=\"mailto:marina.lemaire@uni-trier.de\">marina.lemaire@uni-trier.de<\/a><br \/><a href=\"https:\/\/orcid.org\/0000-0003-4726-2481\">https:\/\/orcid.org\/0000-0003-4726-2481<\/a><\/p><p><strong>Stellvertretende Convenor<\/strong><\/p><p>Sibylle S\u00f6ring<br \/>Freie Universit\u00e4t Berlin<br \/>Universit\u00e4tsbibliothek \/ Abt. Dienste f\u00fcr Forschung<br \/>Ltg. Team Forschungsdatenmanagement<br \/>Garystr. 39<br \/>14195 Berlin<br \/>E-Mail: <a href=\"mailto:sibylle.soering@fu-berlin.de\">sibylle.soering@fu-berlin.de<\/a><br \/><a href=\"https:\/\/orcid.org\/0000-0002-1698-3289\">https:\/\/orcid.org\/0000-0002-1698-3289<\/a><\/p><p>Andreas Christ<br \/>CAU Kiel<br \/>Universit\u00e4tsbibliothek<br \/>Leitung Digital Humanities &amp; Forschungsdaten<br \/>E-Mail:\u00a0<a href=\"mailto:\u200bchrist@ub.uni-kiel.de\">christ@ub.uni-kiel.de<\/a><\/p><p><em>Convenor 4\/2019-3\/2022: Katrin Moeller<br \/>Convenor 4\/2016-3\/2019: Kai W\u00f6rner<br \/>Convenor 4\/2014-3\/2016: Patrick Sahle<\/em><\/p>\t\t\t\t\t\t\t\t<\/div>\n\t\t\t\t<\/div>\n\t\t\t\t\t<\/div>\n\t\t\t\t<\/div>\n\t\t\t\t<\/div>","protected":false},"excerpt":{"rendered":"<p>1. AG-Name Arbeitsgruppe Datenzentrenhttps:\/\/dhd-ag-datenzentren.github.io\/ \u00a0 2. AG-Arbeitsschwerpunkte Forschungsdatenmanagement Langzeitarchivierung Standards Etablierung nachhaltiger Strukturen f\u00fcr geisteswissenschaftliche Forschungsdaten Spezifik geisteswissenschaftlicher Datenkuration \u00a0 3. AG-Ziele In der DHd-Arbeitsgruppe Datenzentren sind Einrichtungen und Infrastrukturen im deutschsprachigen Raum vertreten, die teils schon jetzt, teils perspektivisch konkrete Dienstleistungen zum nachhaltigen Umgang mit Forschungsdaten anbieten. Die Arbeitsgruppe Datenzentren f\u00fchrt die laufenden Aktivit\u00e4ten [&hellip;]<\/p>\n","protected":false},"author":1,"featured_media":0,"parent":0,"menu_order":0,"comment_status":"closed","ping_status":"closed","template":"","meta":{"_acf_changed":false,"footnotes":""},"categories":[157],"tags":[],"class_list":["post-2037","page","type-page","status-publish","hentry","category-ag"],"acf":[],"_links":{"self":[{"href":"https:\/\/digitalhumanities.de\/en\/wp-json\/wp\/v2\/pages\/2037","targetHints":{"allow":["GET"]}}],"collection":[{"href":"https:\/\/digitalhumanities.de\/en\/wp-json\/wp\/v2\/pages"}],"about":[{"href":"https:\/\/digitalhumanities.de\/en\/wp-json\/wp\/v2\/types\/page"}],"author":[{"embeddable":true,"href":"https:\/\/digitalhumanities.de\/en\/wp-json\/wp\/v2\/users\/1"}],"replies":[{"embeddable":true,"href":"https:\/\/digitalhumanities.de\/en\/wp-json\/wp\/v2\/comments?post=2037"}],"version-history":[{"count":27,"href":"https:\/\/digitalhumanities.de\/en\/wp-json\/wp\/v2\/pages\/2037\/revisions"}],"predecessor-version":[{"id":5648,"href":"https:\/\/digitalhumanities.de\/en\/wp-json\/wp\/v2\/pages\/2037\/revisions\/5648"}],"wp:attachment":[{"href":"https:\/\/digitalhumanities.de\/en\/wp-json\/wp\/v2\/media?parent=2037"}],"wp:term":[{"taxonomy":"category","embeddable":true,"href":"https:\/\/digitalhumanities.de\/en\/wp-json\/wp\/v2\/categories?post=2037"},{"taxonomy":"post_tag","embeddable":true,"href":"https:\/\/digitalhumanities.de\/en\/wp-json\/wp\/v2\/tags?post=2037"}],"curies":[{"name":"wp","href":"https:\/\/api.w.org\/{rel}","templated":true}]}}