{"id":2011,"date":"2024-04-08T15:26:55","date_gmt":"2024-04-08T13:26:55","guid":{"rendered":"https:\/\/dig-hum.sjstudios.eu\/?page_id=2011"},"modified":"2024-04-20T14:02:21","modified_gmt":"2024-04-20T12:02:21","slug":"initiativen","status":"publish","type":"page","link":"https:\/\/digitalhumanities.de\/en\/initiativen\/","title":{"rendered":"Initiatives"},"content":{"rendered":"<div data-elementor-type=\"wp-page\" data-elementor-id=\"2011\" class=\"elementor elementor-2011\" data-elementor-post-type=\"page\">\n\t\t\t\t<div class=\"elementor-element elementor-element-4c26e2cc e-flex e-con-boxed e-con e-parent\" data-id=\"4c26e2cc\" data-element_type=\"container\" data-e-type=\"container\">\n\t\t\t\t\t<div class=\"e-con-inner\">\n\t\t\t\t<div class=\"elementor-element elementor-element-74b5b833 elementor-widget__width-initial elementor-widget-mobile__width-initial elementor-widget elementor-widget-heading\" data-id=\"74b5b833\" data-element_type=\"widget\" data-e-type=\"widget\" data-widget_type=\"heading.default\">\n\t\t\t\t<div class=\"elementor-widget-container\">\n\t\t\t\t\t<h1 class=\"elementor-heading-title elementor-size-default\">Initiatives<\/h1>\t\t\t\t<\/div>\n\t\t\t\t<\/div>\n\t\t\t\t<div class=\"elementor-element elementor-element-183bc39e elementor-widget__width-initial elementor-widget elementor-widget-text-editor\" data-id=\"183bc39e\" data-element_type=\"widget\" data-e-type=\"widget\" data-widget_type=\"text-editor.default\">\n\t\t\t\t<div class=\"elementor-widget-container\">\n\t\t\t\t\t\t\t\t\t<div id=\"tabs-wrapper\" class=\"clearfix\"><p class=\"with-tabs\">In den letzten Jahren sind im deutschsprachigen Raum eine Reihe von Initiativen entstanden, welche unabh\u00e4ngig vom DHd-Verband agieren. Vielmehr sind sie h\u00e4ufig durch eine formale Affiliation mit einem geisteswissenschaftlichen Fachverband verbunden und vertreten die Digital Humanities in den geisteswissenschaftlichen Fachcommunities. Einige dieser Initiativen werden hier aufgef\u00fchrt.<\/p><\/div><div class=\"region region-content\"><div id=\"block-system-main\" class=\"block block-system\"><div class=\"content\"><div id=\"node-291\" class=\"node node-page\"><div class=\"content clearfix\"><div class=\"field field-name-body field-type-text-with-summary field-label-hidden\"><div class=\"field-items\"><div class=\"field-item even\"><h2>\u00a0<\/h2><\/div><\/div><\/div><\/div><\/div><\/div><\/div><\/div><h2><strong>Digital American Studies Initiative (DASI)<\/strong><\/h2><p>DASI versammelt innerhalb der Deutschen Gesellschaft f\u00fcr Amerikastudien (DGfA) Amerikanisten mit einem kritischen oder affirmativen Interesse f\u00fcr computergest\u00fctzte Forschung und f\u00f6rdert den Austausch \u00fcber Methoden, Werkzeuge, Standards und Kooperationen sowie die Auswirkungen der digitalen Wende auf das Fach.<\/p><p>Mehr Informationen zu dieser Initiative gibt es unter <a href=\"http:\/\/das.americanstudies.de\/\" target=\"_blank\" rel=\"noopener\">http:\/\/das.americanstudies.de\/<\/a><\/p><h2>\u00a0<\/h2><h2><strong>AG Digitale Geschichtswissenschaft im Verband der Historiker und Historikerinnen Deutschlands e.V.<\/strong><\/h2><p>Die AG wirkt darauf hin, die Potenziale der Digital Humanities f\u00fcr die Geschichtswissenschaft zu vermessen, zu nutzen und sichtbar zu machen. Dabei l\u00e4sst sie sich prim\u00e4r von den Standards und Interessen des eigenen Faches leiten, bietet aber auch historisch arbeitenden Nachbardisziplinen ein Forum des Austausches und der wissenschaftlichen Verst\u00e4ndigung.<\/p><p>Mehr Informationen zu dieser Initiative gibt es unter <a href=\"http:\/\/www.historikerverband.de\/arbeitsgruppen\/ag-digitale-gw.html\" target=\"_blank\" rel=\"noopener\">http:\/\/www.historikerverband.de\/arbeitsgruppen\/ag-digitale-gw.html<\/a><\/p><h2>\u00a0<\/h2><h2><strong>Arbeitskreis Digitale Kunstgeschichte<\/strong><\/h2><p>Der 2012 gegr\u00fcndete Arbeitskreis Digitale Kunstgeschichte will den<br \/>wissenschaftlich reflektierten Einsatz digitaler Methoden in der fachbezogenen Forschung, Ausbildung und Berufspraxis f\u00f6rdern und etablieren. Er arbeitet aktiv im Kontext der Digital Humanities und hier besonders in den Bereichen Wissensmanagement und Objektdokumentation (z.B. Semantic Web, Linked Open Data), Bildanalyse und -annotation, Visualisierung und Rekonstruktion.<\/p><p>Mehr Informationen zu dieser Initiative gibt es unter <a href=\"http:\/\/www.digitale-kunstgeschichte.de\/wiki\/\" target=\"_blank\" rel=\"noopener\">http:\/\/www.digitale-kunstgeschichte.de\/wiki\/<\/a><\/p><h2>\u00a0<\/h2><h2><strong>Initiative Digitale Musikwissenschaft<\/strong><\/h2><p>Die Initiative Digitale Musikwissenschaft wurde w\u00e4hrend der Leipziger Tagung der DHd 2016 gegr\u00fcndet. Im Rahmen der Jahrestagung der Gesellschaft f\u00fcr Musikforschung (GfM) im September 2017 soll die Aufnahme der Initiative als Fachgruppe dieses Verbands erfolgen. Das Spektrum der Initiative umfasst weite musikwissenschaftliche Arbeitsfelder rund um \u00fcbergreifende, mit \u203ader\u2039 Digitalisierung zusammenh\u00e4ngende Fragestellungen. Inhaltlich stehen neben der Reflexion der facettenreichen Konsequenzen f\u00fcr unterschiedliche Bereiche der Musikwissenschaft vor allem die Nachhaltigkeit digitaler Forschungsarbeiten sowie die Langzeitverf\u00fcgbarkeit von Daten und Pr\u00e4sentationsformen im Mittelpunkt. Um eine diskursive Anschlussf\u00e4higkeit und Zitierbarkeit bzw. Referenzierbarkeit zu gew\u00e4hrleisten, ist innerhalb der Disziplin eine Einigung auf einheitlich zu nutzende Formate von essentieller Bedeutung und soll von der Initiative angesto\u00dfen werden.<\/p><p>Sprecherin der Initiative ist z. Zt. Stefanie Acquavella Rauch, eine Mailingliste ist eingerichtet unter <a href=\"mailto:digmus@listserv.dfn.de\">digmus@listserv.dfn.de<\/a>, eine eigene Website wird mit der Aufnahme als Fachgruppe der GfM eingerichtet.<\/p><h2>\u00a0<\/h2><h2><strong>Arbeitsgruppe Digitale Romanistik<\/strong><\/h2><p>Ziel der AG \u201eDigitale Romanistik\u201c im Deutschen Romanistenverband (DRV) ist es, die spezifische Perspektive der romanistischen Sprach-, Literatur-, Kultur- und Medienwissenschaften sowie der Fachdidaktik auf die Digitalisierung mit ihren Herausforderungen und Chancen sichtbar zu machen, die Bed\u00fcrfnisse der Romanistik an digitale Datenbest\u00e4nde, Infrastrukturen, Ausbildungsm\u00f6glichkeiten, F\u00f6rderstrategien und vieles mehr zu formulieren, sowie Ansprechpartner f\u00fcr KollegInnen zu sein, die weiterf\u00fchrende Informationen ben\u00f6tigen oder eine strategische Beratung suchen.<\/p><p>Mehr Informationen zu dieser Initiative gibt es unter <a href=\"http:\/\/www.deutscher-romanistenverband.de\/der-drv\/ag-digitale-romanistik\/\" target=\"_blank\" rel=\"noopener\">http:\/\/www.deutscher-romanistenverband.de\/der-drv\/ag-digitale-romanistik\/<\/a><\/p>\t\t\t\t\t\t\t\t<\/div>\n\t\t\t\t<\/div>\n\t\t\t\t\t<\/div>\n\t\t\t\t<\/div>\n\t\t\t\t<\/div>","protected":false},"excerpt":{"rendered":"<p>In den letzten Jahren sind im deutschsprachigen Raum eine Reihe von Initiativen entstanden, welche unabh\u00e4ngig vom DHd-Verband agieren. Vielmehr sind sie h\u00e4ufig durch eine formale Affiliation mit einem geisteswissenschaftlichen Fachverband verbunden und vertreten die Digital Humanities in den geisteswissenschaftlichen Fachcommunities. Einige dieser Initiativen werden hier aufgef\u00fchrt. \u00a0 Digital American Studies Initiative (DASI) DASI versammelt innerhalb [&hellip;]<\/p>\n","protected":false},"author":1,"featured_media":0,"parent":0,"menu_order":0,"comment_status":"closed","ping_status":"closed","template":"","meta":{"_acf_changed":false,"footnotes":""},"categories":[158],"tags":[],"class_list":["post-2011","page","type-page","status-publish","hentry","category-infoseite"],"acf":[],"_links":{"self":[{"href":"https:\/\/digitalhumanities.de\/en\/wp-json\/wp\/v2\/pages\/2011","targetHints":{"allow":["GET"]}}],"collection":[{"href":"https:\/\/digitalhumanities.de\/en\/wp-json\/wp\/v2\/pages"}],"about":[{"href":"https:\/\/digitalhumanities.de\/en\/wp-json\/wp\/v2\/types\/page"}],"author":[{"embeddable":true,"href":"https:\/\/digitalhumanities.de\/en\/wp-json\/wp\/v2\/users\/1"}],"replies":[{"embeddable":true,"href":"https:\/\/digitalhumanities.de\/en\/wp-json\/wp\/v2\/comments?post=2011"}],"version-history":[{"count":11,"href":"https:\/\/digitalhumanities.de\/en\/wp-json\/wp\/v2\/pages\/2011\/revisions"}],"predecessor-version":[{"id":2850,"href":"https:\/\/digitalhumanities.de\/en\/wp-json\/wp\/v2\/pages\/2011\/revisions\/2850"}],"wp:attachment":[{"href":"https:\/\/digitalhumanities.de\/en\/wp-json\/wp\/v2\/media?parent=2011"}],"wp:term":[{"taxonomy":"category","embeddable":true,"href":"https:\/\/digitalhumanities.de\/en\/wp-json\/wp\/v2\/categories?post=2011"},{"taxonomy":"post_tag","embeddable":true,"href":"https:\/\/digitalhumanities.de\/en\/wp-json\/wp\/v2\/tags?post=2011"}],"curies":[{"name":"wp","href":"https:\/\/api.w.org\/{rel}","templated":true}]}}