{"id":1971,"date":"2024-04-08T14:49:26","date_gmt":"2024-04-08T12:49:26","guid":{"rendered":"https:\/\/dig-hum.sjstudios.eu\/?page_id=1971"},"modified":"2025-12-04T23:19:54","modified_gmt":"2025-12-04T22:19:54","slug":"taskforces","status":"publish","type":"page","link":"https:\/\/digitalhumanities.de\/en\/taskforces\/","title":{"rendered":"Taskforces"},"content":{"rendered":"<div data-elementor-type=\"wp-page\" data-elementor-id=\"1971\" class=\"elementor elementor-1971\" data-elementor-post-type=\"page\">\n\t\t\t\t<div class=\"elementor-element elementor-element-324e903b e-flex e-con-boxed e-con e-parent\" data-id=\"324e903b\" data-element_type=\"container\" data-e-type=\"container\">\n\t\t\t\t\t<div class=\"e-con-inner\">\n\t\t\t\t<div class=\"elementor-element elementor-element-7455cf32 elementor-widget__width-initial elementor-widget-mobile__width-initial elementor-widget elementor-widget-heading\" data-id=\"7455cf32\" data-element_type=\"widget\" data-e-type=\"widget\" data-widget_type=\"heading.default\">\n\t\t\t\t<div class=\"elementor-widget-container\">\n\t\t\t\t\t<h1 class=\"elementor-heading-title elementor-size-default\">Taskforces<\/h1>\t\t\t\t<\/div>\n\t\t\t\t<\/div>\n\t\t\t\t<div class=\"elementor-element elementor-element-3dc5d4c1 elementor-widget__width-initial elementor-widget elementor-widget-text-editor\" data-id=\"3dc5d4c1\" data-element_type=\"widget\" data-e-type=\"widget\" data-widget_type=\"text-editor.default\">\n\t\t\t\t<div class=\"elementor-widget-container\">\n\t\t\t\t\t\t\t\t\t<p>Belange des DHd-Verbandes k\u00f6nnen \u00fcber die Einrichtung von Taskforces adressiert werden. Darunter werden tempor\u00e4re Zusammenschl\u00fcsse von DHd-Mitgliedern und ggf. anderen Akteur:innen verstanden, die ausgehend von einer konkreten Aufgabenstellung effektive L\u00f6sungsstrategien gemeinsam erarbeiten und umsetzen. Taskforces k\u00f6nnen sowohl vom Vorstand eingerichtet werden, als auch aus der DHd-Community an den Vorstand herangetragen werden.<\/p><p><strong>\u00a7 Konstituierung<\/strong><br \/>Taskforces werden durch den Vorstand eingesetzt. Soll eine Taskforce auf Initiative der DHd-Community eingerichtet werden, werden dem Vorstand eine Kurzbeschreibung des Vorhabens (max. 2 DIN A4-Seiten), ein Zeitplan, bereits feststehende Mitglieder sowie ggf. eine Kostenaufstellung f\u00fcr die Entscheidungsfindung vorgelegt. Der Vorstand entscheidet auf dieser Grundlage schnellstm\u00f6glich \u00fcber die Einrichtung der Taskforce.<\/p><p><strong>\u00a7 Kosten\u00fcbernahme<\/strong><br \/>Durchf\u00fchrung und L\u00f6sung der Aufgaben einer Taskforce k\u00f6nnen finanziell durch den DHd-Verband unterst\u00fctzt werden. Art und H\u00f6he der F\u00f6rderung orientieren sich an der finanziellen F\u00f6rderung von DHd-AGs. Formlose Anfragen sind an den Vorstand zu richten (Art der gew\u00fcnschten F\u00f6rderung und Kostenvoranschlag).<\/p><p><strong>\u00a7 Beendigung einer Taskforce<\/strong><br \/>Eine Taskforce gilt als beendet, wenn die L\u00f6sung f\u00fcr ein behandeltes Aufgabenfeld vorliegt. Sollte sich\u00a0 das Unternehmen zu einem langfristigen Anliegen entwickelt haben, kann dieses ggf. \u00fcber die Gr\u00fcndung einer DHd-AG fortw\u00e4hrend etabliert werden. \u00dcber die Beendigung einer Taskforce in F\u00e4llen, in denen keine L\u00f6sung gefunden und keine AG etabliert wurde, entscheidet der Vorstand nach R\u00fccksprache mit den Mitgliedern der Taskforce.<\/p><p>Ansprechpartner:in f\u00fcr die DHd-Taskforces ist Rabea Kleymann (<a href=\"mailto:rabea.kleymann@phil.tu-chemnitz.de\">rabea.kleymann@phil.tu-chemnitz.de<\/a>).<\/p>\t\t\t\t\t\t\t\t<\/div>\n\t\t\t\t<\/div>\n\t\t\t\t\t<\/div>\n\t\t\t\t<\/div>\n\t\t\t\t<\/div>","protected":false},"excerpt":{"rendered":"<p>Belange des DHd-Verbandes k\u00f6nnen \u00fcber die Einrichtung von Taskforces adressiert werden. Darunter werden tempor\u00e4re Zusammenschl\u00fcsse von DHd-Mitgliedern und ggf. anderen Akteur:innen verstanden, die ausgehend von einer konkreten Aufgabenstellung effektive L\u00f6sungsstrategien gemeinsam erarbeiten und umsetzen. Taskforces k\u00f6nnen sowohl vom Vorstand eingerichtet werden, als auch aus der DHd-Community an den Vorstand herangetragen werden. \u00a7 KonstituierungTaskforces werden durch [&hellip;]<\/p>\n","protected":false},"author":1,"featured_media":0,"parent":0,"menu_order":0,"comment_status":"closed","ping_status":"closed","template":"","meta":{"_acf_changed":false,"footnotes":""},"categories":[158],"tags":[],"class_list":["post-1971","page","type-page","status-publish","hentry","category-infoseite"],"acf":[],"_links":{"self":[{"href":"https:\/\/digitalhumanities.de\/en\/wp-json\/wp\/v2\/pages\/1971","targetHints":{"allow":["GET"]}}],"collection":[{"href":"https:\/\/digitalhumanities.de\/en\/wp-json\/wp\/v2\/pages"}],"about":[{"href":"https:\/\/digitalhumanities.de\/en\/wp-json\/wp\/v2\/types\/page"}],"author":[{"embeddable":true,"href":"https:\/\/digitalhumanities.de\/en\/wp-json\/wp\/v2\/users\/1"}],"replies":[{"embeddable":true,"href":"https:\/\/digitalhumanities.de\/en\/wp-json\/wp\/v2\/comments?post=1971"}],"version-history":[{"count":23,"href":"https:\/\/digitalhumanities.de\/en\/wp-json\/wp\/v2\/pages\/1971\/revisions"}],"predecessor-version":[{"id":5541,"href":"https:\/\/digitalhumanities.de\/en\/wp-json\/wp\/v2\/pages\/1971\/revisions\/5541"}],"wp:attachment":[{"href":"https:\/\/digitalhumanities.de\/en\/wp-json\/wp\/v2\/media?parent=1971"}],"wp:term":[{"taxonomy":"category","embeddable":true,"href":"https:\/\/digitalhumanities.de\/en\/wp-json\/wp\/v2\/categories?post=1971"},{"taxonomy":"post_tag","embeddable":true,"href":"https:\/\/digitalhumanities.de\/en\/wp-json\/wp\/v2\/tags?post=1971"}],"curies":[{"name":"wp","href":"https:\/\/api.w.org\/{rel}","templated":true}]}}