{"id":1873,"date":"2024-04-03T14:08:48","date_gmt":"2024-04-03T12:08:48","guid":{"rendered":"https:\/\/dig-hum.sjstudios.eu\/?page_id=1873"},"modified":"2026-03-26T08:02:45","modified_gmt":"2026-03-26T07:02:45","slug":"mitglied-werden","status":"publish","type":"page","link":"https:\/\/digitalhumanities.de\/en\/mitglied-werden\/","title":{"rendered":"Become a member"},"content":{"rendered":"<div data-elementor-type=\"wp-page\" data-elementor-id=\"1873\" class=\"elementor elementor-1873\" data-elementor-post-type=\"page\">\n\t\t\t\t<div class=\"elementor-element elementor-element-5625de9 e-flex e-con-boxed e-con e-parent\" data-id=\"5625de9\" data-element_type=\"container\" data-e-type=\"container\">\n\t\t\t\t\t<div class=\"e-con-inner\">\n\t\t<div class=\"elementor-element elementor-element-5579f77 e-con-full e-flex e-con e-child\" data-id=\"5579f77\" data-element_type=\"container\" data-e-type=\"container\" data-settings=\"{&quot;background_background&quot;:&quot;classic&quot;}\">\n\t\t\t\t<\/div>\n\t\t<div class=\"elementor-element elementor-element-84fddb8 e-flex e-con-boxed e-con e-child\" data-id=\"84fddb8\" data-element_type=\"container\" data-e-type=\"container\" data-settings=\"{&quot;background_background&quot;:&quot;classic&quot;}\">\n\t\t\t\t\t<div class=\"e-con-inner\">\n\t\t<div class=\"elementor-element elementor-element-971b25e e-con-full e-flex e-con e-child\" data-id=\"971b25e\" data-element_type=\"container\" data-e-type=\"container\" data-settings=\"{&quot;background_background&quot;:&quot;classic&quot;}\">\n\t\t\t\t<div class=\"elementor-element elementor-element-394c002 elementor-widget elementor-widget-heading\" data-id=\"394c002\" data-element_type=\"widget\" data-e-type=\"widget\" data-widget_type=\"heading.default\">\n\t\t\t\t<div class=\"elementor-widget-container\">\n\t\t\t\t\t<h1 class=\"elementor-heading-title elementor-size-default\">Become a member<\/h1>\t\t\t\t<\/div>\n\t\t\t\t<\/div>\n\t\t\t\t<\/div>\n\t\t\t\t\t<\/div>\n\t\t\t\t<\/div>\n\t\t<div class=\"elementor-element elementor-element-90237db e-con-full e-flex e-con e-child\" data-id=\"90237db\" data-element_type=\"container\" data-e-type=\"container\">\n\t\t\t\t<div class=\"elementor-element elementor-element-8a50c72 elementor-widget__width-initial elementor-widget elementor-widget-text-editor\" data-id=\"8a50c72\" data-element_type=\"widget\" data-e-type=\"widget\" data-widget_type=\"text-editor.default\">\n\t\t\t\t<div class=\"elementor-widget-container\">\n\t\t\t\t\t\t\t\t\t<div class=\"region region-content\"><div id=\"block-system-main\" class=\"block block-system\"><div class=\"content\"><div id=\"node-176\" class=\"node node-page\"><div class=\"content clearfix\"><div class=\"field field-name-body field-type-text-with-summary field-label-hidden\"><div class=\"field-items\"><div class=\"field-item even\"><p>Sie m\u00f6chten Mitglied im DHd-Verband werden oder haben eine Frage zu Ihrer bestehenden Mitgliedschaft? Dann finden Sie auf dieser Seite alle hierf\u00fcr relevanten Informationen.<\/p><\/div><\/div><\/div><\/div><\/div><\/div><\/div><\/div>\t\t\t\t\t\t\t\t<\/div>\n\t\t\t\t<\/div>\n\t\t\t\t<div class=\"elementor-element elementor-element-2a74557 elementor-widget elementor-widget-heading\" data-id=\"2a74557\" data-element_type=\"widget\" data-e-type=\"widget\" data-widget_type=\"heading.default\">\n\t\t\t\t<div class=\"elementor-widget-container\">\n\t\t\t\t\t<h2 class=\"elementor-heading-title elementor-size-default\">Verwendung Ihrer Beitragsgeb\u00fchr<\/h2>\t\t\t\t<\/div>\n\t\t\t\t<\/div>\n\t\t\t\t<div class=\"elementor-element elementor-element-ed22f66 elementor-widget elementor-widget-text-editor\" data-id=\"ed22f66\" data-element_type=\"widget\" data-e-type=\"widget\" data-widget_type=\"text-editor.default\">\n\t\t\t\t<div class=\"elementor-widget-container\">\n\t\t\t\t\t\t\t\t\t<p>Mit Ihrer Mitgliedschaft werden Sie Teil eines interdisziplin\u00e4ren Verbunds von Digital Humanists, der sich in besonderer Weise f\u00fcr die F\u00f6rderung der DH im deutschsprachigen Raum einsetzt und die gemeinsamen Interessen seiner Mitglieder auch nach au\u00dfen deutlicher vertreten will. Neben den j\u00e4hrlichen Konferenzen werden andere Foren entstehen, die einen kontinuierlichen Austausch der Mitglieder untereinander, aber auch mit Vertretern von Wissenschaft, Politik und Kultur erm\u00f6glichen.<\/p>\t\t\t\t\t\t\t\t<\/div>\n\t\t\t\t<\/div>\n\t\t\t\t<\/div>\n\t\t<div class=\"elementor-element elementor-element-26da4c6 e-con-full e-flex e-con e-child\" data-id=\"26da4c6\" data-element_type=\"container\" data-e-type=\"container\">\n\t\t\t\t<div class=\"elementor-element elementor-element-d65631f elementor-widget elementor-widget-heading\" data-id=\"d65631f\" data-element_type=\"widget\" data-e-type=\"widget\" data-widget_type=\"heading.default\">\n\t\t\t\t<div class=\"elementor-widget-container\">\n\t\t\t\t\t<h2 class=\"elementor-heading-title elementor-size-default\">Als Mitglied unterst\u00fctzen Sie mit Ihrem Beitrag also wichtige gemeinsame Anliegen wie:<\/h2>\t\t\t\t<\/div>\n\t\t\t\t<\/div>\n\t\t<div class=\"elementor-element elementor-element-e59741d e-flex e-con-boxed e-con e-child\" data-id=\"e59741d\" data-element_type=\"container\" data-e-type=\"container\">\n\t\t\t\t\t<div class=\"e-con-inner\">\n\t\t<div class=\"elementor-element elementor-element-9ad5ef5 e-con-full e-flex e-con e-child\" data-id=\"9ad5ef5\" data-element_type=\"container\" data-e-type=\"container\">\n\t\t\t\t<div class=\"elementor-element elementor-element-26a0272 elementor-widget elementor-widget-heading\" data-id=\"26a0272\" data-element_type=\"widget\" data-e-type=\"widget\" data-widget_type=\"heading.default\">\n\t\t\t\t<div class=\"elementor-widget-container\">\n\t\t\t\t\t<span class=\"elementor-heading-title elementor-size-default\">1<\/span>\t\t\t\t<\/div>\n\t\t\t\t<\/div>\n\t\t\t\t<div class=\"elementor-element elementor-element-dfd7dce elementor-widget elementor-widget-text-editor\" data-id=\"dfd7dce\" data-element_type=\"widget\" data-e-type=\"widget\" data-widget_type=\"text-editor.default\">\n\t\t\t\t<div class=\"elementor-widget-container\">\n\t\t\t\t\t\t\t\t\t<p>Vertretung der Digital Humanities im deutschsprachigen Raum gegen\u00fcber DFG, BMBF und anderen Forschungsf\u00f6rderern<\/p>\t\t\t\t\t\t\t\t<\/div>\n\t\t\t\t<\/div>\n\t\t\t\t<\/div>\n\t\t<div class=\"elementor-element elementor-element-5ae5993 e-con-full e-flex e-con e-child\" data-id=\"5ae5993\" data-element_type=\"container\" data-e-type=\"container\">\n\t\t\t\t<div class=\"elementor-element elementor-element-92b8e3e elementor-widget elementor-widget-heading\" data-id=\"92b8e3e\" data-element_type=\"widget\" data-e-type=\"widget\" data-widget_type=\"heading.default\">\n\t\t\t\t<div class=\"elementor-widget-container\">\n\t\t\t\t\t<span class=\"elementor-heading-title elementor-size-default\">2<\/span>\t\t\t\t<\/div>\n\t\t\t\t<\/div>\n\t\t\t\t<div class=\"elementor-element elementor-element-9fb49ab elementor-widget elementor-widget-text-editor\" data-id=\"9fb49ab\" data-element_type=\"widget\" data-e-type=\"widget\" data-widget_type=\"text-editor.default\">\n\t\t\t\t<div class=\"elementor-widget-container\">\n\t\t\t\t\t\t\t\t\t<p>Vernetzung der deutschsprachigen Digital Humanists durch Konferenzen, Workshops, Publikationen etc.<\/p>\t\t\t\t\t\t\t\t<\/div>\n\t\t\t\t<\/div>\n\t\t\t\t<\/div>\n\t\t<div class=\"elementor-element elementor-element-5bc969a e-con-full e-flex e-con e-child\" data-id=\"5bc969a\" data-element_type=\"container\" data-e-type=\"container\">\n\t\t\t\t<div class=\"elementor-element elementor-element-c3cdc80 elementor-widget elementor-widget-heading\" data-id=\"c3cdc80\" data-element_type=\"widget\" data-e-type=\"widget\" data-widget_type=\"heading.default\">\n\t\t\t\t<div class=\"elementor-widget-container\">\n\t\t\t\t\t<span class=\"elementor-heading-title elementor-size-default\">3<\/span>\t\t\t\t<\/div>\n\t\t\t\t<\/div>\n\t\t\t\t<div class=\"elementor-element elementor-element-1847792 elementor-widget elementor-widget-text-editor\" data-id=\"1847792\" data-element_type=\"widget\" data-e-type=\"widget\" data-widget_type=\"text-editor.default\">\n\t\t\t\t<div class=\"elementor-widget-container\">\n\t\t\t\t\t\t\t\t\t<p>F\u00f6rderung des wissenschaftlichen Nachwuchses durch Stipendien und Summer Schools<\/p>\t\t\t\t\t\t\t\t<\/div>\n\t\t\t\t<\/div>\n\t\t\t\t<\/div>\n\t\t<div class=\"elementor-element elementor-element-9ce1619 e-con-full e-flex e-con e-child\" data-id=\"9ce1619\" data-element_type=\"container\" data-e-type=\"container\">\n\t\t\t\t<div class=\"elementor-element elementor-element-92b2142 elementor-widget elementor-widget-heading\" data-id=\"92b2142\" data-element_type=\"widget\" data-e-type=\"widget\" data-widget_type=\"heading.default\">\n\t\t\t\t<div class=\"elementor-widget-container\">\n\t\t\t\t\t<span class=\"elementor-heading-title elementor-size-default\">4<\/span>\t\t\t\t<\/div>\n\t\t\t\t<\/div>\n\t\t\t\t<div class=\"elementor-element elementor-element-5139d88 elementor-widget elementor-widget-text-editor\" data-id=\"5139d88\" data-element_type=\"widget\" data-e-type=\"widget\" data-widget_type=\"text-editor.default\">\n\t\t\t\t<div class=\"elementor-widget-container\">\n\t\t\t\t\t\t\t\t\t<p>Aufbau einer gut sichtbaren Open Access-Publikationsplattform f\u00fcr deutschsprachige Publikationen zu den Digital Humanities<\/p>\t\t\t\t\t\t\t\t<\/div>\n\t\t\t\t<\/div>\n\t\t\t\t<\/div>\n\t\t<div class=\"elementor-element elementor-element-6f5688f e-con-full e-flex e-con e-child\" data-id=\"6f5688f\" data-element_type=\"container\" data-e-type=\"container\">\n\t\t\t\t<div class=\"elementor-element elementor-element-418a35e elementor-widget elementor-widget-heading\" data-id=\"418a35e\" data-element_type=\"widget\" data-e-type=\"widget\" data-widget_type=\"heading.default\">\n\t\t\t\t<div class=\"elementor-widget-container\">\n\t\t\t\t\t<span class=\"elementor-heading-title elementor-size-default\">5<\/span>\t\t\t\t<\/div>\n\t\t\t\t<\/div>\n\t\t\t\t<div class=\"elementor-element elementor-element-0aabb13 elementor-widget elementor-widget-text-editor\" data-id=\"0aabb13\" data-element_type=\"widget\" data-e-type=\"widget\" data-widget_type=\"text-editor.default\">\n\t\t\t\t<div class=\"elementor-widget-container\">\n\t\t\t\t\t\t\t\t\t<p>Einbindung in den europ\u00e4ischen sowie den internationalen Fachverband (<strong><a href=\"http:\/\/www.eadh.org\">EADH<\/a><\/strong> and <strong><a href=\"http:\/\/adho.org\/\">ADHO<\/a><\/strong>)<\/p>\t\t\t\t\t\t\t\t<\/div>\n\t\t\t\t<\/div>\n\t\t\t\t<\/div>\n\t\t\t\t\t<\/div>\n\t\t\t\t<\/div>\n\t\t\t\t<\/div>\n\t\t<div class=\"elementor-element elementor-element-5b9ef84 e-con-full e-flex e-con e-child\" data-id=\"5b9ef84\" data-element_type=\"container\" data-e-type=\"container\">\n\t\t\t\t<div class=\"elementor-element elementor-element-cf282fc elementor-widget elementor-widget-heading\" data-id=\"cf282fc\" data-element_type=\"widget\" data-e-type=\"widget\" data-widget_type=\"heading.default\">\n\t\t\t\t<div class=\"elementor-widget-container\">\n\t\t\t\t\t<h2 class=\"elementor-heading-title elementor-size-default\">DHd-Leistungen f\u00fcr Sie<\/h2>\t\t\t\t<\/div>\n\t\t\t\t<\/div>\n\t\t\t\t<div class=\"elementor-element elementor-element-065584c elementor-widget elementor-widget-text-editor\" data-id=\"065584c\" data-element_type=\"widget\" data-e-type=\"widget\" data-widget_type=\"text-editor.default\">\n\t\t\t\t<div class=\"elementor-widget-container\">\n\t\t\t\t\t\t\t\t\t<p>Als Mitglied von DHd erwerben Sie automatisch und kostenfrei zugleich die Vollmitgliedschaft im europ\u00e4ischen Dachverband <strong><a href=\"http:\/\/www.eadh.org\">European Association of Digital Humanities (EADH)<\/a><\/strong>. Sie erhalten damit u. a. erheblich reduzierte Kongressgeb\u00fchren,\u00a0sind antragsberechtigt f\u00fcr <strong><a href=\"http:\/\/eadh.org\/research\/grants-funding-external\">Stipendien von DHd, EADH und ADHO sowie diverse weitere F\u00f6rderma\u00dfnahmen<\/a><\/strong> und erhalten zudem erheblich reduzierte Subskriptionsgeb\u00fchren f\u00fcr die Zeitschrift Digital Scholarship in the Humanities (DSH). Die jeweils g\u00fcltigen Preise sowie die Subskriptionsm\u00f6glichkeit finden Sie auf der Website von\u00a0<strong><a href=\"https:\/\/academic.oup.com\/dsh\/subscribe\">Oxford University Press<\/a><\/strong> im Abschnitt &#8222;Members &#8211; EADH Associate Organisations&#8220; (AIUCD, DHd, CzADH, DH Russia, DHN).<\/p>\t\t\t\t\t\t\t\t<\/div>\n\t\t\t\t<\/div>\n\t\t\t\t<\/div>\n\t\t<div class=\"elementor-element elementor-element-777d826 e-con-full e-flex e-con e-child\" data-id=\"777d826\" data-element_type=\"container\" data-e-type=\"container\">\n\t\t\t\t<div class=\"elementor-element elementor-element-51c541b elementor-widget elementor-widget-heading\" data-id=\"51c541b\" data-element_type=\"widget\" data-e-type=\"widget\" data-widget_type=\"heading.default\">\n\t\t\t\t<div class=\"elementor-widget-container\">\n\t\t\t\t\t<h2 class=\"elementor-heading-title elementor-size-default\">Mitgliedschaftsgeb\u00fchren<\/h2>\t\t\t\t<\/div>\n\t\t\t\t<\/div>\n\t\t\t\t<div class=\"elementor-element elementor-element-69a0a6b elementor-widget elementor-widget-text-editor\" data-id=\"69a0a6b\" data-element_type=\"widget\" data-e-type=\"widget\" data-widget_type=\"text-editor.default\">\n\t\t\t\t<div class=\"elementor-widget-container\">\n\t\t\t\t\t\t\t\t\t<p>Der DHd-Verband bietet verschiedene Mitgliedschaftstarife an: einen regul\u00e4ren Tarif sowie einen erm\u00e4\u00dfigten Tarif f\u00fcr Studierende oder andere Erm\u00e4\u00dfigungsberechtigte.<\/p>\t\t\t\t\t\t\t\t<\/div>\n\t\t\t\t<\/div>\n\t\t<div class=\"elementor-element elementor-element-38c0c6c e-flex e-con-boxed e-con e-child\" data-id=\"38c0c6c\" data-element_type=\"container\" data-e-type=\"container\">\n\t\t\t\t\t<div class=\"e-con-inner\">\n\t\t<div class=\"elementor-element elementor-element-08897ad e-con-full e-flex e-con e-child\" data-id=\"08897ad\" data-element_type=\"container\" data-e-type=\"container\" data-settings=\"{&quot;background_background&quot;:&quot;classic&quot;}\">\n\t\t\t\t<div class=\"elementor-element elementor-element-7a87ca5 elementor-widget elementor-widget-heading\" data-id=\"7a87ca5\" data-element_type=\"widget\" data-e-type=\"widget\" data-widget_type=\"heading.default\">\n\t\t\t\t<div class=\"elementor-widget-container\">\n\t\t\t\t\t<span class=\"elementor-heading-title elementor-size-default\">Regul\u00e4rer Tarif<\/span>\t\t\t\t<\/div>\n\t\t\t\t<\/div>\n\t\t\t\t<div class=\"elementor-element elementor-element-a2f78c3 elementor-widget elementor-widget-heading\" data-id=\"a2f78c3\" data-element_type=\"widget\" data-e-type=\"widget\" data-widget_type=\"heading.default\">\n\t\t\t\t<div class=\"elementor-widget-container\">\n\t\t\t\t\t<span class=\"elementor-heading-title elementor-size-default\">65 \u20ac<\/span>\t\t\t\t<\/div>\n\t\t\t\t<\/div>\n\t\t\t\t<\/div>\n\t\t<div class=\"elementor-element elementor-element-b9692cd e-con-full e-flex e-con e-child\" data-id=\"b9692cd\" data-element_type=\"container\" data-e-type=\"container\" data-settings=\"{&quot;background_background&quot;:&quot;classic&quot;}\">\n\t\t\t\t<div class=\"elementor-element elementor-element-20c1e28 elementor-widget elementor-widget-heading\" data-id=\"20c1e28\" data-element_type=\"widget\" data-e-type=\"widget\" data-widget_type=\"heading.default\">\n\t\t\t\t<div class=\"elementor-widget-container\">\n\t\t\t\t\t<span class=\"elementor-heading-title elementor-size-default\">Erm\u00e4\u00dfigter Tarif<\/span>\t\t\t\t<\/div>\n\t\t\t\t<\/div>\n\t\t\t\t<div class=\"elementor-element elementor-element-c78f805 elementor-widget elementor-widget-heading\" data-id=\"c78f805\" data-element_type=\"widget\" data-e-type=\"widget\" data-widget_type=\"heading.default\">\n\t\t\t\t<div class=\"elementor-widget-container\">\n\t\t\t\t\t<span class=\"elementor-heading-title elementor-size-default\">30\u20ac<\/span>\t\t\t\t<\/div>\n\t\t\t\t<\/div>\n\t\t\t\t<\/div>\n\t\t\t\t<div class=\"elementor-element elementor-element-87f29cf elementor-widget elementor-widget-text-editor\" data-id=\"87f29cf\" data-element_type=\"widget\" data-e-type=\"widget\" data-widget_type=\"text-editor.default\">\n\t\t\t\t<div class=\"elementor-widget-container\">\n\t\t\t\t\t\t\t\t\t<p>F\u00fcr die Inanspruchnahme der erm\u00e4\u00dfigten Tarife ist ein Nachweis erforderlich; siehe &#8222;<strong><a href=\"https:\/\/digitalhumanities.de\/en\/anspruchsberechtigung\/\">Bin ich anspruchsberechtigt<\/a><\/strong>&#8222;?<\/p><p>Alle Mitgliedschaften gelten f\u00fcr ein Kalenderjahr. Sie verl\u00e4ngern sich automatisch um ein weiteres Jahr, sofern sie nicht mindestens 2 Monate vor Ablauf des aktuellen Kalenderjahres gek\u00fcndigt werden (siehe auch <strong><a href=\"https:\/\/digitalhumanities.de\/en\/dhd-satzung\/\">DHd-Satzung<\/a><\/strong> \u00a76). Der Einzug der Mitgliedsgeb\u00fchren erfolgt einmal j\u00e4hrlich per Lastschrift; alternativ k\u00f6nnen Sie auch per Direkt\u00fcberweisung bezahlen.<a id=\"titel4\" name=\"titel4\"><\/a><a id=\"titel4\" name=\"titel4\"><\/a><\/p>\t\t\t\t\t\t\t\t<\/div>\n\t\t\t\t<\/div>\n\t\t\t\t\t<\/div>\n\t\t\t\t<\/div>\n\t\t\t\t<\/div>\n\t\t<div class=\"elementor-element elementor-element-9fe013e e-con-full e-flex e-con e-child\" data-id=\"9fe013e\" data-element_type=\"container\" data-e-type=\"container\">\n\t\t\t\t<div class=\"elementor-element elementor-element-9a1c97d elementor-widget elementor-widget-heading\" data-id=\"9a1c97d\" data-element_type=\"widget\" data-e-type=\"widget\" data-widget_type=\"heading.default\">\n\t\t\t\t<div class=\"elementor-widget-container\">\n\t\t\t\t\t<h2 class=\"elementor-heading-title elementor-size-default\">Become a member<\/h2>\t\t\t\t<\/div>\n\t\t\t\t<\/div>\n\t\t\t\t<div class=\"elementor-element elementor-element-0d5ee7a elementor-widget elementor-widget-text-editor\" data-id=\"0d5ee7a\" data-element_type=\"widget\" data-e-type=\"widget\" data-widget_type=\"text-editor.default\">\n\t\t\t\t<div class=\"elementor-widget-container\">\n\t\t\t\t\t\t\t\t\t<h3><strong>DHd-Neumitglieder<\/strong><\/h3><p>&#8222;Ich m\u00f6chte DHd-Mitglied werden&#8220;:<\/p>\t\t\t\t\t\t\t\t<\/div>\n\t\t\t\t<\/div>\n\t\t<div class=\"elementor-element elementor-element-69dcda8 e-flex e-con-boxed e-con e-child\" data-id=\"69dcda8\" data-element_type=\"container\" data-e-type=\"container\">\n\t\t\t\t\t<div class=\"e-con-inner\">\n\t\t<div class=\"elementor-element elementor-element-caee08a e-con-full e-flex e-con e-child\" data-id=\"caee08a\" data-element_type=\"container\" data-e-type=\"container\" data-settings=\"{&quot;background_background&quot;:&quot;classic&quot;}\">\n\t\t\t\t<div class=\"elementor-element elementor-element-a02bf2d elementor-widget elementor-widget-heading\" data-id=\"a02bf2d\" data-element_type=\"widget\" data-e-type=\"widget\" data-widget_type=\"heading.default\">\n\t\t\t\t<div class=\"elementor-widget-container\">\n\t\t\t\t\t<span class=\"elementor-heading-title elementor-size-default\">Option 1<\/span>\t\t\t\t<\/div>\n\t\t\t\t<\/div>\n\t\t\t\t<div class=\"elementor-element elementor-element-841b31d elementor-widget elementor-widget-text-editor\" data-id=\"841b31d\" data-element_type=\"widget\" data-e-type=\"widget\" data-widget_type=\"text-editor.default\">\n\t\t\t\t<div class=\"elementor-widget-container\">\n\t\t\t\t\t\t\t\t\t<p>Mitglied werden und<\/p>\t\t\t\t\t\t\t\t<\/div>\n\t\t\t\t<\/div>\n\t\t\t\t<div class=\"elementor-element elementor-element-0096f63 elementor-widget elementor-widget-heading\" data-id=\"0096f63\" data-element_type=\"widget\" data-e-type=\"widget\" data-widget_type=\"heading.default\">\n\t\t\t\t<div class=\"elementor-widget-container\">\n\t\t\t\t\t<span class=\"elementor-heading-title elementor-size-default\"><a href=\"https:\/\/digitalhumanities.de\/en\/mitgliedsantrag-lastschrift\/\">per Lastschrift bezahlen<\/a><\/span>\t\t\t\t<\/div>\n\t\t\t\t<\/div>\n\t\t\t\t<\/div>\n\t\t<div class=\"elementor-element elementor-element-ceb07c2 e-con-full e-flex e-con e-child\" data-id=\"ceb07c2\" data-element_type=\"container\" data-e-type=\"container\" data-settings=\"{&quot;background_background&quot;:&quot;classic&quot;}\">\n\t\t\t\t<div class=\"elementor-element elementor-element-21098a1 elementor-widget elementor-widget-heading\" data-id=\"21098a1\" data-element_type=\"widget\" data-e-type=\"widget\" data-widget_type=\"heading.default\">\n\t\t\t\t<div class=\"elementor-widget-container\">\n\t\t\t\t\t<span class=\"elementor-heading-title elementor-size-default\">Option 2<\/span>\t\t\t\t<\/div>\n\t\t\t\t<\/div>\n\t\t\t\t<div class=\"elementor-element elementor-element-453b691 elementor-widget elementor-widget-text-editor\" data-id=\"453b691\" data-element_type=\"widget\" data-e-type=\"widget\" data-widget_type=\"text-editor.default\">\n\t\t\t\t<div class=\"elementor-widget-container\">\n\t\t\t\t\t\t\t\t\t<p>Mitglied werden und<\/p>\t\t\t\t\t\t\t\t<\/div>\n\t\t\t\t<\/div>\n\t\t\t\t<div class=\"elementor-element elementor-element-eec3b35 elementor-widget elementor-widget-heading\" data-id=\"eec3b35\" data-element_type=\"widget\" data-e-type=\"widget\" data-widget_type=\"heading.default\">\n\t\t\t\t<div class=\"elementor-widget-container\">\n\t\t\t\t\t<span class=\"elementor-heading-title elementor-size-default\"><a href=\"https:\/\/digitalhumanities.de\/en\/mitgliedsantrag-ueberweisung\/\">per \u00dcberweisung bezahlen<\/a><\/span>\t\t\t\t<\/div>\n\t\t\t\t<\/div>\n\t\t\t\t<\/div>\n\t\t\t\t<div class=\"elementor-element elementor-element-bc956d5 elementor-widget elementor-widget-text-editor\" data-id=\"bc956d5\" data-element_type=\"widget\" data-e-type=\"widget\" data-widget_type=\"text-editor.default\">\n\t\t\t\t<div class=\"elementor-widget-container\">\n\t\t\t\t\t\t\t\t\t<p>Hinweise:<\/p><ul><li>Eine institutionelle Mitgliedschaft im DHd-Verband ist <u><em>nicht <\/em><\/u>m\u00f6glich.<\/li><li><u><em>Nach<\/em><\/u> Ihrer Anmeldung f\u00fcr eine DHd-Mitgliedschaft erhalten Sie in wenigen Tagen eine Best\u00e4tigung Ihrer DHd-Mitgliedschaft sowie Ihre DHd-Mitgliedsnummer.<\/li><\/ul>\t\t\t\t\t\t\t\t<\/div>\n\t\t\t\t<\/div>\n\t\t\t\t\t<\/div>\n\t\t\t\t<\/div>\n\t\t\t\t<\/div>\n\t\t<div class=\"elementor-element elementor-element-0a74be2 e-con-full e-flex e-con e-child\" data-id=\"0a74be2\" data-element_type=\"container\" data-e-type=\"container\">\n\t\t\t\t<div class=\"elementor-element elementor-element-0a9bb17 elementor-widget elementor-widget-heading\" data-id=\"0a9bb17\" data-element_type=\"widget\" data-e-type=\"widget\" data-widget_type=\"heading.default\">\n\t\t\t\t<div class=\"elementor-widget-container\">\n\t\t\t\t\t<h2 class=\"elementor-heading-title elementor-size-default\">K\u00fcndigung der Mitgliedschaft<\/h2>\t\t\t\t<\/div>\n\t\t\t\t<\/div>\n\t\t\t\t<div class=\"elementor-element elementor-element-0e5f0d2 elementor-widget elementor-widget-text-editor\" data-id=\"0e5f0d2\" data-element_type=\"widget\" data-e-type=\"widget\" data-widget_type=\"text-editor.default\">\n\t\t\t\t<div class=\"elementor-widget-container\">\n\t\t\t\t\t\t\t\t\t<p>Wenn Sie aus dem Verband austreten wollen, bekunden Sie Ihren Austrittswunsch bitte formlos mittels einer Nachricht an den Vorstand bzw. den Schatzmeister des Verbandes: <strong><a href=\"mailto:dhd-schatzmeister@dig-hum.de?subject=K%C3%BCndigung%20der%20DHd%20MItgliedschaft\">schatzmeister@digitalhumanities.de<\/a><\/strong>. Bitte beachten Sie die K\u00fcndigungsfrist. Der Austritt ist nur mit einer Frist von mindestens zwei Monaten zum Ende des jeweiligen Gesch\u00e4ftsjahres m\u00f6glich. Wird diese Frist nicht eingehalten, wird der Austritt erst zum Ende des n\u00e4chsten Gesch\u00e4ftsjahres wirksam (siehe auch <strong><a href=\"https:\/\/digitalhumanities.de\/en\/dhd-satzung\/\">DHd-Satzung<\/a><\/strong> \u00a76).<\/p>\t\t\t\t\t\t\t\t<\/div>\n\t\t\t\t<\/div>\n\t\t\t\t<\/div>\n\t\t\t\t\t<\/div>\n\t\t\t\t<\/div>\n\t\t\t\t<\/div>","protected":false},"excerpt":{"rendered":"<p>Mitglied werden Sie m\u00f6chten Mitglied im DHd-Verband werden oder haben eine Frage zu Ihrer bestehenden Mitgliedschaft? Dann finden Sie auf dieser Seite alle hierf\u00fcr relevanten Informationen. Verwendung Ihrer Beitragsgeb\u00fchr Mit Ihrer Mitgliedschaft werden Sie Teil eines interdisziplin\u00e4ren Verbunds von Digital Humanists, der sich in besonderer Weise f\u00fcr die F\u00f6rderung der DH im deutschsprachigen Raum einsetzt [&hellip;]<\/p>\n","protected":false},"author":1,"featured_media":0,"parent":0,"menu_order":0,"comment_status":"closed","ping_status":"closed","template":"","meta":{"_acf_changed":false,"footnotes":""},"categories":[],"tags":[],"class_list":["post-1873","page","type-page","status-publish","hentry"],"acf":[],"_links":{"self":[{"href":"https:\/\/digitalhumanities.de\/en\/wp-json\/wp\/v2\/pages\/1873","targetHints":{"allow":["GET"]}}],"collection":[{"href":"https:\/\/digitalhumanities.de\/en\/wp-json\/wp\/v2\/pages"}],"about":[{"href":"https:\/\/digitalhumanities.de\/en\/wp-json\/wp\/v2\/types\/page"}],"author":[{"embeddable":true,"href":"https:\/\/digitalhumanities.de\/en\/wp-json\/wp\/v2\/users\/1"}],"replies":[{"embeddable":true,"href":"https:\/\/digitalhumanities.de\/en\/wp-json\/wp\/v2\/comments?post=1873"}],"version-history":[{"count":124,"href":"https:\/\/digitalhumanities.de\/en\/wp-json\/wp\/v2\/pages\/1873\/revisions"}],"predecessor-version":[{"id":5655,"href":"https:\/\/digitalhumanities.de\/en\/wp-json\/wp\/v2\/pages\/1873\/revisions\/5655"}],"wp:attachment":[{"href":"https:\/\/digitalhumanities.de\/en\/wp-json\/wp\/v2\/media?parent=1873"}],"wp:term":[{"taxonomy":"category","embeddable":true,"href":"https:\/\/digitalhumanities.de\/en\/wp-json\/wp\/v2\/categories?post=1873"},{"taxonomy":"post_tag","embeddable":true,"href":"https:\/\/digitalhumanities.de\/en\/wp-json\/wp\/v2\/tags?post=1873"}],"curies":[{"name":"wp","href":"https:\/\/api.w.org\/{rel}","templated":true}]}}