{"id":1850,"date":"2024-04-03T12:25:52","date_gmt":"2024-04-03T10:25:52","guid":{"rendered":"https:\/\/dig-hum.sjstudios.eu\/?page_id=1850"},"modified":"2026-04-07T15:02:51","modified_gmt":"2026-04-07T13:02:51","slug":"data-steward","status":"publish","type":"page","link":"https:\/\/digitalhumanities.de\/en\/data-steward\/","title":{"rendered":"Data Steward"},"content":{"rendered":"\t\t<div data-elementor-type=\"wp-page\" data-elementor-id=\"1850\" class=\"elementor elementor-1850\" data-elementor-post-type=\"page\">\n\t\t\t\t<div class=\"elementor-element elementor-element-46ea1ebe e-flex e-con-boxed e-con e-parent\" data-id=\"46ea1ebe\" data-element_type=\"container\" data-e-type=\"container\">\n\t\t\t\t\t<div class=\"e-con-inner\">\n\t\t\t\t<div class=\"elementor-element elementor-element-581d041f elementor-widget__width-initial elementor-widget-mobile__width-initial elementor-widget elementor-widget-heading\" data-id=\"581d041f\" data-element_type=\"widget\" data-e-type=\"widget\" data-widget_type=\"heading.default\">\n\t\t\t\t<div class=\"elementor-widget-container\">\n\t\t\t\t\t<h1 class=\"elementor-heading-title elementor-size-default\">Data Steward<\/h1>\t\t\t\t<\/div>\n\t\t\t\t<\/div>\n\t\t\t\t<div class=\"elementor-element elementor-element-49755766 elementor-widget__width-initial elementor-widget elementor-widget-text-editor\" data-id=\"49755766\" data-element_type=\"widget\" data-e-type=\"widget\" data-widget_type=\"text-editor.default\">\n\t\t\t\t<div class=\"elementor-widget-container\">\n\t\t\t\t\t\t\t\t\t<p><span data-preserver-spaces=\"true\">Mit der Ernennung eines Data Stewards hat der Verband Digital Humanities im deutschsprachigen Raum e.V. (DHd) auf der Jahreskonferenz 2020 in Paderborn eine Funktion geschaffen, um eine umfassende Datenstrategie f\u00fcr alle Materialien, Publikationen und Ergebnisse, die im Kontext des DHd entstanden sind\/entstehen werden, zu entwickeln. Sie sollen im Sinne der FAIR-Prinzipien langfristig auffindbar, zug\u00e4nglich, interoperabel und nachnutzbar gemacht werden.<\/span><\/p><p><span data-preserver-spaces=\"true\">Entsprechend steht bei der Arbeit des Data Stewards die nachhaltige Sicherung, Archivierung und Publikation von DHd-Materialien im Fokus.<\/span><\/p><p><strong><span data-preserver-spaces=\"true\">Bisherige T\u00e4tigkeiten:<\/span><\/strong><\/p><ul><li><span data-preserver-spaces=\"true\">Automatisierte Ver\u00f6ffentlichung aller Abstracts der DHd-Jahreskonferenzen (2014-2020) als einzeln referenzierbare Publikationen in der DHd-Community auf Zenodo<\/span><ul><li class=\"ql-indent-1\"><a class=\"editor-rtfLink\" href=\"https:\/\/zenodo.org\/communities\/dhd\/?page=1&amp;size=20\" target=\"_blank\" rel=\"noopener\"><strong><span data-preserver-spaces=\"true\">DHd-Community auf Zenodo<\/span><\/strong><\/a><span data-preserver-spaces=\"true\">\u00a0mit allen publizierten Abstracts<\/span><\/li><\/ul><\/li><li><span data-preserver-spaces=\"true\">Datenbasis f\u00fcr die Publikation aller Abstracts der DHd-Jahreskonferenzen<\/span><ul><li><ul><li class=\"ql-indent-2\"><a class=\"editor-rtfLink\" href=\"https:\/\/github.com\/DHd-Verband\/DHd-Abstracts-2022\" target=\"_blank\" rel=\"noopener\"><strong><span data-preserver-spaces=\"true\">2022<\/span><\/strong><\/a><\/li><li class=\"ql-indent-2\"><a class=\"editor-rtfLink\" href=\"https:\/\/github.com\/DHd-Verband\/DHd-Abstracts-2020\" target=\"_blank\" rel=\"noopener\"><strong><span data-preserver-spaces=\"true\">2020<\/span><\/strong><\/a><\/li><li class=\"ql-indent-2\"><a class=\"editor-rtfLink\" href=\"https:\/\/github.com\/DHd-Verband\/DHd-Abstracts-2019\" target=\"_blank\" rel=\"noopener\"><strong><span data-preserver-spaces=\"true\">2019<\/span><\/strong><\/a><\/li><li class=\"ql-indent-2\"><a class=\"editor-rtfLink\" href=\"https:\/\/github.com\/DHd-Verband\/DHd-Abstracts-2018\" target=\"_blank\" rel=\"noopener\"><strong><span data-preserver-spaces=\"true\">2018<\/span><\/strong><\/a><\/li><li class=\"ql-indent-2\"><a class=\"editor-rtfLink\" href=\"https:\/\/github.com\/DHd-Verband\/DHd-Abstracts-2017\" target=\"_blank\" rel=\"noopener\"><strong><span data-preserver-spaces=\"true\">2017<\/span><\/strong><\/a><\/li><li class=\"ql-indent-2\"><a class=\"editor-rtfLink\" href=\"https:\/\/github.com\/DHd-Verband\/DHd-Abstracts-2016\" target=\"_blank\" rel=\"noopener\"><strong><span data-preserver-spaces=\"true\">2016<\/span><\/strong><\/a><\/li><li class=\"ql-indent-2\"><a class=\"editor-rtfLink\" href=\"https:\/\/github.com\/DHd-Verband\/DHd-Abstracts-2015\" target=\"_blank\" rel=\"noopener\"><strong><span data-preserver-spaces=\"true\">2015<\/span><\/strong><\/a><\/li><\/ul><\/li><li class=\"ql-indent-1\"><a class=\"editor-rtfLink\" href=\"https:\/\/github.com\/DHd-Verband\/DHd-Abstracts-2014\" target=\"_blank\" rel=\"noopener\"><strong><span data-preserver-spaces=\"true\">2014<\/span><\/strong><\/a><\/li><li class=\"ql-indent-1\"><a class=\"editor-rtfLink\" href=\"https:\/\/github.com\/reborg789\/zenodup\" target=\"_blank\" rel=\"noopener\"><strong><span data-preserver-spaces=\"true\">Skripte zur Vorverarbeitung<\/span><\/strong><\/a><span data-preserver-spaces=\"true\">\u00a0der XML-Daten zu den Abstracts<\/span><\/li><li class=\"ql-indent-1\"><a class=\"editor-rtfLink\" href=\"https:\/\/github.com\/cceh\/zenodup\" target=\"_blank\" rel=\"noopener\"><strong><span data-preserver-spaces=\"true\">Workflows und Skripte<\/span><\/strong><\/a><span data-preserver-spaces=\"true\">\u00a0f\u00fcr den automatisierten Upload auf Zenodo<\/span><\/li><\/ul><\/li><li><span data-preserver-spaces=\"true\">Alle publizierten Abstracts wurden durch die<\/span><strong><span data-preserver-spaces=\"true\">\u00a0<\/span><\/strong><a class=\"editor-rtfLink\" href=\"https:\/\/dblp.org\/\" target=\"_blank\" rel=\"noopener\"><strong><span data-preserver-spaces=\"true\">dblp \u2013 computer science bibliography<\/span><\/strong><\/a><span data-preserver-spaces=\"true\">\u00a0indexiert.<\/span><ul><li class=\"ql-indent-1\"><span data-preserver-spaces=\"true\">Migration einer statischen Version der<\/span><strong><span data-preserver-spaces=\"true\">\u00a0<\/span><\/strong><a class=\"editor-rtfLink\" href=\"https:\/\/dhd2020.dig-hum.de\/\" target=\"_blank\" rel=\"noopener\"><strong><span data-preserver-spaces=\"true\">Website zur DHd-Jahreskonferenz 2020<\/span><\/strong><\/a><span data-preserver-spaces=\"true\">\u00a0in Paderborn auf die nachhaltige Infrastruktur der\u00a0<\/span><a class=\"editor-rtfLink\" href=\"https:\/\/adho.org\/\" target=\"_blank\" rel=\"noopener\"><strong><span data-preserver-spaces=\"true\">Alliance of Digital Humanities Organizations (ADHO)<\/span><\/strong><\/a><\/li><li class=\"ql-indent-1\"><span data-preserver-spaces=\"true\">Einrichtung der\u00a0<\/span><a class=\"editor-rtfLink\" href=\"https:\/\/zenodo.org\/communities\/dhd-verbandsaktivitaeten\/?page=1&amp;size=20\" target=\"_blank\" rel=\"noopener\"><strong><span data-preserver-spaces=\"true\">DHd-Verbandsaktivit\u00e4ten Community auf Zenodo<\/span><\/strong><\/a><span data-preserver-spaces=\"true\">\u00a0zur Publikation von Materialien im Kontext des DHd, die nicht im Zusammenhang mit DHd-Jahreskonferenzen entstanden sind<\/span><\/li><\/ul><\/li><\/ul><p><strong><span data-preserver-spaces=\"true\">Aktuelle Arbeiten:<\/span><\/strong><\/p><ul><li><span data-preserver-spaces=\"true\">Indexierung aller publizierten DHd-Abstracts durch den\u00a0<\/span><a class=\"editor-rtfLink\" href=\"https:\/\/dh-abstracts.library.cmu.edu\/\" target=\"_blank\" rel=\"noopener\"><strong><span data-preserver-spaces=\"true\">Index of Digital Humanities Conferences<\/span><\/strong><\/a><\/li><li><span data-preserver-spaces=\"true\">Sichtung, Organisation, Archivierung und teilweise Publikation von DHd-Verbandsmaterialien aus pers\u00f6nlichen Archiven<\/span><\/li><li><span data-preserver-spaces=\"true\">Weiterentwicklung der Publikationsworkflows f\u00fcr zuk\u00fcnftige Abstracts der DHd-Jahreskonferenzen<\/span><\/li><li><span data-preserver-spaces=\"true\">Unterst\u00fctzung des lokalen Organisationskomitees der DHd-Jahreskonferenz 2022 in Potsdam bei der Vorbereitung und Durchf\u00fchrung der Publikation aller Konferenzabstracts sowie Posterpr\u00e4sentationen via Zenodo<\/span><\/li><li><span data-preserver-spaces=\"true\">Migration weiterer Websites zu DHd-Jahreskonferenzen auf die ADHO-Infrastruktur<\/span><\/li><li><span data-preserver-spaces=\"true\">Entwicklung eines Leitfadens f\u00fcr die Entwicklung und den Betrieb von Websites zu DHd-Jahreskonferenzen<\/span><\/li><\/ul><p><strong><span data-preserver-spaces=\"true\">Aktuelle Publikationen:<\/span><\/strong><\/p><ul><li><span data-preserver-spaces=\"true\">Helling, P., Debbeler, A., &amp; Borges, R. (2022). Konferenzbeitr\u00e4ge strategisch publizieren: Automatisierte Workflows zur individuellen Ver\u00f6ffentlichung von Konferenzbeitr\u00e4gen am Beispiel des Verbands Digital Humanities im deutschsprachigen Raum e.V. O-Bib. Das Offene Bibliotheksjournal \/ Herausgeber VDB, 9(3), 1\u201317.\u00a0<\/span><a class=\"editor-rtfLink\" href=\"https:\/\/doi.org\/10.5282\/o-bib\/5835\" target=\"_blank\" rel=\"noopener\"><span data-preserver-spaces=\"true\">https:\/\/doi.org\/10.5282\/o-bib\/5835<\/span><\/a><span data-preserver-spaces=\"true\">.<\/span><\/li><\/ul><p><span data-preserver-spaces=\"true\">Wenn Sie Fragen zur Arbeit des DHd Data Stewards haben, stehe ich Ihnen gerne per Mail unter patrick.helling[at]uni-koeln.de zur Verf\u00fcgung.<\/span><\/p><p><span data-preserver-spaces=\"true\">Im Rahmen der DHd-Jahreskonferenz 2022 ist eine TaskForce zur Weiterentwicklung der DHd-Abstracts sowie der bestehenden Publikationsworkflows mit Vertreter*innen der DHd-Community gegr\u00fcndet worden. Eine Beteiligung an dieser TaskForce durch die DHd-Community ist ausdr\u00fccklich erw\u00fcnscht. F\u00fcr eine aktive Mitgestaltung kontaktieren Sie gerne die TaskForce \u201cDHd Abstracts\u201d sowie den DHd Data Steward unter patrick.helling[at]uni-koeln.de.<\/span><\/p><p><span data-preserver-spaces=\"true\">F\u00fcr mehr Transparenz und Nachvollziehbarkeit des Einreichungsprozesses bei den DHd Jahreskonferenzen hat die TaskForce \u201cDHd Abstracts\u201d einen\u00a0<\/span><strong><span data-preserver-spaces=\"true\">Beitrag zum Thema &#8222;Der DHd-Verband und seine Abstracts &#8211; Betrachtungen des Einreichungsprozesses zu den DHd Jahrestagungen&#8220;<\/span><\/strong><span data-preserver-spaces=\"true\">\u00a0ver\u00f6ffentlicht. Sie finden diesen Artikel\u00a0<\/span><a class=\"editor-rtfLink\" href=\"https:\/\/dig-hum.de\/aktuelles\/der-dhd-verband-und-seine-abstracts-betrachtungen-des-einreichungsprozesses-zu-den-dhd\" target=\"_blank\" rel=\"noopener\"><span data-preserver-spaces=\"true\">hier<\/span><\/a><span data-preserver-spaces=\"true\">.<\/span><\/p><p><span data-preserver-spaces=\"true\">\u00a0<\/span><\/p><h3>\u00a0<\/h3><h3><strong><span data-preserver-spaces=\"true\">Kontakt<\/span><\/strong><\/h3><p><span data-preserver-spaces=\"true\">Patrick Helling<\/span><\/p><p><span data-preserver-spaces=\"true\">Universit\u00e4t zu K\u00f6ln <\/span><span data-preserver-spaces=\"true\">Data Center for the Humanities (DCH)<\/span><br \/><span data-preserver-spaces=\"true\">Albertus-Magnus-Platz<\/span><br \/><span data-preserver-spaces=\"true\">50923 K\u00f6ln<\/span><\/p><p><span data-preserver-spaces=\"true\">Email: patrick.helling[at]uni-koeln.de<\/span><br \/><span data-preserver-spaces=\"true\">Phone: +49 221 470-1307<\/span><br \/><span data-preserver-spaces=\"true\">Web: <\/span><a class=\"editor-rtfLink\" href=\"https:\/\/dch.phil-fak.uni-koeln.de\/\" target=\"_blank\" rel=\"noopener\"><span data-preserver-spaces=\"true\">https:\/\/dch.phil-fak.uni-koeln.de\/<\/span><\/a><\/p>\t\t\t\t\t\t\t\t<\/div>\n\t\t\t\t<\/div>\n\t\t\t\t\t<\/div>\n\t\t\t\t<\/div>\n\t\t\t\t<\/div>\n\t\t","protected":false},"excerpt":{"rendered":"<p>Mit der Ernennung eines Data Stewards hat der Verband Digital Humanities im deutschsprachigen Raum e.V. (DHd) auf der Jahreskonferenz 2020 in Paderborn eine Funktion geschaffen, um eine umfassende Datenstrategie f\u00fcr alle Materialien, Publikationen und Ergebnisse, die im Kontext des DHd entstanden sind\/entstehen werden, zu entwickeln. Sie sollen im Sinne der FAIR-Prinzipien langfristig auffindbar, zug\u00e4nglich, interoperabel [&hellip;]<\/p>\n","protected":false},"author":1,"featured_media":0,"parent":0,"menu_order":0,"comment_status":"closed","ping_status":"closed","template":"","meta":{"_acf_changed":false,"footnotes":""},"categories":[158],"tags":[],"class_list":["post-1850","page","type-page","status-publish","hentry","category-infoseite"],"acf":[],"_links":{"self":[{"href":"https:\/\/digitalhumanities.de\/en\/wp-json\/wp\/v2\/pages\/1850","targetHints":{"allow":["GET"]}}],"collection":[{"href":"https:\/\/digitalhumanities.de\/en\/wp-json\/wp\/v2\/pages"}],"about":[{"href":"https:\/\/digitalhumanities.de\/en\/wp-json\/wp\/v2\/types\/page"}],"author":[{"embeddable":true,"href":"https:\/\/digitalhumanities.de\/en\/wp-json\/wp\/v2\/users\/1"}],"replies":[{"embeddable":true,"href":"https:\/\/digitalhumanities.de\/en\/wp-json\/wp\/v2\/comments?post=1850"}],"version-history":[{"count":27,"href":"https:\/\/digitalhumanities.de\/en\/wp-json\/wp\/v2\/pages\/1850\/revisions"}],"predecessor-version":[{"id":5689,"href":"https:\/\/digitalhumanities.de\/en\/wp-json\/wp\/v2\/pages\/1850\/revisions\/5689"}],"wp:attachment":[{"href":"https:\/\/digitalhumanities.de\/en\/wp-json\/wp\/v2\/media?parent=1850"}],"wp:term":[{"taxonomy":"category","embeddable":true,"href":"https:\/\/digitalhumanities.de\/en\/wp-json\/wp\/v2\/categories?post=1850"},{"taxonomy":"post_tag","embeddable":true,"href":"https:\/\/digitalhumanities.de\/en\/wp-json\/wp\/v2\/tags?post=1850"}],"curies":[{"name":"wp","href":"https:\/\/api.w.org\/{rel}","templated":true}]}}