{"id":1845,"date":"2024-04-03T12:24:53","date_gmt":"2024-04-03T10:24:53","guid":{"rendered":"https:\/\/dig-hum.sjstudios.eu\/?page_id=1845"},"modified":"2026-03-06T18:47:08","modified_gmt":"2026-03-06T17:47:08","slug":"der-vorstand","status":"publish","type":"page","link":"https:\/\/digitalhumanities.de\/en\/der-vorstand\/","title":{"rendered":"The Executive Board"},"content":{"rendered":"<div data-elementor-type=\"wp-page\" data-elementor-id=\"1845\" class=\"elementor elementor-1845\" data-elementor-post-type=\"page\">\n\t\t\t\t<div class=\"elementor-element elementor-element-0c9f91b e-flex e-con-boxed e-con e-parent\" data-id=\"0c9f91b\" data-element_type=\"container\" data-e-type=\"container\" data-settings=\"{&quot;background_background&quot;:&quot;classic&quot;}\">\n\t\t\t\t\t<div class=\"e-con-inner\">\n\t\t\t\t<div class=\"elementor-element elementor-element-2156ac5 elementor-widget-mobile__width-initial elementor-widget elementor-widget-heading\" data-id=\"2156ac5\" data-element_type=\"widget\" data-e-type=\"widget\" data-widget_type=\"heading.default\">\n\t\t\t\t<div class=\"elementor-widget-container\">\n\t\t\t\t\t<h1 class=\"elementor-heading-title elementor-size-default\">Executive Board<\/h1>\t\t\t\t<\/div>\n\t\t\t\t<\/div>\n\t\t<div class=\"elementor-element elementor-element-f856874 e-con-full e-flex e-con e-child\" data-id=\"f856874\" data-element_type=\"container\" data-e-type=\"container\">\n\t\t\t\t<div class=\"elementor-element elementor-element-a3bae1b elementor-widget__width-initial elementor-widget-mobile__width-initial elementor-position-top elementor-widget elementor-widget-image-box\" data-id=\"a3bae1b\" data-element_type=\"widget\" data-e-type=\"widget\" data-widget_type=\"image-box.default\">\n\t\t\t\t<div class=\"elementor-widget-container\">\n\t\t\t\t\t<div class=\"elementor-image-box-wrapper\"><figure class=\"elementor-image-box-img\"><img decoding=\"async\" width=\"200\" height=\"200\" src=\"https:\/\/digitalhumanities.de\/wp-content\/uploads\/2024\/03\/Jun-Prof-Dr-rabea-kleymann.png\" class=\"attachment-medium size-medium wp-image-1591\" alt=\"Jun.-Prof. Dr. Rabea Kleymann Bild\" srcset=\"https:\/\/digitalhumanities.de\/wp-content\/uploads\/2024\/03\/Jun-Prof-Dr-rabea-kleymann.png 200w, https:\/\/digitalhumanities.de\/wp-content\/uploads\/2024\/03\/Jun-Prof-Dr-rabea-kleymann-150x150.png 150w, https:\/\/digitalhumanities.de\/wp-content\/uploads\/2024\/03\/Jun-Prof-Dr-rabea-kleymann-12x12.png 12w\" sizes=\"(max-width: 200px) 100vw, 200px\" \/><\/figure><div class=\"elementor-image-box-content\"><span class=\"elementor-image-box-title\">Jun.-Prof. Dr. Rabea Kleymann<\/span><p class=\"elementor-image-box-description\">Technical University of Chemnitz, DHd-AGs, Board member since 2022<\/p><\/div><\/div>\t\t\t\t<\/div>\n\t\t\t\t<\/div>\n\t\t\t\t<div class=\"elementor-element elementor-element-a70300a elementor-widget__width-initial elementor-widget-mobile__width-initial elementor-position-top elementor-widget elementor-widget-image-box\" data-id=\"a70300a\" data-element_type=\"widget\" data-e-type=\"widget\" data-widget_type=\"image-box.default\">\n\t\t\t\t<div class=\"elementor-widget-container\">\n\t\t\t\t\t<div class=\"elementor-image-box-wrapper\"><figure class=\"elementor-image-box-img\"><img decoding=\"async\" width=\"200\" height=\"200\" src=\"https:\/\/digitalhumanities.de\/wp-content\/uploads\/2024\/03\/dr-sarah-lang-1.png\" class=\"attachment-medium size-medium wp-image-1594\" alt=\"Dr. Sarah Lang Bild\" srcset=\"https:\/\/digitalhumanities.de\/wp-content\/uploads\/2024\/03\/dr-sarah-lang-1.png 200w, https:\/\/digitalhumanities.de\/wp-content\/uploads\/2024\/03\/dr-sarah-lang-1-150x150.png 150w, https:\/\/digitalhumanities.de\/wp-content\/uploads\/2024\/03\/dr-sarah-lang-1-12x12.png 12w\" sizes=\"(max-width: 200px) 100vw, 200px\" \/><\/figure><div class=\"elementor-image-box-content\"><span class=\"elementor-image-box-title\">Dr. Sarah Lang<\/span><p class=\"elementor-image-box-description\">Max Planck Institute for the History of Science, Nachwuchsf\u00f6rderung &amp; Stipendien, Vorstandsmitglied seit 2023<\/p><\/div><\/div>\t\t\t\t<\/div>\n\t\t\t\t<\/div>\n\t\t\t\t<div class=\"elementor-element elementor-element-0ca00ff elementor-widget__width-initial elementor-widget-mobile__width-initial elementor-position-top elementor-widget elementor-widget-image-box\" data-id=\"0ca00ff\" data-element_type=\"widget\" data-e-type=\"widget\" data-widget_type=\"image-box.default\">\n\t\t\t\t<div class=\"elementor-widget-container\">\n\t\t\t\t\t<div class=\"elementor-image-box-wrapper\"><figure class=\"elementor-image-box-img\"><img fetchpriority=\"high\" decoding=\"async\" width=\"300\" height=\"300\" src=\"https:\/\/digitalhumanities.de\/wp-content\/uploads\/2025\/05\/jonasmlaackman-300x300.jpg\" class=\"attachment-medium size-medium wp-image-5395\" alt=\"\" srcset=\"https:\/\/digitalhumanities.de\/wp-content\/uploads\/2025\/05\/jonasmlaackman-300x300.jpg 300w, https:\/\/digitalhumanities.de\/wp-content\/uploads\/2025\/05\/jonasmlaackman-150x150.jpg 150w, https:\/\/digitalhumanities.de\/wp-content\/uploads\/2025\/05\/jonasmlaackman-12x12.jpg 12w, https:\/\/digitalhumanities.de\/wp-content\/uploads\/2025\/05\/jonasmlaackman.jpg 599w\" sizes=\"(max-width: 300px) 100vw, 300px\" \/><\/figure><div class=\"elementor-image-box-content\"><span class=\"elementor-image-box-title\">Dr. Jonas M\u00fcller-Laackman<\/span><p class=\"elementor-image-box-description\">Staats- und Universit\u00e4tsbibliothek Hamburg, Diversity, seit 2025<\/p><\/div><\/div>\t\t\t\t<\/div>\n\t\t\t\t<\/div>\n\t\t\t\t<div class=\"elementor-element elementor-element-588f8e7 elementor-widget__width-initial elementor-widget-mobile__width-initial elementor-position-top elementor-widget elementor-widget-image-box\" data-id=\"588f8e7\" data-element_type=\"widget\" data-e-type=\"widget\" data-widget_type=\"image-box.default\">\n\t\t\t\t<div class=\"elementor-widget-container\">\n\t\t\t\t\t<div class=\"elementor-image-box-wrapper\"><figure class=\"elementor-image-box-img\"><img loading=\"lazy\" decoding=\"async\" width=\"300\" height=\"300\" src=\"https:\/\/digitalhumanities.de\/wp-content\/uploads\/2025\/04\/csm_Nils_Reiter-2_3410f4fdad-300x300.jpg\" class=\"attachment-medium size-medium wp-image-5350\" alt=\"Prof. Dr. Nils Reiter\" srcset=\"https:\/\/digitalhumanities.de\/wp-content\/uploads\/2025\/04\/csm_Nils_Reiter-2_3410f4fdad-300x300.jpg 300w, https:\/\/digitalhumanities.de\/wp-content\/uploads\/2025\/04\/csm_Nils_Reiter-2_3410f4fdad-1024x1024.jpg 1024w, https:\/\/digitalhumanities.de\/wp-content\/uploads\/2025\/04\/csm_Nils_Reiter-2_3410f4fdad-150x150.jpg 150w, https:\/\/digitalhumanities.de\/wp-content\/uploads\/2025\/04\/csm_Nils_Reiter-2_3410f4fdad-768x768.jpg 768w, https:\/\/digitalhumanities.de\/wp-content\/uploads\/2025\/04\/csm_Nils_Reiter-2_3410f4fdad-12x12.jpg 12w, https:\/\/digitalhumanities.de\/wp-content\/uploads\/2025\/04\/csm_Nils_Reiter-2_3410f4fdad.jpg 1440w\" sizes=\"(max-width: 300px) 100vw, 300px\" \/><\/figure><div class=\"elementor-image-box-content\"><span class=\"elementor-image-box-title\">Prof. Dr. Nils Reiter<\/span><p class=\"elementor-image-box-description\">Universit\u00e4t zu K\u00f6ln, <span>Communication &amp; Community,<\/span> Vorstandsmitglied seit 2025<\/p><\/div><\/div>\t\t\t\t<\/div>\n\t\t\t\t<\/div>\n\t\t\t\t<div class=\"elementor-element elementor-element-1cbac1b elementor-widget__width-initial elementor-widget-mobile__width-initial elementor-position-top elementor-widget elementor-widget-image-box\" data-id=\"1cbac1b\" data-element_type=\"widget\" data-e-type=\"widget\" data-widget_type=\"image-box.default\">\n\t\t\t\t<div class=\"elementor-widget-container\">\n\t\t\t\t\t<div class=\"elementor-image-box-wrapper\"><figure class=\"elementor-image-box-img\"><img loading=\"lazy\" decoding=\"async\" width=\"197\" height=\"200\" src=\"https:\/\/digitalhumanities.de\/wp-content\/uploads\/2024\/03\/mag-walter-scholger-1.png\" class=\"attachment-medium size-medium wp-image-1596\" alt=\"Mag. Walter Scholger Bild\" srcset=\"https:\/\/digitalhumanities.de\/wp-content\/uploads\/2024\/03\/mag-walter-scholger-1.png 197w, https:\/\/digitalhumanities.de\/wp-content\/uploads\/2024\/03\/mag-walter-scholger-1-12x12.png 12w\" sizes=\"(max-width: 197px) 100vw, 197px\" \/><\/figure><div class=\"elementor-image-box-content\"><span class=\"elementor-image-box-title\">Mag. Walter Scholger<\/span><p class=\"elementor-image-box-description\">Zentrum f\u00fcr Informationsmodellierung, Universit\u00e4t Graz, Schatzmeister, Vertreter im ADHO Constituent Organization Board, Vorstandsmitglied seit 2022<\/p><\/div><\/div>\t\t\t\t<\/div>\n\t\t\t\t<\/div>\n\t\t\t\t<div class=\"elementor-element elementor-element-2461748 elementor-widget__width-initial elementor-widget-mobile__width-initial elementor-position-top elementor-widget elementor-widget-image-box\" data-id=\"2461748\" data-element_type=\"widget\" data-e-type=\"widget\" data-widget_type=\"image-box.default\">\n\t\t\t\t<div class=\"elementor-widget-container\">\n\t\t\t\t\t<div class=\"elementor-image-box-wrapper\"><figure class=\"elementor-image-box-img\"><img loading=\"lazy\" decoding=\"async\" width=\"256\" height=\"256\" src=\"https:\/\/digitalhumanities.de\/wp-content\/uploads\/2026\/03\/Peter-Stadler.png\" class=\"attachment-medium size-medium wp-image-5637\" alt=\"Peter Stadler\" srcset=\"https:\/\/digitalhumanities.de\/wp-content\/uploads\/2026\/03\/Peter-Stadler.png 256w, https:\/\/digitalhumanities.de\/wp-content\/uploads\/2026\/03\/Peter-Stadler-150x150.png 150w, https:\/\/digitalhumanities.de\/wp-content\/uploads\/2026\/03\/Peter-Stadler-12x12.png 12w\" sizes=\"(max-width: 256px) 100vw, 256px\" \/><\/figure><div class=\"elementor-image-box-content\"><span class=\"elementor-image-box-title\">Peter Stadler<\/span><p class=\"elementor-image-box-description\">Universit\u00e4t Paderborn, Vorstandsmitglied seit 2026<\/p><\/div><\/div>\t\t\t\t<\/div>\n\t\t\t\t<\/div>\n\t\t\t\t<div class=\"elementor-element elementor-element-9169023 elementor-widget__width-initial elementor-widget-mobile__width-initial elementor-position-top elementor-widget elementor-widget-image-box\" data-id=\"9169023\" data-element_type=\"widget\" data-e-type=\"widget\" data-widget_type=\"image-box.default\">\n\t\t\t\t<div class=\"elementor-widget-container\">\n\t\t\t\t\t<div class=\"elementor-image-box-wrapper\"><figure class=\"elementor-image-box-img\"><img loading=\"lazy\" decoding=\"async\" width=\"200\" height=\"200\" src=\"https:\/\/digitalhumanities.de\/wp-content\/uploads\/2024\/03\/prof-dr-ulrike-wuttke.png\" class=\"attachment-medium size-medium wp-image-1598\" alt=\"Prof. Dr. Ulrike Wuttke Bild\" srcset=\"https:\/\/digitalhumanities.de\/wp-content\/uploads\/2024\/03\/prof-dr-ulrike-wuttke.png 200w, https:\/\/digitalhumanities.de\/wp-content\/uploads\/2024\/03\/prof-dr-ulrike-wuttke-150x150.png 150w, https:\/\/digitalhumanities.de\/wp-content\/uploads\/2024\/03\/prof-dr-ulrike-wuttke-12x12.png 12w\" sizes=\"(max-width: 200px) 100vw, 200px\" \/><\/figure><div class=\"elementor-image-box-content\"><span class=\"elementor-image-box-title\">Prof. Dr. Ulrike Wuttke <\/span><p class=\"elementor-image-box-description\">Fachhochschule Potsdam, 2. Vorsitzende, Vorstandsmitglied seit 2019<\/p><\/div><\/div>\t\t\t\t<\/div>\n\t\t\t\t<\/div>\n\t\t\t\t<\/div>\n\t\t\t\t\t<\/div>\n\t\t\t\t<\/div>\n\t\t<div class=\"elementor-element elementor-element-c2c9a98 e-flex e-con-boxed e-con e-parent\" data-id=\"c2c9a98\" data-element_type=\"container\" data-e-type=\"container\">\n\t\t\t\t\t<div class=\"e-con-inner\">\n\t\t\t\t<div class=\"elementor-element elementor-element-098b2ce elementor-widget elementor-widget-heading\" data-id=\"098b2ce\" data-element_type=\"widget\" data-e-type=\"widget\" data-widget_type=\"heading.default\">\n\t\t\t\t<div class=\"elementor-widget-container\">\n\t\t\t\t\t<h2 class=\"elementor-heading-title elementor-size-default\">Members who have been co-opted onto the Board of Directors are<\/h2>\t\t\t\t<\/div>\n\t\t\t\t<\/div>\n\t\t<div class=\"elementor-element elementor-element-9071ac3 e-con-full e-flex e-con e-child\" data-id=\"9071ac3\" data-element_type=\"container\" data-e-type=\"container\">\n\t\t\t\t<div class=\"elementor-element elementor-element-aba0846 elementor-widget__width-initial elementor-widget-mobile__width-initial elementor-position-top elementor-widget elementor-widget-image-box\" data-id=\"aba0846\" data-element_type=\"widget\" data-e-type=\"widget\" data-widget_type=\"image-box.default\">\n\t\t\t\t<div class=\"elementor-widget-container\">\n\t\t\t\t\t<div class=\"elementor-image-box-wrapper\"><figure class=\"elementor-image-box-img\"><img loading=\"lazy\" decoding=\"async\" width=\"200\" height=\"200\" src=\"https:\/\/digitalhumanities.de\/wp-content\/uploads\/2024\/03\/parick-helling.png\" class=\"attachment-medium size-medium wp-image-1624\" alt=\"\" srcset=\"https:\/\/digitalhumanities.de\/wp-content\/uploads\/2024\/03\/parick-helling.png 200w, https:\/\/digitalhumanities.de\/wp-content\/uploads\/2024\/03\/parick-helling-150x150.png 150w, https:\/\/digitalhumanities.de\/wp-content\/uploads\/2024\/03\/parick-helling-12x12.png 12w\" sizes=\"(max-width: 200px) 100vw, 200px\" \/><\/figure><div class=\"elementor-image-box-content\"><span class=\"elementor-image-box-title\">Dr. Patrick Helling <\/span><p class=\"elementor-image-box-description\">Data Center for the Humanities, University of Cologne, Data Steward, since 2019<\/p><\/div><\/div>\t\t\t\t<\/div>\n\t\t\t\t<\/div>\n\t\t\t\t<\/div>\n\t\t\t\t\t<\/div>\n\t\t\t\t<\/div>\n\t\t<div class=\"elementor-element elementor-element-b916e45 e-flex e-con-boxed e-con e-parent\" data-id=\"b916e45\" data-element_type=\"container\" data-e-type=\"container\">\n\t\t\t\t\t<div class=\"e-con-inner\">\n\t\t<div class=\"elementor-element elementor-element-6b3380f e-con-full e-flex e-con e-child\" data-id=\"6b3380f\" data-element_type=\"container\" data-e-type=\"container\">\n\t\t\t\t<div class=\"elementor-element elementor-element-a33861c elementor-widget elementor-widget-heading\" data-id=\"a33861c\" data-element_type=\"widget\" data-e-type=\"widget\" data-widget_type=\"heading.default\">\n\t\t\t\t<div class=\"elementor-widget-container\">\n\t\t\t\t\t<h2 class=\"elementor-heading-title elementor-size-default\">Former members of the Executive Board:<\/h2>\t\t\t\t<\/div>\n\t\t\t\t<\/div>\n\t\t\t\t<\/div>\n\t\t<div class=\"elementor-element elementor-element-b698e95 e-con-full e-flex e-con e-child\" data-id=\"b698e95\" data-element_type=\"container\" data-e-type=\"container\">\n\t\t\t\t<div class=\"elementor-element elementor-element-6efad6c elementor-widget elementor-widget-text-editor\" data-id=\"6efad6c\" data-element_type=\"widget\" data-e-type=\"widget\" data-widget_type=\"text-editor.default\">\n\t\t\t\t<div class=\"elementor-widget-container\">\n\t\t\t\t\t\t\t\t\t<ul><li>Prof. Dr. Elisabeth Burr (University of Leipzig, member of the Executive Board 2012-2022)<\/li><li>Peter Gietz (DAASI International T\u00fcbingen, board member 2012-2023, 2012-2022 treasurer, 2022-2023 comm. Scholarships)<\/li><li>Prof. Dr. Evelyn Gius (Technische Universit\u00e4t Darmstadt, Vorstandsmitglied 2017-2026, 1. Vorsitzende 2022-2026, 2. Vorsitzende 2019-2022)<\/li><li>Prof. Dr. Jan Christoph Meister (University of Hamburg, Board member 2012-2017, Founding Chairman, 1st Chairman 2012-2015)<\/li><li>Prof. Dr. Claudine Moulin (University of Trier, Executive Board member 2012-2022, 1st Chairwoman 2015-2018)<\/li><li>Prof. Dr. Christof Sch\u00f6ch (Universit\u00e4t Trier, Vorstandsmitglied 2017-2025, 1. Vorsitzender 2018-2022, 2. Vorsitzender 2022-2025)<\/li><li>Prof. Dr. Thomas St\u00e4cker (University and State Library Darmstadt, Secretary 2012-2015, 2nd Chairman 2015-2019)<\/li><li>Prof. Dr. Michael Stolz (University of Bern, Board member 2012-2017)<\/li><li>Dr. Ngoc Duyen Tanja Tu (Leibniz-Institut f\u00fcr Deutsche Sprache, Vorstandsmitglied 2023-2026, Schriftf\u00fchrerin, DHd als Community of Practice, Koordination DHd-Mentoringprogramm)<\/li><li>Prof. Dr. Joachim Veit (Paderborn University, Board member 2012-2022 and Secretary 2015-2022)<\/li><li>Dr.-Ing. Lars Wieneke (Luxembourg Centre for Contemporary and Digital History, Universit\u00e4t Luxemburg, Vorstandsmitglied und Schriftf\u00fchrer 2022-2024)<\/li><\/ul>\t\t\t\t\t\t\t\t<\/div>\n\t\t\t\t<\/div>\n\t\t\t\t<\/div>\n\t\t\t\t\t<\/div>\n\t\t\t\t<\/div>\n\t\t<div class=\"elementor-element elementor-element-58fa3ca e-flex e-con-boxed e-con e-parent\" data-id=\"58fa3ca\" data-element_type=\"container\" data-e-type=\"container\">\n\t\t\t\t\t<div class=\"e-con-inner\">\n\t\t<div class=\"elementor-element elementor-element-43d8256 e-con-full e-flex e-con e-child\" data-id=\"43d8256\" data-element_type=\"container\" data-e-type=\"container\">\n\t\t\t\t<div class=\"elementor-element elementor-element-403fbf3 elementor-widget elementor-widget-heading\" data-id=\"403fbf3\" data-element_type=\"widget\" data-e-type=\"widget\" data-widget_type=\"heading.default\">\n\t\t\t\t<div class=\"elementor-widget-container\">\n\t\t\t\t\t<h2 class=\"elementor-heading-title elementor-size-default\">Former co-opted members:<\/h2>\t\t\t\t<\/div>\n\t\t\t\t<\/div>\n\t\t\t\t<\/div>\n\t\t<div class=\"elementor-element elementor-element-c4e099d e-con-full e-flex e-con e-child\" data-id=\"c4e099d\" data-element_type=\"container\" data-e-type=\"container\">\n\t\t\t\t<div class=\"elementor-element elementor-element-6831737 elementor-widget elementor-widget-text-editor\" data-id=\"6831737\" data-element_type=\"widget\" data-e-type=\"widget\" data-widget_type=\"text-editor.default\">\n\t\t\t\t<div class=\"elementor-widget-container\">\n\t\t\t\t\t\t\t\t\t<ul><li>Prof. Dr. Anne Baillot (Universit\u00e9 du Mans, Representative for Review Process and Expert Activities, 2016-2019)<\/li><li>Dr. Lisa Dieckmann (Kunsthistorisches Institut, Universit\u00e4t zu K\u00f6ln, DHd-Konferenz, 2017-2026)<\/li><li>Dr. Mareike K\u00f6nig (German Historical Institute Paris, Scholarships, 2019-2022)<\/li><li>Dr. Sarah Lang (Center for Information Modelling, University of Graz, Junior Researchers &amp; Scholarships, 2022-2023)<\/li><li>Prof. Dr. Malte Rehbein (University of Passau, conference coordinator, 2014-2018)<\/li><li>Prof. Dr. Christof Sch\u00f6ch (Universit\u00e4t Trier, 2016-2017)<\/li><li>Walter Scholger (Center for Information Modeling, University of Graz, OPR, 2019-2022)<\/li><li>Prof. Dr. Manfred Thaller (University of Cologne, 2012-2015)<\/li><li>Dr. Ngoc Duyen Tanja Tu (Leibniz-Institut f\u00fcr Deutsche Sprache, 2023-2025)<\/li><li>Dr.-Ing. Lars Wieneke (Luxembourg Centre for Contemporary and Digital History, Universit\u00e4t Luxemburg, 2019-2022)<\/li><\/ul>\t\t\t\t\t\t\t\t<\/div>\n\t\t\t\t<\/div>\n\t\t\t\t<\/div>\n\t\t\t\t\t<\/div>\n\t\t\t\t<\/div>\n\t\t\t\t<\/div>","protected":false},"excerpt":{"rendered":"<p>Vorstand Jun.-Prof. Dr. Rabea Kleymann Technische Universit\u00e4t Chemnitz, DHd-AGs, Vorstandsmitglied seit 2022 Dr. Sarah Lang Max Planck Institute for the History of Science, Nachwuchsf\u00f6rderung &amp; Stipendien, Vorstandsmitglied seit 2023 Dr. Jonas M\u00fcller-Laackman Staats- und Universit\u00e4tsbibliothek Hamburg, Diversity, seit 2025 Prof. Dr. Nils Reiter Universit\u00e4t zu K\u00f6ln, Communication &amp; Community, Vorstandsmitglied seit 2025 Mag. Walter Scholger [&hellip;]<\/p>\n","protected":false},"author":1,"featured_media":0,"parent":0,"menu_order":0,"comment_status":"closed","ping_status":"closed","template":"","meta":{"_acf_changed":false,"footnotes":""},"categories":[],"tags":[],"class_list":["post-1845","page","type-page","status-publish","hentry"],"acf":[],"_links":{"self":[{"href":"https:\/\/digitalhumanities.de\/en\/wp-json\/wp\/v2\/pages\/1845","targetHints":{"allow":["GET"]}}],"collection":[{"href":"https:\/\/digitalhumanities.de\/en\/wp-json\/wp\/v2\/pages"}],"about":[{"href":"https:\/\/digitalhumanities.de\/en\/wp-json\/wp\/v2\/types\/page"}],"author":[{"embeddable":true,"href":"https:\/\/digitalhumanities.de\/en\/wp-json\/wp\/v2\/users\/1"}],"replies":[{"embeddable":true,"href":"https:\/\/digitalhumanities.de\/en\/wp-json\/wp\/v2\/comments?post=1845"}],"version-history":[{"count":83,"href":"https:\/\/digitalhumanities.de\/en\/wp-json\/wp\/v2\/pages\/1845\/revisions"}],"predecessor-version":[{"id":5646,"href":"https:\/\/digitalhumanities.de\/en\/wp-json\/wp\/v2\/pages\/1845\/revisions\/5646"}],"wp:attachment":[{"href":"https:\/\/digitalhumanities.de\/en\/wp-json\/wp\/v2\/media?parent=1845"}],"wp:term":[{"taxonomy":"category","embeddable":true,"href":"https:\/\/digitalhumanities.de\/en\/wp-json\/wp\/v2\/categories?post=1845"},{"taxonomy":"post_tag","embeddable":true,"href":"https:\/\/digitalhumanities.de\/en\/wp-json\/wp\/v2\/tags?post=1845"}],"curies":[{"name":"wp","href":"https:\/\/api.w.org\/{rel}","templated":true}]}}