{"id":1826,"date":"2024-04-03T12:01:08","date_gmt":"2024-04-03T10:01:08","guid":{"rendered":"https:\/\/dig-hum.sjstudios.eu\/?page_id=1826"},"modified":"2024-04-22T15:56:58","modified_gmt":"2024-04-22T13:56:58","slug":"geschichte-dhd","status":"publish","type":"page","link":"https:\/\/digitalhumanities.de\/en\/geschichte-dhd\/","title":{"rendered":"History of DHd"},"content":{"rendered":"<div data-elementor-type=\"wp-page\" data-elementor-id=\"1826\" class=\"elementor elementor-1826\" data-elementor-post-type=\"page\">\n\t\t\t\t<div class=\"elementor-element elementor-element-d6388c1 e-flex e-con-boxed e-con e-parent\" data-id=\"d6388c1\" data-element_type=\"container\" data-e-type=\"container\">\n\t\t\t\t\t<div class=\"e-con-inner\">\n\t\t<div class=\"elementor-element elementor-element-f20dd60 e-con-full e-flex e-con e-child\" data-id=\"f20dd60\" data-element_type=\"container\" data-e-type=\"container\">\n\t\t\t\t<div class=\"elementor-element elementor-element-08a9b7e elementor-widget elementor-widget-heading\" data-id=\"08a9b7e\" data-element_type=\"widget\" data-e-type=\"widget\" data-widget_type=\"heading.default\">\n\t\t\t\t<div class=\"elementor-widget-container\">\n\t\t\t\t\t<h1 class=\"elementor-heading-title elementor-size-default\">History of the association<\/h1>\t\t\t\t<\/div>\n\t\t\t\t<\/div>\n\t\t\t\t<div class=\"elementor-element elementor-element-1e1ce2d elementor-widget elementor-widget-text-editor\" data-id=\"1e1ce2d\" data-element_type=\"widget\" data-e-type=\"widget\" data-widget_type=\"text-editor.default\">\n\t\t\t\t<div class=\"elementor-widget-container\">\n\t\t\t\t\t\t\t\t\t<p>The association DHd - \"Digital Humanities in German-speaking countries\" - was founded on July 17, 2012 at a founding conference at the University of Hamburg under the provisional name \"Digital Humanities Deutschland (DHD)\".<\/p><p>The founding chairs were Prof. Dr. Jan Christoph Meister (University of Hamburg, 1st Chair) and Prof. Dr. Claudine Moulin (University of Trier, 2nd Chair).<\/p><p>The official registration of the association under the name \"Digital Humanities im deutschsprachigen Raum e.V., Von-Melle-Park 6, 20146 Hamburg\" took place on August 20, 2013 at the Hamburg District Court, register sheet VR 21873.<\/p><p>The term of office of two of the elected members of the Board of Directors ended after two years in 2015 in accordance with Article 9.5 of our Articles of Association; that of the remaining five members of the Board of Directors ended after four years in 2017 in accordance with Article 9.2.<\/p>\t\t\t\t\t\t\t\t<\/div>\n\t\t\t\t<\/div>\n\t\t\t\t<\/div>\n\t\t<div class=\"elementor-element elementor-element-0a4078f e-con-full e-flex e-con e-child\" data-id=\"0a4078f\" data-element_type=\"container\" data-e-type=\"container\">\n\t\t\t\t<div class=\"elementor-element elementor-element-5fa1307 elementor-widget elementor-widget-image\" data-id=\"5fa1307\" data-element_type=\"widget\" data-e-type=\"widget\" data-widget_type=\"image.default\">\n\t\t\t\t<div class=\"elementor-widget-container\">\n\t\t\t\t\t\t\t\t\t\t\t\t\t\t\t<img fetchpriority=\"high\" decoding=\"async\" width=\"694\" height=\"521\" src=\"https:\/\/digitalhumanities.de\/wp-content\/uploads\/2024\/03\/Vorstand-DHd.jpg\" class=\"attachment-large size-large wp-image-1632\" alt=\"Vorstand DHd\" srcset=\"https:\/\/digitalhumanities.de\/wp-content\/uploads\/2024\/03\/Vorstand-DHd.jpg 694w, https:\/\/digitalhumanities.de\/wp-content\/uploads\/2024\/03\/Vorstand-DHd-300x225.jpg 300w, https:\/\/digitalhumanities.de\/wp-content\/uploads\/2024\/03\/Vorstand-DHd-16x12.jpg 16w\" sizes=\"(max-width: 694px) 100vw, 694px\" \/>\t\t\t\t\t\t\t\t\t\t\t\t\t\t\t<\/div>\n\t\t\t\t<\/div>\n\t\t\t\t<\/div>\n\t\t\t\t\t<\/div>\n\t\t\t\t<\/div>\n\t\t\t\t<\/div>","protected":false},"excerpt":{"rendered":"<p>Verbandsgeschichte Der Verband DHd &#8211; &#8222;Digital Humanities im deutschsprachigen Raum&#8220; &#8211; wurde am 17.07.2012 im Rahmen einer Gr\u00fcndungskonferenz an der Universit\u00e4t Hamburg unter dem vorl\u00e4ufigen Namen &#8222;Digital Humanities Deutschland (DHD)&#8220; ins Leben gerufen. Gr\u00fcndungsvorsitzende waren Prof. Dr. Jan Christoph Meister (Universit\u00e4t Hamburg, 1. Vorsitzender) und Prof. Dr. Claudine Moulin (Universit\u00e4t Trier, 2. Vorsitzende). Die offizielle [&hellip;]<\/p>\n","protected":false},"author":1,"featured_media":0,"parent":0,"menu_order":0,"comment_status":"closed","ping_status":"closed","template":"","meta":{"_acf_changed":false,"footnotes":""},"categories":[],"tags":[],"class_list":["post-1826","page","type-page","status-publish","hentry"],"acf":[],"_links":{"self":[{"href":"https:\/\/digitalhumanities.de\/en\/wp-json\/wp\/v2\/pages\/1826","targetHints":{"allow":["GET"]}}],"collection":[{"href":"https:\/\/digitalhumanities.de\/en\/wp-json\/wp\/v2\/pages"}],"about":[{"href":"https:\/\/digitalhumanities.de\/en\/wp-json\/wp\/v2\/types\/page"}],"author":[{"embeddable":true,"href":"https:\/\/digitalhumanities.de\/en\/wp-json\/wp\/v2\/users\/1"}],"replies":[{"embeddable":true,"href":"https:\/\/digitalhumanities.de\/en\/wp-json\/wp\/v2\/comments?post=1826"}],"version-history":[{"count":10,"href":"https:\/\/digitalhumanities.de\/en\/wp-json\/wp\/v2\/pages\/1826\/revisions"}],"predecessor-version":[{"id":2888,"href":"https:\/\/digitalhumanities.de\/en\/wp-json\/wp\/v2\/pages\/1826\/revisions\/2888"}],"wp:attachment":[{"href":"https:\/\/digitalhumanities.de\/en\/wp-json\/wp\/v2\/media?parent=1826"}],"wp:term":[{"taxonomy":"category","embeddable":true,"href":"https:\/\/digitalhumanities.de\/en\/wp-json\/wp\/v2\/categories?post=1826"},{"taxonomy":"post_tag","embeddable":true,"href":"https:\/\/digitalhumanities.de\/en\/wp-json\/wp\/v2\/tags?post=1826"}],"curies":[{"name":"wp","href":"https:\/\/api.w.org\/{rel}","templated":true}]}}