{"id":1821,"date":"2024-04-03T11:56:53","date_gmt":"2024-04-03T09:56:53","guid":{"rendered":"https:\/\/dig-hum.sjstudios.eu\/?page_id=1821"},"modified":"2024-05-24T14:38:46","modified_gmt":"2024-05-24T12:38:46","slug":"positionen-stellungnahmen","status":"publish","type":"page","link":"https:\/\/digitalhumanities.de\/en\/positionen-stellungnahmen\/","title":{"rendered":"Positions &amp; statements"},"content":{"rendered":"\t\t<div data-elementor-type=\"wp-page\" data-elementor-id=\"1821\" class=\"elementor elementor-1821\" data-elementor-post-type=\"page\">\n\t\t\t\t<div class=\"elementor-element elementor-element-3d52a33f e-flex e-con-boxed e-con e-parent\" data-id=\"3d52a33f\" data-element_type=\"container\" data-e-type=\"container\">\n\t\t\t\t\t<div class=\"e-con-inner\">\n\t\t\t\t<div class=\"elementor-element elementor-element-1473a18 elementor-widget__width-initial elementor-widget elementor-widget-heading\" data-id=\"1473a18\" data-element_type=\"widget\" data-e-type=\"widget\" data-widget_type=\"heading.default\">\n\t\t\t\t<div class=\"elementor-widget-container\">\n\t\t\t\t\t<h1 class=\"elementor-heading-title elementor-size-default\">Positionen &amp; Stellungnahmen<\/h1>\t\t\t\t<\/div>\n\t\t\t\t<\/div>\n\t\t\t\t<div class=\"elementor-element elementor-element-bb07333 elementor-grid-1 elementor-widget__width-initial elementor-widget-mobile__width-initial elementor-grid-tablet-2 elementor-grid-mobile-1 elementor-posts--thumbnail-top elementor-widget elementor-widget-posts\" data-id=\"bb07333\" data-element_type=\"widget\" data-e-type=\"widget\" data-settings=\"{&quot;classic_columns&quot;:&quot;1&quot;,&quot;pagination_type&quot;:&quot;numbers_and_prev_next&quot;,&quot;classic_columns_tablet&quot;:&quot;2&quot;,&quot;classic_columns_mobile&quot;:&quot;1&quot;,&quot;classic_row_gap&quot;:{&quot;unit&quot;:&quot;px&quot;,&quot;size&quot;:35,&quot;sizes&quot;:[]},&quot;classic_row_gap_tablet&quot;:{&quot;unit&quot;:&quot;px&quot;,&quot;size&quot;:&quot;&quot;,&quot;sizes&quot;:[]},&quot;classic_row_gap_mobile&quot;:{&quot;unit&quot;:&quot;px&quot;,&quot;size&quot;:&quot;&quot;,&quot;sizes&quot;:[]}}\" data-widget_type=\"posts.classic\">\n\t\t\t\t<div class=\"elementor-widget-container\">\n\t\t\t\t\t\t\t<div class=\"elementor-posts-container elementor-posts elementor-posts--skin-classic elementor-grid\">\n\t\t\t\t<article class=\"elementor-post elementor-grid-item post-2430 page type-page status-publish hentry category-stellungnahme\">\n\t\t\t\t<div class=\"elementor-post__text\">\n\t\t\t\t<h2 class=\"elementor-post__title\">\n\t\t\t<a href=\"https:\/\/digitalhumanities.de\/en\/dhd-stellungnahme-zum-entwurf-eines-gesetzes-zur-aenderung-des-befristungsrechts-fuer-die-wissenschaft-vom-juni-2023-03-07-2023\/\" >\n\t\t\t\tDHd-Stellungnahme zum Entwurf eines Gesetzes zur \u00c4nderung des Befristungsrechts f\u00fcr die Wissenschaft vom Juni 2023 (03.07.2023)\t\t\t<\/a>\n\t\t<\/h2>\n\t\t\t\t<div class=\"elementor-post__meta-data\">\n\t\t\t\t\t<span class=\"elementor-post-date\">\n\t\t\t17. April 2024\t\t<\/span>\n\t\t\t\t<\/div>\n\t\t\t\t<div class=\"elementor-post__excerpt\">\n\t\t\t<p>[Der DHd-Verband wurde am 14.06.2023 vom BMBF zur Abgabe einer Stellungnahme als Fachverband zum \u00fcberarbeiteten Entwurf des Wissenschaftszeitvertragsgesetztes (\u201cReferentenentwurf\u201d) bis zum 03.07.2023 aufgefordert. Am 03.07.2023 erhielt das BMBF die von den Vorsitzenden unterzeichnete Stellungnahme mit nachfolgendem Text] Pr\u00e4\u00e4mbel Der DHd-Verband hat im Juni 2021 eine Stellungnahme zur Befristungspraxis an deutschen<\/p>\n\t\t<\/div>\n\t\t\t\t\t<div class=\"elementor-post__read-more-wrapper\">\n\t\t\n\t\t<a class=\"elementor-post__read-more\" href=\"https:\/\/digitalhumanities.de\/en\/dhd-stellungnahme-zum-entwurf-eines-gesetzes-zur-aenderung-des-befristungsrechts-fuer-die-wissenschaft-vom-juni-2023-03-07-2023\/\" aria-label=\"Read more about DHd-Stellungnahme zum Entwurf eines Gesetzes zur \u00c4nderung des Befristungsrechts f\u00fcr die Wissenschaft vom Juni 2023 (03.07.2023)\" tabindex=\"-1\" >\n\t\t\tWeiterlesen \u00bb\t\t<\/a>\n\n\t\t\t\t\t<\/div>\n\t\t\t\t<\/div>\n\t\t\t\t<\/article>\n\t\t\t\t<article class=\"elementor-post elementor-grid-item post-2437 page type-page status-publish hentry category-stellungnahme\">\n\t\t\t\t<div class=\"elementor-post__text\">\n\t\t\t\t<h2 class=\"elementor-post__title\">\n\t\t\t<a href=\"https:\/\/digitalhumanities.de\/en\/stellungnahme-zur-befristungspraxis-an-hochschulen-und-ausseruniversitaeren-forschungseinrichtungen-in-deutschland\/\" >\n\t\t\t\tStellungnahme zur Befristungspraxis an Hochschulen und au\u00dferuniversit\u00e4ren Forschungseinrichtungen in Deutschland\t\t\t<\/a>\n\t\t<\/h2>\n\t\t\t\t<div class=\"elementor-post__meta-data\">\n\t\t\t\t\t<span class=\"elementor-post-date\">\n\t\t\t17. April 2024\t\t<\/span>\n\t\t\t\t<\/div>\n\t\t\t\t<div class=\"elementor-post__excerpt\">\n\t\t\t<p>Juni 2021 Pr\u00e4ambel Als Vorst\u00e4nde von Verb\u00e4nden, denen Wissenschaftler:innen auf befristeten ebenso wie auf unbefristeten Stellen angeh\u00f6ren, m\u00f6chten wir mit der vorliegenden Stellungnahme Position in der aktuellen Diskussion um das Wissenschaftszeitvertragsgesetz (WissZeitVG) in Deutschland beziehen. Die Situation in \u00d6sterreich, der Schweiz und Luxemburg ist zwar aktuell weniger im Fokus der<\/p>\n\t\t<\/div>\n\t\t\t\t\t<div class=\"elementor-post__read-more-wrapper\">\n\t\t\n\t\t<a class=\"elementor-post__read-more\" href=\"https:\/\/digitalhumanities.de\/en\/stellungnahme-zur-befristungspraxis-an-hochschulen-und-ausseruniversitaeren-forschungseinrichtungen-in-deutschland\/\" aria-label=\"Read more about Stellungnahme zur Befristungspraxis an Hochschulen und au\u00dferuniversit\u00e4ren Forschungseinrichtungen in Deutschland\" tabindex=\"-1\" >\n\t\t\tWeiterlesen \u00bb\t\t<\/a>\n\n\t\t\t\t\t<\/div>\n\t\t\t\t<\/div>\n\t\t\t\t<\/article>\n\t\t\t\t<article class=\"elementor-post elementor-grid-item post-2444 page type-page status-publish hentry category-stellungnahme\">\n\t\t\t\t<div class=\"elementor-post__text\">\n\t\t\t\t<h2 class=\"elementor-post__title\">\n\t\t\t<a href=\"https:\/\/digitalhumanities.de\/en\/dhd-stellungnahme-zur-wahlordnung-dfg-fachkollegienwahl-2019-15-januar-2018\/\" >\n\t\t\t\tDHd-Stellungnahme zur Wahlordnung DFG-Fachkollegienwahl 2019 (15. Januar 2018)\t\t\t<\/a>\n\t\t<\/h2>\n\t\t\t\t<div class=\"elementor-post__meta-data\">\n\t\t\t\t\t<span class=\"elementor-post-date\">\n\t\t\t17. April 2024\t\t<\/span>\n\t\t\t\t<\/div>\n\t\t\t\t<div class=\"elementor-post__excerpt\">\n\t\t\t<p>Der Verband Digital Humanities im deutschsprachigen Raum e.V. (DHd) schlie\u00dft sich den Einspr\u00fcchen gegen die neue Wahlordnung f\u00fcr die DFG-Fachkollegienwahl 2019 an. Die bereits von Seiten mehrerer Fachverb\u00e4nde ge\u00e4u\u00dferten Proteste gegen die am 26. September 2017 in Kraft getretene Wahlordnung f\u00fcr die Fachkollegienwahl 2019 sind Ausdruck der Sorge, dass die<\/p>\n\t\t<\/div>\n\t\t\t\t\t<div class=\"elementor-post__read-more-wrapper\">\n\t\t\n\t\t<a class=\"elementor-post__read-more\" href=\"https:\/\/digitalhumanities.de\/en\/dhd-stellungnahme-zur-wahlordnung-dfg-fachkollegienwahl-2019-15-januar-2018\/\" aria-label=\"Read more about DHd-Stellungnahme zur Wahlordnung DFG-Fachkollegienwahl 2019 (15. Januar 2018)\" tabindex=\"-1\" >\n\t\t\tWeiterlesen \u00bb\t\t<\/a>\n\n\t\t\t\t\t<\/div>\n\t\t\t\t<\/div>\n\t\t\t\t<\/article>\n\t\t\t\t<article class=\"elementor-post elementor-grid-item post-2450 page type-page status-publish hentry category-stellungnahme\">\n\t\t\t\t<div class=\"elementor-post__text\">\n\t\t\t\t<h2 class=\"elementor-post__title\">\n\t\t\t<a href=\"https:\/\/digitalhumanities.de\/en\/stellungnahme-des-verbandes-digital-humanities-im-deutschsprachigen-raum-dhd-zur-nationalen-forschungsdateninfrastruktur-nfdi\/\" >\n\t\t\t\tStellungnahme des Verbandes Digital Humanities im deutschsprachigen Raum (DHd) zur Nationalen Forschungsdateninfrastruktur (NFDI)\t\t\t<\/a>\n\t\t<\/h2>\n\t\t\t\t<div class=\"elementor-post__meta-data\">\n\t\t\t\t\t<span class=\"elementor-post-date\">\n\t\t\t17. April 2024\t\t<\/span>\n\t\t\t\t<\/div>\n\t\t\t\t<div class=\"elementor-post__excerpt\">\n\t\t\t<p>Dieses Papier basiert auf einer Stellungnahme der AG Datenzentren mit Erg\u00e4nzungen durch die AG Informatik der DHd vom 31. Juli 2017. Urspr\u00fcngliche Fassung vom 31. Juli. 2017, aktualisiert am 18. Januar 2018: PDF-Version zum Download Der Rat f\u00fcr Informationsinfrastrukturen (RfII) hat im vergangenen Jahr in seiner Publikation \u201cLeistung durch Vielfalt:<\/p>\n\t\t<\/div>\n\t\t\t\t\t<div class=\"elementor-post__read-more-wrapper\">\n\t\t\n\t\t<a class=\"elementor-post__read-more\" href=\"https:\/\/digitalhumanities.de\/en\/stellungnahme-des-verbandes-digital-humanities-im-deutschsprachigen-raum-dhd-zur-nationalen-forschungsdateninfrastruktur-nfdi\/\" aria-label=\"Read more about Stellungnahme des Verbandes Digital Humanities im deutschsprachigen Raum (DHd) zur Nationalen Forschungsdateninfrastruktur (NFDI)\" tabindex=\"-1\" >\n\t\t\tWeiterlesen \u00bb\t\t<\/a>\n\n\t\t\t\t\t<\/div>\n\t\t\t\t<\/div>\n\t\t\t\t<\/article>\n\t\t\t\t<article class=\"elementor-post elementor-grid-item post-2456 page type-page status-publish hentry category-stellungnahme\">\n\t\t\t\t<div class=\"elementor-post__text\">\n\t\t\t\t<h2 class=\"elementor-post__title\">\n\t\t\t<a href=\"https:\/\/digitalhumanities.de\/en\/digital-humanities-2020\/\" >\n\t\t\t\tDigital Humanities 2020\t\t\t<\/a>\n\t\t<\/h2>\n\t\t\t\t<div class=\"elementor-post__meta-data\">\n\t\t\t\t\t<span class=\"elementor-post-date\">\n\t\t\t17. April 2024\t\t<\/span>\n\t\t\t\t<\/div>\n\t\t\t\t<div class=\"elementor-post__excerpt\">\n\t\t\t<p>(Thesen, vorgelegt zur 1. Jahrestagung der DHd 2014 in Passau. Nachfolgend finden Sie die Kurzfassung der Thesen. Die ausf\u00fchrlichere, die einzelnen Thesen erl\u00e4uternde Fassung finden Sie hier.) 1. Die Digital Humanities 1.1 Die Digital Humanities bereichern die traditionellen Geisteswissenschaften konzeptionell und methodisch &#8211; ihre Werkzeuge und Verfahren erg\u00e4nzen das \u201cWie\u201d<\/p>\n\t\t<\/div>\n\t\t\t\t\t<div class=\"elementor-post__read-more-wrapper\">\n\t\t\n\t\t<a class=\"elementor-post__read-more\" href=\"https:\/\/digitalhumanities.de\/en\/digital-humanities-2020\/\" aria-label=\"Read more about Digital Humanities 2020\" tabindex=\"-1\" >\n\t\t\tWeiterlesen \u00bb\t\t<\/a>\n\n\t\t\t\t\t<\/div>\n\t\t\t\t<\/div>\n\t\t\t\t<\/article>\n\t\t\t\t<article class=\"elementor-post elementor-grid-item post-2481 page type-page status-publish hentry category-stellungnahme\">\n\t\t\t\t<div class=\"elementor-post__text\">\n\t\t\t\t<h2 class=\"elementor-post__title\">\n\t\t\t<a href=\"https:\/\/digitalhumanities.de\/en\/statement-on-the-war-in-ukraine\/\" >\n\t\t\t\tStatement on the war in Ukraine\t\t\t<\/a>\n\t\t<\/h2>\n\t\t\t\t<div class=\"elementor-post__meta-data\">\n\t\t\t\t\t<span class=\"elementor-post-date\">\n\t\t\t18. April 2024\t\t<\/span>\n\t\t\t\t<\/div>\n\t\t\t\t<div class=\"elementor-post__excerpt\">\n\t\t\t<p>Dear friends and colleagues, We are probably all following the news regarding the situation in Ukraine. This is happening not far from Kr\u00e1kow, Iasi, or Budapest where some of us and many of our colleagues and collaborators work and live. It is heartbreaking to see something like this can happen<\/p>\n\t\t<\/div>\n\t\t\t\t\t<div class=\"elementor-post__read-more-wrapper\">\n\t\t\n\t\t<a class=\"elementor-post__read-more\" href=\"https:\/\/digitalhumanities.de\/en\/statement-on-the-war-in-ukraine\/\" aria-label=\"Read more about Statement on the war in Ukraine\" tabindex=\"-1\" >\n\t\t\tWeiterlesen \u00bb\t\t<\/a>\n\n\t\t\t\t\t<\/div>\n\t\t\t\t<\/div>\n\t\t\t\t<\/article>\n\t\t\t\t<\/div>\n\t\t\n\t\t\t\t\t\t<\/div>\n\t\t\t\t<\/div>\n\t\t\t\t\t<\/div>\n\t\t\t\t<\/div>\n\t\t\t\t<\/div>\n\t\t","protected":false},"excerpt":{"rendered":"","protected":false},"author":1,"featured_media":0,"parent":0,"menu_order":0,"comment_status":"closed","ping_status":"closed","template":"","meta":{"_acf_changed":false,"footnotes":""},"categories":[],"tags":[],"class_list":["post-1821","page","type-page","status-publish","hentry"],"acf":[],"_links":{"self":[{"href":"https:\/\/digitalhumanities.de\/en\/wp-json\/wp\/v2\/pages\/1821","targetHints":{"allow":["GET"]}}],"collection":[{"href":"https:\/\/digitalhumanities.de\/en\/wp-json\/wp\/v2\/pages"}],"about":[{"href":"https:\/\/digitalhumanities.de\/en\/wp-json\/wp\/v2\/types\/page"}],"author":[{"embeddable":true,"href":"https:\/\/digitalhumanities.de\/en\/wp-json\/wp\/v2\/users\/1"}],"replies":[{"embeddable":true,"href":"https:\/\/digitalhumanities.de\/en\/wp-json\/wp\/v2\/comments?post=1821"}],"version-history":[{"count":31,"href":"https:\/\/digitalhumanities.de\/en\/wp-json\/wp\/v2\/pages\/1821\/revisions"}],"predecessor-version":[{"id":4132,"href":"https:\/\/digitalhumanities.de\/en\/wp-json\/wp\/v2\/pages\/1821\/revisions\/4132"}],"wp:attachment":[{"href":"https:\/\/digitalhumanities.de\/en\/wp-json\/wp\/v2\/media?parent=1821"}],"wp:term":[{"taxonomy":"category","embeddable":true,"href":"https:\/\/digitalhumanities.de\/en\/wp-json\/wp\/v2\/categories?post=1821"},{"taxonomy":"post_tag","embeddable":true,"href":"https:\/\/digitalhumanities.de\/en\/wp-json\/wp\/v2\/tags?post=1821"}],"curies":[{"name":"wp","href":"https:\/\/api.w.org\/{rel}","templated":true}]}}