{"id":1261,"date":"2024-03-06T13:42:46","date_gmt":"2024-03-06T12:42:46","guid":{"rendered":"https:\/\/dig-hum.sjstudios.eu\/?page_id=1261"},"modified":"2025-02-20T13:31:36","modified_gmt":"2025-02-20T12:31:36","slug":"projektanmeldung","status":"publish","type":"page","link":"https:\/\/digitalhumanities.de\/en\/projektanmeldung\/","title":{"rendered":"Projektanmeldung"},"content":{"rendered":"\t\t<div data-elementor-type=\"wp-page\" data-elementor-id=\"1261\" class=\"elementor elementor-1261\" data-elementor-post-type=\"page\">\n\t\t\t\t<div class=\"elementor-element elementor-element-4abdc02 e-flex e-con-boxed e-con e-parent\" data-id=\"4abdc02\" data-element_type=\"container\" data-e-type=\"container\">\n\t\t\t\t\t<div class=\"e-con-inner\">\n\t\t<div class=\"elementor-element elementor-element-82c9f50 e-con-full e-flex e-con e-child\" data-id=\"82c9f50\" data-element_type=\"container\" data-e-type=\"container\" data-settings=\"{&quot;background_background&quot;:&quot;classic&quot;}\">\n\t\t\t\t<\/div>\n\t\t<div class=\"elementor-element elementor-element-bf2e30b e-flex e-con-boxed e-con e-child\" data-id=\"bf2e30b\" data-element_type=\"container\" data-e-type=\"container\" data-settings=\"{&quot;background_background&quot;:&quot;classic&quot;}\">\n\t\t\t\t\t<div class=\"e-con-inner\">\n\t\t<div class=\"elementor-element elementor-element-4883638 e-con-full e-flex e-con e-child\" data-id=\"4883638\" data-element_type=\"container\" data-e-type=\"container\" data-settings=\"{&quot;background_background&quot;:&quot;classic&quot;}\">\n\t\t\t\t<div class=\"elementor-element elementor-element-a2cae26 elementor-widget elementor-widget-heading\" data-id=\"a2cae26\" data-element_type=\"widget\" data-e-type=\"widget\" data-widget_type=\"heading.default\">\n\t\t\t\t<div class=\"elementor-widget-container\">\n\t\t\t\t\t<h1 class=\"elementor-heading-title elementor-size-default\">Ihr DH-Projekt<\/h1>\t\t\t\t<\/div>\n\t\t\t\t<\/div>\n\t\t\t\t<\/div>\n\t\t\t\t\t<\/div>\n\t\t\t\t<\/div>\n\t\t<div class=\"elementor-element elementor-element-cc7591f e-flex e-con-boxed e-con e-child\" data-id=\"cc7591f\" data-element_type=\"container\" data-e-type=\"container\">\n\t\t\t\t\t<div class=\"e-con-inner\">\n\t\t<div class=\"elementor-element elementor-element-f95d770 e-con-full e-flex e-con e-child\" data-id=\"f95d770\" data-element_type=\"container\" data-e-type=\"container\">\n\t\t\t\t<div class=\"elementor-element elementor-element-255e03c elementor-widget elementor-widget-text-editor\" data-id=\"255e03c\" data-element_type=\"widget\" data-e-type=\"widget\" data-widget_type=\"text-editor.default\">\n\t\t\t\t<div class=\"elementor-widget-container\">\n\t\t\t\t\t\t\t\t\t<p>Wenn Sie Ihr DH-Forschungsprojekt zu dem Projektschaufenster hinzuf\u00fcgen m\u00f6chten, senden Sie uns bitte eine kurze Projektbeschreibung.\u2028\u00a0\u2028Die Projekt-Einreichung erfolgt ausschlie\u00dflich \u00fcber das Webformular. \u00a0Sie besteht aus folgenden Komponenten:<\/p><p>1). Projektdaten: Bitte geben Sie in den vordefinierten Feldern die Eckdaten ein.<\/p><p>2). Kurzbeschreibung des Projekts (max. 100 Worte)<\/p><p>3). Max. 1 Grafik, Logo oder sonstige Visualisierung (als jpg-Datei, optimale Gr\u00f6\u00dfe: 700 x 400 px)<\/p>\t\t\t\t\t\t\t\t<\/div>\n\t\t\t\t<\/div>\n\t\t\t\t<\/div>\n\t\t<div class=\"elementor-element elementor-element-ac17c69 e-con-full e-flex e-con e-child\" data-id=\"ac17c69\" data-element_type=\"container\" data-e-type=\"container\" data-settings=\"{&quot;background_background&quot;:&quot;classic&quot;}\">\n\t\t\t\t<div class=\"elementor-element elementor-element-29b6570 elementor-widget elementor-widget-heading\" data-id=\"29b6570\" data-element_type=\"widget\" data-e-type=\"widget\" data-widget_type=\"heading.default\">\n\t\t\t\t<div class=\"elementor-widget-container\">\n\t\t\t\t\t<span class=\"elementor-heading-title elementor-size-default\">Fragen zur Projektanmeldung?<\/span>\t\t\t\t<\/div>\n\t\t\t\t<\/div>\n\t\t\t\t<div class=\"elementor-element elementor-element-a21b454 elementor-widget elementor-widget-text-editor\" data-id=\"a21b454\" data-element_type=\"widget\" data-e-type=\"widget\" data-widget_type=\"text-editor.default\">\n\t\t\t\t<div class=\"elementor-widget-container\">\n\t\t\t\t\t\t\t\t\t<p><strong>Kontakt<\/strong><\/p><p>Ihre Ansprechpartnerin: Frau Vivien Wolter (DHd-Communication Fellow)<br \/>Email: <a href=\"mailto:info@dig-hum.de\">info@digitalhumanities.de<\/a><\/p>\t\t\t\t\t\t\t\t<\/div>\n\t\t\t\t<\/div>\n\t\t\t\t<\/div>\n\t\t\t\t\t<\/div>\n\t\t\t\t<\/div>\n\t\t<div class=\"elementor-element elementor-element-cdc3a6d e-flex e-con-boxed e-con e-child\" data-id=\"cdc3a6d\" data-element_type=\"container\" data-e-type=\"container\">\n\t\t\t\t\t<div class=\"e-con-inner\">\n\t\t\t\t<div class=\"elementor-element elementor-element-5ec8b9c elementor-widget elementor-widget-heading\" data-id=\"5ec8b9c\" data-element_type=\"widget\" data-e-type=\"widget\" data-widget_type=\"heading.default\">\n\t\t\t\t<div class=\"elementor-widget-container\">\n\t\t\t\t\t<h2 class=\"elementor-heading-title elementor-size-default\">Projektformular<\/h2>\t\t\t\t<\/div>\n\t\t\t\t<\/div>\n\t\t\t\t<div class=\"elementor-element elementor-element-3d3d215 elementor-button-align-stretch elementor-widget elementor-widget-form\" data-id=\"3d3d215\" data-element_type=\"widget\" data-e-type=\"widget\" data-settings=\"{&quot;step_next_label&quot;:&quot;Weiter&quot;,&quot;step_previous_label&quot;:&quot;Zur\\u00fcck&quot;,&quot;button_width&quot;:&quot;100&quot;,&quot;step_type&quot;:&quot;number_text&quot;,&quot;step_icon_shape&quot;:&quot;circle&quot;}\" data-widget_type=\"form.default\">\n\t\t\t\t<div class=\"elementor-widget-container\">\n\t\t\t\t\t\t\t<form class=\"elementor-form\" method=\"post\" name=\"Projektformular\">\n\t\t\t<input type=\"hidden\" name=\"post_id\" value=\"1261\"\/>\n\t\t\t<input type=\"hidden\" name=\"form_id\" value=\"3d3d215\"\/>\n\t\t\t<input type=\"hidden\" name=\"referer_title\" value=\"Projektanmeldung\" \/>\n\n\t\t\t\t\t\t\t<input type=\"hidden\" name=\"queried_id\" value=\"1261\"\/>\n\t\t\t\n\t\t\t<div class=\"elementor-form-fields-wrapper elementor-labels-above\">\n\t\t\t\t\t\t\t\t<div class=\"elementor-field-type-step elementor-field-group elementor-column elementor-field-group-field_38d9563 elementor-col-100\">\n\t\t\t\t\t\t\t<div class=\"e-field-step elementor-hidden\" data-label=\"Allgemeine Infos\" data-previousButton=\"\" data-nextButton=\"\" data-iconUrl=\"\" data-iconLibrary=\"fas fa-star\" data-icon=\"&lt;svg class=&quot;e-font-icon-svg e-fas-star&quot; viewBox=&quot;0 0 576 512&quot; xmlns=&quot;http:\/\/www.w3.org\/2000\/svg&quot;&gt;&lt;path d=&quot;M259.3 17.8L194 150.2 47.9 171.5c-26.2 3.8-36.7 36.1-17.7 54.6l105.7 103-25 145.5c-4.5 26.3 23.2 46 46.4 33.7L288 439.6l130.7 68.7c23.2 12.2 50.9-7.4 46.4-33.7l-25-145.5 105.7-103c19-18.5 8.5-50.8-17.7-54.6L382 150.2 316.7 17.8c-11.7-23.6-45.6-23.9-57.4 0z&quot;&gt;&lt;\/path&gt;&lt;\/svg&gt;\" ><\/div>\n\n\t\t\t\t\t\t<\/div>\n\t\t\t\t\t\t\t\t<div class=\"elementor-field-type-text elementor-field-group elementor-column elementor-field-group-name elementor-col-50 elementor-field-required elementor-mark-required\">\n\t\t\t\t\t\t\t\t\t\t\t\t<label for=\"form-field-name\" class=\"elementor-field-label\">\n\t\t\t\t\t\t\t\tName\t\t\t\t\t\t\t<\/label>\n\t\t\t\t\t\t\t\t\t\t\t\t\t\t<input size=\"1\" type=\"text\" name=\"form_fields[name]\" id=\"form-field-name\" class=\"elementor-field elementor-size-md  elementor-field-textual\" required=\"required\">\n\t\t\t\t\t\t\t\t\t\t\t<\/div>\n\t\t\t\t\t\t\t\t<div class=\"elementor-field-type-email elementor-field-group elementor-column elementor-field-group-email elementor-col-50 elementor-field-required elementor-mark-required\">\n\t\t\t\t\t\t\t\t\t\t\t\t<label for=\"form-field-email\" class=\"elementor-field-label\">\n\t\t\t\t\t\t\t\tE-Mail \t\t\t\t\t\t\t<\/label>\n\t\t\t\t\t\t\t\t\t\t\t\t\t\t<input size=\"1\" type=\"email\" name=\"form_fields[email]\" id=\"form-field-email\" class=\"elementor-field elementor-size-md  elementor-field-textual\" required=\"required\">\n\t\t\t\t\t\t\t\t\t\t\t<\/div>\n\t\t\t\t\t\t\t\t<div class=\"elementor-field-type-text elementor-field-group elementor-column elementor-field-group-field_af9bb2d elementor-col-50 elementor-field-required elementor-mark-required\">\n\t\t\t\t\t\t\t\t\t\t\t\t<label for=\"form-field-field_af9bb2d\" class=\"elementor-field-label\">\n\t\t\t\t\t\t\t\tUniversit\u00e4t\/Hochschule\/Organisation\t\t\t\t\t\t\t<\/label>\n\t\t\t\t\t\t\t\t\t\t\t\t\t\t<input size=\"1\" type=\"text\" name=\"form_fields[field_af9bb2d]\" id=\"form-field-field_af9bb2d\" class=\"elementor-field elementor-size-md  elementor-field-textual\" required=\"required\">\n\t\t\t\t\t\t\t\t\t\t\t<\/div>\n\t\t\t\t\t\t\t\t<div class=\"elementor-field-type-text elementor-field-group elementor-column elementor-field-group-field_e220308 elementor-col-50 elementor-field-required elementor-mark-required\">\n\t\t\t\t\t\t\t\t\t\t\t\t<label for=\"form-field-field_e220308\" class=\"elementor-field-label\">\n\t\t\t\t\t\t\t\tProjektname\t\t\t\t\t\t\t<\/label>\n\t\t\t\t\t\t\t\t\t\t\t\t\t\t<input size=\"1\" type=\"text\" name=\"form_fields[field_e220308]\" id=\"form-field-field_e220308\" class=\"elementor-field elementor-size-md  elementor-field-textual\" required=\"required\">\n\t\t\t\t\t\t\t\t\t\t\t<\/div>\n\t\t\t\t\t\t\t\t<div class=\"elementor-field-type-text elementor-field-group elementor-column elementor-field-group-field_782bc80 elementor-col-50\">\n\t\t\t\t\t\t\t\t\t\t\t\t<label for=\"form-field-field_782bc80\" class=\"elementor-field-label\">\n\t\t\t\t\t\t\t\tStatus\t\t\t\t\t\t\t<\/label>\n\t\t\t\t\t\t\t\t\t\t\t\t\t\t<input size=\"1\" type=\"text\" name=\"form_fields[field_782bc80]\" id=\"form-field-field_782bc80\" class=\"elementor-field elementor-size-md  elementor-field-textual\">\n\t\t\t\t\t\t\t\t\t\t\t<\/div>\n\t\t\t\t\t\t\t\t<div class=\"elementor-field-type-text elementor-field-group elementor-column elementor-field-group-field_96bbf96 elementor-col-50\">\n\t\t\t\t\t\t\t\t\t\t\t\t<label for=\"form-field-field_96bbf96\" class=\"elementor-field-label\">\n\t\t\t\t\t\t\t\tLink zur Projektwebsite\t\t\t\t\t\t\t<\/label>\n\t\t\t\t\t\t\t\t\t\t\t\t\t\t<input size=\"1\" type=\"text\" name=\"form_fields[field_96bbf96]\" id=\"form-field-field_96bbf96\" class=\"elementor-field elementor-size-md  elementor-field-textual\">\n\t\t\t\t\t\t\t\t\t\t\t<\/div>\n\t\t\t\t\t\t\t\t<div class=\"elementor-field-type-step elementor-field-group elementor-column elementor-field-group-field_9c0645f elementor-col-100\">\n\t\t\t\t\t\t\t<div class=\"e-field-step elementor-hidden\" data-label=\"Projektinhalt\" data-previousButton=\"\" data-nextButton=\"\" data-iconUrl=\"\" data-iconLibrary=\"fas fa-star\" data-icon=\"&lt;svg class=&quot;e-font-icon-svg e-fas-star&quot; viewBox=&quot;0 0 576 512&quot; xmlns=&quot;http:\/\/www.w3.org\/2000\/svg&quot;&gt;&lt;path d=&quot;M259.3 17.8L194 150.2 47.9 171.5c-26.2 3.8-36.7 36.1-17.7 54.6l105.7 103-25 145.5c-4.5 26.3 23.2 46 46.4 33.7L288 439.6l130.7 68.7c23.2 12.2 50.9-7.4 46.4-33.7l-25-145.5 105.7-103c19-18.5 8.5-50.8-17.7-54.6L382 150.2 316.7 17.8c-11.7-23.6-45.6-23.9-57.4 0z&quot;&gt;&lt;\/path&gt;&lt;\/svg&gt;\" ><\/div>\n\n\t\t\t\t\t\t<\/div>\n\t\t\t\t\t\t\t\t<div class=\"elementor-field-type-textarea elementor-field-group elementor-column elementor-field-group-field_bf15fa0 elementor-col-100 elementor-field-required elementor-mark-required\">\n\t\t\t\t\t\t\t\t\t\t\t\t<label for=\"form-field-field_bf15fa0\" class=\"elementor-field-label\">\n\t\t\t\t\t\t\t\tKurzbeschreibung des Projektes (max. 100 W\u00f6rte) \t\t\t\t\t\t\t<\/label>\n\t\t\t\t\t\t<textarea class=\"elementor-field-textual elementor-field  elementor-size-md\" name=\"form_fields[field_bf15fa0]\" id=\"form-field-field_bf15fa0\" rows=\"4\" required=\"required\"><\/textarea>\t\t\t\t<\/div>\n\t\t\t\t\t\t\t\t<div class=\"elementor-field-type-upload elementor-field-group elementor-column elementor-field-group-field_fc141ac elementor-col-100 elementor-field-required elementor-mark-required\">\n\t\t\t\t\t\t\t\t\t\t\t\t<label for=\"form-field-field_fc141ac\" class=\"elementor-field-label\">\n\t\t\t\t\t\t\t\tGrafik\/Abbildung hochladen \t\t\t\t\t\t\t<\/label>\n\t\t\t\t\t\t\t\t<input type=\"file\" name=\"form_fields[field_fc141ac]\" id=\"form-field-field_fc141ac\" class=\"elementor-field elementor-size-md  elementor-upload-field\" required=\"required\" data-maxsize=\"5\" data-maxsize-message=\"This file exceeds the maximum allowed size.\">\n\n\t\t\t\t\t\t<\/div>\n\t\t\t\t\t\t\t\t<div class=\"elementor-field-type-html elementor-field-group elementor-column elementor-field-group-field_95a3858 elementor-col-100\">\n\t\t\t\t\t<span style= \"font-size:14px\">Max. 1 Grafik, Logo oder sonstige Visualisierung (als jpg-Datei, optimale Gr\u00f6\u00dfe: 700 x 400 px)  (max. Dateigr\u00f6\u00dfe 5MB). <\/span>\t\t\t\t<\/div>\n\t\t\t\t\t\t\t\t<div class=\"elementor-field-type-textarea elementor-field-group elementor-column elementor-field-group-field_3d45522 elementor-col-100 elementor-field-required elementor-mark-required\">\n\t\t\t\t\t\t\t\t\t\t\t\t<label for=\"form-field-field_3d45522\" class=\"elementor-field-label\">\n\t\t\t\t\t\t\t\tProjektinhalt (max. 400 W\u00f6rte)\t\t\t\t\t\t\t<\/label>\n\t\t\t\t\t\t<textarea class=\"elementor-field-textual elementor-field  elementor-size-md\" name=\"form_fields[field_3d45522]\" id=\"form-field-field_3d45522\" rows=\"4\" required=\"required\"><\/textarea>\t\t\t\t<\/div>\n\t\t\t\t\t\t\t\t<div class=\"elementor-field-type-step elementor-field-group elementor-column elementor-field-group-field_12b18f4 elementor-col-100\">\n\t\t\t\t\t\t\t<div class=\"e-field-step elementor-hidden\" data-label=\"Weitere Infos\" data-previousButton=\"\" data-nextButton=\"\" data-iconUrl=\"\" data-iconLibrary=\"fas fa-star\" data-icon=\"&lt;svg class=&quot;e-font-icon-svg e-fas-star&quot; viewBox=&quot;0 0 576 512&quot; xmlns=&quot;http:\/\/www.w3.org\/2000\/svg&quot;&gt;&lt;path d=&quot;M259.3 17.8L194 150.2 47.9 171.5c-26.2 3.8-36.7 36.1-17.7 54.6l105.7 103-25 145.5c-4.5 26.3 23.2 46 46.4 33.7L288 439.6l130.7 68.7c23.2 12.2 50.9-7.4 46.4-33.7l-25-145.5 105.7-103c19-18.5 8.5-50.8-17.7-54.6L382 150.2 316.7 17.8c-11.7-23.6-45.6-23.9-57.4 0z&quot;&gt;&lt;\/path&gt;&lt;\/svg&gt;\" ><\/div>\n\n\t\t\t\t\t\t<\/div>\n\t\t\t\t\t\t\t\t<div class=\"elementor-field-type-text elementor-field-group elementor-column elementor-field-group-field_5c15a90 elementor-col-50 elementor-field-required elementor-mark-required\">\n\t\t\t\t\t\t\t\t\t\t\t\t<label for=\"form-field-field_5c15a90\" class=\"elementor-field-label\">\n\t\t\t\t\t\t\t\tFachliche Zuordnung\t\t\t\t\t\t\t<\/label>\n\t\t\t\t\t\t\t\t\t\t\t\t\t\t<input size=\"1\" type=\"text\" name=\"form_fields[field_5c15a90]\" id=\"form-field-field_5c15a90\" class=\"elementor-field elementor-size-md  elementor-field-textual\" required=\"required\">\n\t\t\t\t\t\t\t\t\t\t\t<\/div>\n\t\t\t\t\t\t\t\t<div class=\"elementor-field-type-text elementor-field-group elementor-column elementor-field-group-field_4da6843 elementor-col-50 elementor-field-required elementor-mark-required\">\n\t\t\t\t\t\t\t\t\t\t\t\t<label for=\"form-field-field_4da6843\" class=\"elementor-field-label\">\n\t\t\t\t\t\t\t\tProjektmitarbeiter:innen\t\t\t\t\t\t\t<\/label>\n\t\t\t\t\t\t\t\t\t\t\t\t\t\t<input size=\"1\" type=\"text\" name=\"form_fields[field_4da6843]\" id=\"form-field-field_4da6843\" class=\"elementor-field elementor-size-md  elementor-field-textual\" required=\"required\">\n\t\t\t\t\t\t\t\t\t\t\t<\/div>\n\t\t\t\t\t\t\t\t<div class=\"elementor-field-type-checkbox elementor-field-group elementor-column elementor-field-group-field_453ff43 elementor-col-100\">\n\t\t\t\t\t\t\t\t\t\t\t\t<label for=\"form-field-field_453ff43\" class=\"elementor-field-label\">\n\t\t\t\t\t\t\t\tProjekt Kategorie (bitte ausw\u00e4hlen)\t\t\t\t\t\t\t<\/label>\n\t\t\t\t\t\t<div class=\"elementor-field-subgroup  elementor-subgroup-inline\"><span class=\"elementor-field-option\"><input type=\"checkbox\" value=\"Annotationstool\" id=\"form-field-field_453ff43-0\" name=\"form_fields[field_453ff43][]\"> <label for=\"form-field-field_453ff43-0\">Annotationstool<\/label><\/span><span class=\"elementor-field-option\"><input type=\"checkbox\" value=\"Graphiktool\" id=\"form-field-field_453ff43-1\" name=\"form_fields[field_453ff43][]\"> <label for=\"form-field-field_453ff43-1\">Graphiktool<\/label><\/span><span class=\"elementor-field-option\"><input type=\"checkbox\" value=\"DH-Zentrum\" id=\"form-field-field_453ff43-2\" name=\"form_fields[field_453ff43][]\"> <label for=\"form-field-field_453ff43-2\">DH-Zentrum<\/label><\/span><span class=\"elementor-field-option\"><input type=\"checkbox\" value=\"Sozialer Verband\" id=\"form-field-field_453ff43-3\" name=\"form_fields[field_453ff43][]\"> <label for=\"form-field-field_453ff43-3\">Sozialer Verband<\/label><\/span><span class=\"elementor-field-option\"><input type=\"checkbox\" value=\"Digitales Archiv\" id=\"form-field-field_453ff43-4\" name=\"form_fields[field_453ff43][]\"> <label for=\"form-field-field_453ff43-4\">Digitales Archiv<\/label><\/span><span class=\"elementor-field-option\"><input type=\"checkbox\" value=\"Filmanalysetool\" id=\"form-field-field_453ff43-5\" name=\"form_fields[field_453ff43][]\"> <label for=\"form-field-field_453ff43-5\">Filmanalysetool<\/label><\/span><span class=\"elementor-field-option\"><input type=\"checkbox\" value=\"Bilderdatenbank\" id=\"form-field-field_453ff43-6\" name=\"form_fields[field_453ff43][]\"> <label for=\"form-field-field_453ff43-6\">Bilderdatenbank<\/label><\/span><span class=\"elementor-field-option\"><input type=\"checkbox\" value=\"Soziale Plattform\" id=\"form-field-field_453ff43-7\" name=\"form_fields[field_453ff43][]\"> <label for=\"form-field-field_453ff43-7\">Soziale Plattform<\/label><\/span><span class=\"elementor-field-option\"><input type=\"checkbox\" value=\"Machine Learning\" id=\"form-field-field_453ff43-8\" name=\"form_fields[field_453ff43][]\"> <label for=\"form-field-field_453ff43-8\">Machine Learning<\/label><\/span><span class=\"elementor-field-option\"><input type=\"checkbox\" value=\"Textdatenbank\" id=\"form-field-field_453ff43-9\" name=\"form_fields[field_453ff43][]\"> <label for=\"form-field-field_453ff43-9\">Textdatenbank<\/label><\/span><span class=\"elementor-field-option\"><input type=\"checkbox\" value=\"Bildanalysetool\" id=\"form-field-field_453ff43-10\" name=\"form_fields[field_453ff43][]\"> <label for=\"form-field-field_453ff43-10\">Bildanalysetool<\/label><\/span><span class=\"elementor-field-option\"><input type=\"checkbox\" value=\"Korpus\" id=\"form-field-field_453ff43-11\" name=\"form_fields[field_453ff43][]\"> <label for=\"form-field-field_453ff43-11\">Korpus<\/label><\/span><span class=\"elementor-field-option\"><input type=\"checkbox\" value=\"Digitale Edition\" id=\"form-field-field_453ff43-12\" name=\"form_fields[field_453ff43][]\"> <label for=\"form-field-field_453ff43-12\">Digitale Edition<\/label><\/span><span class=\"elementor-field-option\"><input type=\"checkbox\" value=\"Textanalysetool\" id=\"form-field-field_453ff43-13\" name=\"form_fields[field_453ff43][]\"> <label for=\"form-field-field_453ff43-13\">Textanalysetool<\/label><\/span><\/div>\t\t\t\t<\/div>\n\t\t\t\t\t\t\t\t<div class=\"elementor-field-type-text elementor-field-group elementor-column elementor-field-group-field_ac76702 elementor-col-50\">\n\t\t\t\t\t\t\t\t\t\t\t\t<label for=\"form-field-field_ac76702\" class=\"elementor-field-label\">\n\t\t\t\t\t\t\t\tGef\u00f6rdert durch\t\t\t\t\t\t\t<\/label>\n\t\t\t\t\t\t\t\t\t\t\t\t\t\t<input size=\"1\" type=\"text\" name=\"form_fields[field_ac76702]\" id=\"form-field-field_ac76702\" class=\"elementor-field elementor-size-md  elementor-field-textual\">\n\t\t\t\t\t\t\t\t\t\t\t<\/div>\n\t\t\t\t\t\t\t\t<div class=\"elementor-field-type-text elementor-field-group elementor-column elementor-field-group-field_540a2d9 elementor-col-50 elementor-field-required elementor-mark-required\">\n\t\t\t\t\t\t\t\t\t\t\t\t<label for=\"form-field-field_540a2d9\" class=\"elementor-field-label\">\n\t\t\t\t\t\t\t\tTelefon\t\t\t\t\t\t\t<\/label>\n\t\t\t\t\t\t\t\t\t\t\t\t\t\t<input size=\"1\" type=\"text\" name=\"form_fields[field_540a2d9]\" id=\"form-field-field_540a2d9\" class=\"elementor-field elementor-size-md  elementor-field-textual\" required=\"required\">\n\t\t\t\t\t\t\t\t\t\t\t<\/div>\n\t\t\t\t\t\t\t\t<div class=\"elementor-field-type-date elementor-field-group elementor-column elementor-field-group-field_bd67ff3 elementor-col-50 elementor-field-required elementor-mark-required\">\n\t\t\t\t\t\t\t\t\t\t\t\t<label for=\"form-field-field_bd67ff3\" class=\"elementor-field-label\">\n\t\t\t\t\t\t\t\tProjektstartdatum\t\t\t\t\t\t\t<\/label>\n\t\t\t\t\t\t\n\t\t<input type=\"date\" name=\"form_fields[field_bd67ff3]\" id=\"form-field-field_bd67ff3\" class=\"elementor-field elementor-size-md  elementor-field-textual elementor-date-field\" required=\"required\" pattern=\"[0-9]{4}-[0-9]{2}-[0-9]{2}\">\n\t\t\t\t\t\t<\/div>\n\t\t\t\t\t\t\t\t<div class=\"elementor-field-type-date elementor-field-group elementor-column elementor-field-group-field_33d5dbf elementor-col-50\">\n\t\t\t\t\t\t\t\t\t\t\t\t<label for=\"form-field-field_33d5dbf\" class=\"elementor-field-label\">\n\t\t\t\t\t\t\t\tProjektende\t\t\t\t\t\t\t<\/label>\n\t\t\t\t\t\t\n\t\t<input type=\"date\" name=\"form_fields[field_33d5dbf]\" id=\"form-field-field_33d5dbf\" class=\"elementor-field elementor-size-md  elementor-field-textual elementor-date-field\" pattern=\"[0-9]{4}-[0-9]{2}-[0-9]{2}\">\n\t\t\t\t\t\t<\/div>\n\t\t\t\t\t\t\t\t<div class=\"elementor-field-type-acceptance elementor-field-group elementor-column elementor-field-group-field_821b9dc elementor-col-100 elementor-field-required elementor-mark-required\">\n\t\t\t\t\t\t\t<div class=\"elementor-field-subgroup\">\n\t\t\t<span class=\"elementor-field-option\">\n\t\t\t\t<input type=\"checkbox\" name=\"form_fields[field_821b9dc]\" id=\"form-field-field_821b9dc\" class=\"elementor-field elementor-size-md  elementor-acceptance-field\" required=\"required\">\n\t\t\t\t<label for=\"form-field-field_821b9dc\">Ich habe die Datenschutzerkl\u00e4rung zur Kenntnis genommen. Ich stimme zu, dass meine Angaben und Daten zur Beantwortung meiner Anfrage elektronisch erhoben und gespeichert werden.<\/label>\t\t\t<\/span>\n\t\t<\/div>\n\t\t\t\t\t\t<\/div>\n\t\t\t\t\t\t\t\t<div class=\"elementor-field-group elementor-column elementor-field-type-submit elementor-col-100 e-form__buttons\">\n\t\t\t\t\t<button class=\"elementor-button elementor-size-sm\" type=\"submit\">\n\t\t\t\t\t\t<span class=\"elementor-button-content-wrapper\">\n\t\t\t\t\t\t\t\t\t\t\t\t\t\t\t\t\t\t\t\t\t\t<span class=\"elementor-button-text\">Senden<\/span>\n\t\t\t\t\t\t\t\t\t\t\t\t\t<\/span>\n\t\t\t\t\t<\/button>\n\t\t\t\t<\/div>\n\t\t\t<\/div>\n\t\t<\/form>\n\t\t\t\t\t\t<\/div>\n\t\t\t\t<\/div>\n\t\t\t\t\t<\/div>\n\t\t\t\t<\/div>\n\t\t\t\t\t<\/div>\n\t\t\t\t<\/div>\n\t\t\t\t<\/div>\n\t\t","protected":false},"excerpt":{"rendered":"<p>Ihr DH-Projekt Wenn Sie Ihr DH-Forschungsprojekt zu dem Projektschaufenster hinzuf\u00fcgen m\u00f6chten, senden Sie uns bitte eine kurze Projektbeschreibung.\u2028\u00a0\u2028Die Projekt-Einreichung erfolgt ausschlie\u00dflich \u00fcber das Webformular. \u00a0Sie besteht aus folgenden Komponenten: 1). Projektdaten: Bitte geben Sie in den vordefinierten Feldern die Eckdaten ein. 2). Kurzbeschreibung des Projekts (max. 100 Worte) 3). Max. 1 Grafik, Logo oder sonstige [&hellip;]<\/p>\n","protected":false},"author":1,"featured_media":0,"parent":0,"menu_order":0,"comment_status":"closed","ping_status":"closed","template":"","meta":{"_acf_changed":false,"footnotes":""},"categories":[],"tags":[],"class_list":["post-1261","page","type-page","status-publish","hentry"],"acf":[],"_links":{"self":[{"href":"https:\/\/digitalhumanities.de\/en\/wp-json\/wp\/v2\/pages\/1261","targetHints":{"allow":["GET"]}}],"collection":[{"href":"https:\/\/digitalhumanities.de\/en\/wp-json\/wp\/v2\/pages"}],"about":[{"href":"https:\/\/digitalhumanities.de\/en\/wp-json\/wp\/v2\/types\/page"}],"author":[{"embeddable":true,"href":"https:\/\/digitalhumanities.de\/en\/wp-json\/wp\/v2\/users\/1"}],"replies":[{"embeddable":true,"href":"https:\/\/digitalhumanities.de\/en\/wp-json\/wp\/v2\/comments?post=1261"}],"version-history":[{"count":161,"href":"https:\/\/digitalhumanities.de\/en\/wp-json\/wp\/v2\/pages\/1261\/revisions"}],"predecessor-version":[{"id":5232,"href":"https:\/\/digitalhumanities.de\/en\/wp-json\/wp\/v2\/pages\/1261\/revisions\/5232"}],"wp:attachment":[{"href":"https:\/\/digitalhumanities.de\/en\/wp-json\/wp\/v2\/media?parent=1261"}],"wp:term":[{"taxonomy":"category","embeddable":true,"href":"https:\/\/digitalhumanities.de\/en\/wp-json\/wp\/v2\/categories?post=1261"},{"taxonomy":"post_tag","embeddable":true,"href":"https:\/\/digitalhumanities.de\/en\/wp-json\/wp\/v2\/tags?post=1261"}],"curies":[{"name":"wp","href":"https:\/\/api.w.org\/{rel}","templated":true}]}}